{"id":392621,"date":"2025-05-18T22:08:56","date_gmt":"2025-05-18T22:08:56","guid":{"rendered":"https:\/\/staging2.stylingagenten.com\/no\/produkt\/sebastian-professional-microweb-fiber-45ml\/"},"modified":"2026-03-21T14:47:43","modified_gmt":"2026-03-21T14:47:43","slug":"sebastian-professional-microweb-fiber-45ml","status":"publish","type":"product","link":"https:\/\/stylingagenten.com\/no\/produkt\/sebastian-professional-microweb-fiber-45ml\/","title":{"rendered":"Sebastian Professional Microweb Fiber 45ml"},"content":{"rendered":"<p>Redefiner frisyren i h\u00e5r uansett tekstur eller lengde med Sebastian Professional Microweb Fiber. Denne omformende, myke teksturizeren skaper silkemyk definisjon og vever en vektl\u00f8s 3D Microweb inn i h\u00e5ret. Sebastians profesjonelle styler med silkefibre gir fleksibel h\u00e5rstruktur og taktil bevegelse til h\u00e5ret<\/p>\n","protected":false},"excerpt":{"rendered":"<p>Redefiner frisyren i h\u00e5r uansett tekstur eller lengde med Sebastian Professional Microweb Fiber. Denne omformende, myke teksturizeren skaper silkemyk definisjon og vever en vektl\u00f8s 3D Microweb inn i h\u00e5ret. Sebastians profesjonelle styler med silkefibre gir fleksibel h\u00e5rstruktur og taktil bevegelse til h\u00e5ret<\/p>\n","protected":false},"featured_media":392620,"comment_status":"open","ping_status":"closed","template":"","meta":{"_trash_the_other_posts":false},"product_brand":[],"product_cat":[611],"product_tag":[],"berocket_brand":[1194],"class_list":{"0":"post-392621","1":"product","2":"type-product","3":"status-publish","4":"has-post-thumbnail","6":"product_cat-styling-krem","7":"pa_brand-sebastian","8":"berocket_brand-sebastian","10":"first","11":"outofstock","12":"sale","13":"taxable","14":"shipping-taxable","15":"purchasable","16":"product-type-simple"},"_links":{"self":[{"href":"https:\/\/stylingagenten.com\/no\/wp-json\/wp\/v2\/product\/392621","targetHints":{"allow":["GET"]}}],"collection":[{"href":"https:\/\/stylingagenten.com\/no\/wp-json\/wp\/v2\/product"}],"about":[{"href":"https:\/\/stylingagenten.com\/no\/wp-json\/wp\/v2\/types\/product"}],"replies":[{"embeddable":true,"href":"https:\/\/stylingagenten.com\/no\/wp-json\/wp\/v2\/comments?post=392621"}],"version-history":[{"count":0,"href":"https:\/\/stylingagenten.com\/no\/wp-json\/wp\/v2\/product\/392621\/revisions"}],"wp:featuredmedia":[{"embeddable":true,"href":"https:\/\/stylingagenten.com\/no\/wp-json\/wp\/v2\/media\/392620"}],"wp:attachment":[{"href":"https:\/\/stylingagenten.com\/no\/wp-json\/wp\/v2\/media?parent=392621"}],"wp:term":[{"taxonomy":"product_brand","embeddable":true,"href":"https:\/\/stylingagenten.com\/no\/wp-json\/wp\/v2\/product_brand?post=392621"},{"taxonomy":"product_cat","embeddable":true,"href":"https:\/\/stylingagenten.com\/no\/wp-json\/wp\/v2\/product_cat?post=392621"},{"taxonomy":"product_tag","embeddable":true,"href":"https:\/\/stylingagenten.com\/no\/wp-json\/wp\/v2\/product_tag?post=392621"},{"taxonomy":"berocket_brand","embeddable":true,"href":"https:\/\/stylingagenten.com\/no\/wp-json\/wp\/v2\/berocket_brand?post=392621"}],"curies":[{"name":"wp","href":"https:\/\/api.w.org\/{rel}","templated":true}]}}