{"id":392619,"date":"2025-05-18T22:08:56","date_gmt":"2025-05-18T22:08:56","guid":{"rendered":"https:\/\/staging2.stylingagenten.com\/no\/produkt\/sebastian-professional-liquid-steel-140ml\/"},"modified":"2026-03-30T07:30:52","modified_gmt":"2026-03-30T07:30:52","slug":"sebastian-professional-liquid-steel-140ml","status":"publish","type":"product","link":"https:\/\/stylingagenten.com\/no\/produkt\/sebastian-professional-liquid-steel-140ml\/","title":{"rendered":"Sebastian Professional Liquid Steel 140ml"},"content":{"rendered":"<p>Sebastian Liquid Steel er en intens og skinnende h\u00e5rgel\u00e9 som gir deg maksimal hold og en metallisk glans.<\/p>\n<p>Masser inn i fuktig h\u00e5r for \u00e5 forme og sette frisyrer. Eller i t\u00f8rt h\u00e5r for \u00e5 ha full kontroll.<\/p>\n","protected":false},"excerpt":{"rendered":"<p>Sebastian Liquid Steel er en intens og skinnende h\u00e5rgel\u00e9 som gir deg maksimal hold og en metallisk glans. Masser inn i fuktig h\u00e5r for \u00e5 forme og sette frisyrer. Eller i t\u00f8rt h\u00e5r for \u00e5 ha full kontroll.<\/p>\n","protected":false},"featured_media":392618,"comment_status":"open","ping_status":"closed","template":"","meta":{"_trash_the_other_posts":false},"product_brand":[],"product_cat":[701],"product_tag":[],"berocket_brand":[1194],"class_list":{"0":"post-392619","1":"product","2":"type-product","3":"status-publish","4":"has-post-thumbnail","6":"product_cat-hargel","7":"pa_brand-sebastian","8":"berocket_brand-sebastian","10":"first","11":"instock","12":"sale","13":"taxable","14":"shipping-taxable","15":"purchasable","16":"product-type-simple"},"_links":{"self":[{"href":"https:\/\/stylingagenten.com\/no\/wp-json\/wp\/v2\/product\/392619","targetHints":{"allow":["GET"]}}],"collection":[{"href":"https:\/\/stylingagenten.com\/no\/wp-json\/wp\/v2\/product"}],"about":[{"href":"https:\/\/stylingagenten.com\/no\/wp-json\/wp\/v2\/types\/product"}],"replies":[{"embeddable":true,"href":"https:\/\/stylingagenten.com\/no\/wp-json\/wp\/v2\/comments?post=392619"}],"version-history":[{"count":0,"href":"https:\/\/stylingagenten.com\/no\/wp-json\/wp\/v2\/product\/392619\/revisions"}],"wp:featuredmedia":[{"embeddable":true,"href":"https:\/\/stylingagenten.com\/no\/wp-json\/wp\/v2\/media\/392618"}],"wp:attachment":[{"href":"https:\/\/stylingagenten.com\/no\/wp-json\/wp\/v2\/media?parent=392619"}],"wp:term":[{"taxonomy":"product_brand","embeddable":true,"href":"https:\/\/stylingagenten.com\/no\/wp-json\/wp\/v2\/product_brand?post=392619"},{"taxonomy":"product_cat","embeddable":true,"href":"https:\/\/stylingagenten.com\/no\/wp-json\/wp\/v2\/product_cat?post=392619"},{"taxonomy":"product_tag","embeddable":true,"href":"https:\/\/stylingagenten.com\/no\/wp-json\/wp\/v2\/product_tag?post=392619"},{"taxonomy":"berocket_brand","embeddable":true,"href":"https:\/\/stylingagenten.com\/no\/wp-json\/wp\/v2\/berocket_brand?post=392619"}],"curies":[{"name":"wp","href":"https:\/\/api.w.org\/{rel}","templated":true}]}}