{"id":392571,"date":"2025-05-18T22:08:46","date_gmt":"2025-05-18T22:08:46","guid":{"rendered":"https:\/\/staging2.stylingagenten.com\/no\/produkt\/schwarzkopf-osis-bounty-balm-150ml\/"},"modified":"2026-04-06T15:28:38","modified_gmt":"2026-04-06T15:28:38","slug":"schwarzkopf-osis-bounty-balm-150ml","status":"publish","type":"product","link":"https:\/\/stylingagenten.com\/no\/produkt\/schwarzkopf-osis-bounty-balm-150ml\/","title":{"rendered":"Schwarzkopf Osis Bounty Balm 150ml"},"content":{"rendered":"<p>Schwarzkopf Osis Bounty Balm 150ml<br \/>OSiS Bounty Balm er en rik, vegansk krem \u200b\u200bsom fremhever kr\u00f8ller og b\u00f8lger og f\u00e5r frem det naturlige overveldet. Det kan ogs\u00e5 bidra til \u00e5 roe rett, men uregjerlig h\u00e5r ved \u00e5 temme sm\u00e5 h\u00e5r og v\u00e6re unders\u00f8kende.<\/p>\n","protected":false},"excerpt":{"rendered":"<p>Schwarzkopf Osis Bounty Balm 150mlOSiS Bounty Balm er en rik, vegansk krem \u200b\u200bsom fremhever kr\u00f8ller og b\u00f8lger og f\u00e5r frem det naturlige overveldet. Det kan ogs\u00e5 bidra til \u00e5 roe rett, men uregjerlig h\u00e5r ved \u00e5 temme sm\u00e5 h\u00e5r og v\u00e6re unders\u00f8kende.<\/p>\n","protected":false},"featured_media":392570,"comment_status":"open","ping_status":"closed","template":"","meta":{"_trash_the_other_posts":false},"product_brand":[],"product_cat":[546],"product_tag":[],"berocket_brand":[1060],"class_list":{"0":"post-392571","1":"product","2":"type-product","3":"status-publish","4":"has-post-thumbnail","6":"product_cat-harstyling","7":"pa_brand-schwarzkopf","8":"berocket_brand-schwarzkopf","10":"first","11":"instock","12":"sale","13":"taxable","14":"shipping-taxable","15":"purchasable","16":"product-type-simple"},"_links":{"self":[{"href":"https:\/\/stylingagenten.com\/no\/wp-json\/wp\/v2\/product\/392571","targetHints":{"allow":["GET"]}}],"collection":[{"href":"https:\/\/stylingagenten.com\/no\/wp-json\/wp\/v2\/product"}],"about":[{"href":"https:\/\/stylingagenten.com\/no\/wp-json\/wp\/v2\/types\/product"}],"replies":[{"embeddable":true,"href":"https:\/\/stylingagenten.com\/no\/wp-json\/wp\/v2\/comments?post=392571"}],"version-history":[{"count":0,"href":"https:\/\/stylingagenten.com\/no\/wp-json\/wp\/v2\/product\/392571\/revisions"}],"wp:featuredmedia":[{"embeddable":true,"href":"https:\/\/stylingagenten.com\/no\/wp-json\/wp\/v2\/media\/392570"}],"wp:attachment":[{"href":"https:\/\/stylingagenten.com\/no\/wp-json\/wp\/v2\/media?parent=392571"}],"wp:term":[{"taxonomy":"product_brand","embeddable":true,"href":"https:\/\/stylingagenten.com\/no\/wp-json\/wp\/v2\/product_brand?post=392571"},{"taxonomy":"product_cat","embeddable":true,"href":"https:\/\/stylingagenten.com\/no\/wp-json\/wp\/v2\/product_cat?post=392571"},{"taxonomy":"product_tag","embeddable":true,"href":"https:\/\/stylingagenten.com\/no\/wp-json\/wp\/v2\/product_tag?post=392571"},{"taxonomy":"berocket_brand","embeddable":true,"href":"https:\/\/stylingagenten.com\/no\/wp-json\/wp\/v2\/berocket_brand?post=392571"}],"curies":[{"name":"wp","href":"https:\/\/api.w.org\/{rel}","templated":true}]}}