{"id":392565,"date":"2025-05-18T22:08:44","date_gmt":"2025-05-18T22:08:44","guid":{"rendered":"https:\/\/staging2.stylingagenten.com\/no\/produkt\/schwarzkopf-osis-texture-craft-300ml\/"},"modified":"2026-04-14T15:00:55","modified_gmt":"2026-04-14T15:00:55","slug":"schwarzkopf-osis-texture-craft-300ml","status":"publish","type":"product","link":"https:\/\/stylingagenten.com\/no\/produkt\/schwarzkopf-osis-texture-craft-300ml\/","title":{"rendered":"Schwarzkopf Osis Texture Craft 300ml"},"content":{"rendered":"<p>Schwarzkopf Osis Texture Craft 300 ml<br \/>Lag tekstur, subtilt hold og volum med OSiS Texture Craft, en t\u00f8rr, vegansk teksturspray \u2013 spesielt formulert for styling av langt h\u00e5r. Den gir lett hold og lar h\u00e5ret bevege seg naturlig fritt uten \u00e5 bli stivt.<\/p>\n","protected":false},"excerpt":{"rendered":"<p>Schwarzkopf Osis Texture Craft 300 mlLag tekstur, subtilt hold og volum med OSiS Texture Craft, en t\u00f8rr, vegansk teksturspray \u2013 spesielt formulert for styling av langt h\u00e5r. Den gir lett hold og lar h\u00e5ret bevege seg naturlig fritt uten \u00e5 bli stivt.<\/p>\n","protected":false},"featured_media":392556,"comment_status":"open","ping_status":"closed","template":"","meta":{"_trash_the_other_posts":false},"product_brand":[],"product_cat":[546],"product_tag":[],"berocket_brand":[1060],"class_list":{"0":"post-392565","1":"product","2":"type-product","3":"status-publish","4":"has-post-thumbnail","6":"product_cat-harstyling","7":"pa_brand-schwarzkopf","8":"berocket_brand-schwarzkopf","10":"first","11":"instock","12":"sale","13":"taxable","14":"shipping-taxable","15":"purchasable","16":"product-type-simple"},"_links":{"self":[{"href":"https:\/\/stylingagenten.com\/no\/wp-json\/wp\/v2\/product\/392565","targetHints":{"allow":["GET"]}}],"collection":[{"href":"https:\/\/stylingagenten.com\/no\/wp-json\/wp\/v2\/product"}],"about":[{"href":"https:\/\/stylingagenten.com\/no\/wp-json\/wp\/v2\/types\/product"}],"replies":[{"embeddable":true,"href":"https:\/\/stylingagenten.com\/no\/wp-json\/wp\/v2\/comments?post=392565"}],"version-history":[{"count":0,"href":"https:\/\/stylingagenten.com\/no\/wp-json\/wp\/v2\/product\/392565\/revisions"}],"wp:featuredmedia":[{"embeddable":true,"href":"https:\/\/stylingagenten.com\/no\/wp-json\/wp\/v2\/media\/392556"}],"wp:attachment":[{"href":"https:\/\/stylingagenten.com\/no\/wp-json\/wp\/v2\/media?parent=392565"}],"wp:term":[{"taxonomy":"product_brand","embeddable":true,"href":"https:\/\/stylingagenten.com\/no\/wp-json\/wp\/v2\/product_brand?post=392565"},{"taxonomy":"product_cat","embeddable":true,"href":"https:\/\/stylingagenten.com\/no\/wp-json\/wp\/v2\/product_cat?post=392565"},{"taxonomy":"product_tag","embeddable":true,"href":"https:\/\/stylingagenten.com\/no\/wp-json\/wp\/v2\/product_tag?post=392565"},{"taxonomy":"berocket_brand","embeddable":true,"href":"https:\/\/stylingagenten.com\/no\/wp-json\/wp\/v2\/berocket_brand?post=392565"}],"curies":[{"name":"wp","href":"https:\/\/api.w.org\/{rel}","templated":true}]}}