{"id":392551,"date":"2025-05-18T22:08:41","date_gmt":"2025-05-18T22:08:41","guid":{"rendered":"https:\/\/staging2.stylingagenten.com\/no\/produkt\/schwarzkopf-osis-volume-up-300ml\/"},"modified":"2026-04-08T22:28:36","modified_gmt":"2026-04-08T22:28:36","slug":"schwarzkopf-osis-volume-up-300ml","status":"publish","type":"product","link":"https:\/\/stylingagenten.com\/no\/produkt\/schwarzkopf-osis-volume-up-300ml\/","title":{"rendered":"Schwarzkopf Osis Volume Up\u00a0300ml"},"content":{"rendered":"<p>Schwarzkopf Osis Volume Up 300ml<br \/>OSiS Volume Up er spesielt formulert for langt h\u00e5r som mangler fylde, denne<br \/>veganske sprayen \u00f8ker umiddelbart h\u00e5rets<br \/>tekstur med imponerende volum og l\u00f8ft, samtidig som den<br \/>forhindrer statisk h\u00e5r.<\/p>\n","protected":false},"excerpt":{"rendered":"<p>Schwarzkopf Osis Volume Up 300mlOSiS Volume Up er spesielt formulert for langt h\u00e5r som mangler fylde, denneveganske sprayen \u00f8ker umiddelbart h\u00e5retstekstur med imponerende volum og l\u00f8ft, samtidig som denforhindrer statisk h\u00e5r.<\/p>\n","protected":false},"featured_media":392550,"comment_status":"open","ping_status":"closed","template":"","meta":{"_trash_the_other_posts":false},"product_brand":[],"product_cat":[1003,576],"product_tag":[],"berocket_brand":[1060],"class_list":{"0":"post-392551","1":"product","2":"type-product","3":"status-publish","4":"has-post-thumbnail","6":"product_cat-bestselgere","7":"product_cat-harspray","8":"pa_brand-schwarzkopf","9":"berocket_brand-schwarzkopf","11":"first","12":"instock","13":"sale","14":"taxable","15":"shipping-taxable","16":"purchasable","17":"product-type-simple"},"_links":{"self":[{"href":"https:\/\/stylingagenten.com\/no\/wp-json\/wp\/v2\/product\/392551","targetHints":{"allow":["GET"]}}],"collection":[{"href":"https:\/\/stylingagenten.com\/no\/wp-json\/wp\/v2\/product"}],"about":[{"href":"https:\/\/stylingagenten.com\/no\/wp-json\/wp\/v2\/types\/product"}],"replies":[{"embeddable":true,"href":"https:\/\/stylingagenten.com\/no\/wp-json\/wp\/v2\/comments?post=392551"}],"version-history":[{"count":0,"href":"https:\/\/stylingagenten.com\/no\/wp-json\/wp\/v2\/product\/392551\/revisions"}],"wp:featuredmedia":[{"embeddable":true,"href":"https:\/\/stylingagenten.com\/no\/wp-json\/wp\/v2\/media\/392550"}],"wp:attachment":[{"href":"https:\/\/stylingagenten.com\/no\/wp-json\/wp\/v2\/media?parent=392551"}],"wp:term":[{"taxonomy":"product_brand","embeddable":true,"href":"https:\/\/stylingagenten.com\/no\/wp-json\/wp\/v2\/product_brand?post=392551"},{"taxonomy":"product_cat","embeddable":true,"href":"https:\/\/stylingagenten.com\/no\/wp-json\/wp\/v2\/product_cat?post=392551"},{"taxonomy":"product_tag","embeddable":true,"href":"https:\/\/stylingagenten.com\/no\/wp-json\/wp\/v2\/product_tag?post=392551"},{"taxonomy":"berocket_brand","embeddable":true,"href":"https:\/\/stylingagenten.com\/no\/wp-json\/wp\/v2\/berocket_brand?post=392551"}],"curies":[{"name":"wp","href":"https:\/\/api.w.org\/{rel}","templated":true}]}}