{"id":392545,"date":"2025-05-18T22:08:40","date_gmt":"2025-05-18T22:08:40","guid":{"rendered":"https:\/\/staging2.stylingagenten.com\/no\/produkt\/schwarzkopf-osis-velvet-200ml\/"},"modified":"2026-03-19T14:07:39","modified_gmt":"2026-03-19T14:07:39","slug":"schwarzkopf-osis-velvet-200ml","status":"publish","type":"product","link":"https:\/\/stylingagenten.com\/no\/produkt\/schwarzkopf-osis-velvet-200ml\/","title":{"rendered":"Schwarzkopf Osis Velvet 200ml"},"content":{"rendered":"<p>Schwarzkopf Osis Velvet 200ml<br \/>OSiS Velvet er en vegansk spray med vokseffekt som gj\u00f8r h\u00e5ret fl\u00f8yelsmykt. Bruk i t\u00f8rt h\u00e5r for omformbar tekstur og glans, eller p\u00e5 h\u00e5ndklet\u00f8rt h\u00e5r for et mer velstelt utseende.<\/p>\n","protected":false},"excerpt":{"rendered":"<p>Schwarzkopf Osis Velvet 200mlOSiS Velvet er en vegansk spray med vokseffekt som gj\u00f8r h\u00e5ret fl\u00f8yelsmykt. Bruk i t\u00f8rt h\u00e5r for omformbar tekstur og glans, eller p\u00e5 h\u00e5ndklet\u00f8rt h\u00e5r for et mer velstelt utseende.<\/p>\n","protected":false},"featured_media":392544,"comment_status":"open","ping_status":"closed","template":"","meta":{"_trash_the_other_posts":false},"product_brand":[],"product_cat":[576],"product_tag":[],"berocket_brand":[1060],"class_list":{"0":"post-392545","1":"product","2":"type-product","3":"status-publish","4":"has-post-thumbnail","6":"product_cat-harspray","7":"pa_brand-schwarzkopf","8":"berocket_brand-schwarzkopf","10":"first","11":"instock","12":"sale","13":"taxable","14":"shipping-taxable","15":"purchasable","16":"product-type-simple"},"_links":{"self":[{"href":"https:\/\/stylingagenten.com\/no\/wp-json\/wp\/v2\/product\/392545","targetHints":{"allow":["GET"]}}],"collection":[{"href":"https:\/\/stylingagenten.com\/no\/wp-json\/wp\/v2\/product"}],"about":[{"href":"https:\/\/stylingagenten.com\/no\/wp-json\/wp\/v2\/types\/product"}],"replies":[{"embeddable":true,"href":"https:\/\/stylingagenten.com\/no\/wp-json\/wp\/v2\/comments?post=392545"}],"version-history":[{"count":0,"href":"https:\/\/stylingagenten.com\/no\/wp-json\/wp\/v2\/product\/392545\/revisions"}],"wp:featuredmedia":[{"embeddable":true,"href":"https:\/\/stylingagenten.com\/no\/wp-json\/wp\/v2\/media\/392544"}],"wp:attachment":[{"href":"https:\/\/stylingagenten.com\/no\/wp-json\/wp\/v2\/media?parent=392545"}],"wp:term":[{"taxonomy":"product_brand","embeddable":true,"href":"https:\/\/stylingagenten.com\/no\/wp-json\/wp\/v2\/product_brand?post=392545"},{"taxonomy":"product_cat","embeddable":true,"href":"https:\/\/stylingagenten.com\/no\/wp-json\/wp\/v2\/product_cat?post=392545"},{"taxonomy":"product_tag","embeddable":true,"href":"https:\/\/stylingagenten.com\/no\/wp-json\/wp\/v2\/product_tag?post=392545"},{"taxonomy":"berocket_brand","embeddable":true,"href":"https:\/\/stylingagenten.com\/no\/wp-json\/wp\/v2\/berocket_brand?post=392545"}],"curies":[{"name":"wp","href":"https:\/\/api.w.org\/{rel}","templated":true}]}}