{"id":392503,"date":"2025-05-18T22:08:30","date_gmt":"2025-05-18T22:08:30","guid":{"rendered":"https:\/\/staging2.stylingagenten.com\/no\/produkt\/wella-eimi-just-brilliant-shine-pomade-75ml\/"},"modified":"2026-04-14T07:18:34","modified_gmt":"2026-04-14T07:18:34","slug":"wella-eimi-just-brilliant-shine-pomade-75ml","status":"publish","type":"product","link":"https:\/\/stylingagenten.com\/no\/produkt\/wella-eimi-just-brilliant-shine-pomade-75ml\/","title":{"rendered":"Wella EIMI Just Brilliant Shine Pomade 75ml"},"content":{"rendered":"<p>Wella EIMI Just Brilliant Shine Pomade 75ml er det ultimate stylingproduktet for \u00e5 gi h\u00e5ret ditt en blank og polert finish. Denne pomade gir en myk og smidig tekstur som gj\u00f8r det enkelt \u00e5 forme og style h\u00e5ret akkurat slik du vil ha det. Med sine unike egenskaper kan du lage en rekke frisyrer, fra klassisk til moderne, samtidig som du gir en langvarig glans som varer hele dagen.<\/p>\n","protected":false},"excerpt":{"rendered":"<p>Wella EIMI Just Brilliant Shine Pomade 75ml er det ultimate stylingproduktet for \u00e5 gi h\u00e5ret ditt en blank og polert finish. Denne pomade gir en myk og smidig tekstur som gj\u00f8r det enkelt \u00e5 forme og style h\u00e5ret akkurat slik du vil ha det. Med sine unike egenskaper kan du lage en rekke frisyrer, fra [&hellip;]<\/p>\n","protected":false},"featured_media":392496,"comment_status":"open","ping_status":"closed","template":"","meta":{"_trash_the_other_posts":false},"product_brand":[],"product_cat":[703],"product_tag":[],"berocket_brand":[1030],"class_list":{"0":"post-392503","1":"product","2":"type-product","3":"status-publish","4":"has-post-thumbnail","6":"product_cat-pomade","7":"pa_brand-wella","8":"berocket_brand-wella","10":"first","11":"instock","12":"sale","13":"taxable","14":"shipping-taxable","15":"purchasable","16":"product-type-simple"},"_links":{"self":[{"href":"https:\/\/stylingagenten.com\/no\/wp-json\/wp\/v2\/product\/392503","targetHints":{"allow":["GET"]}}],"collection":[{"href":"https:\/\/stylingagenten.com\/no\/wp-json\/wp\/v2\/product"}],"about":[{"href":"https:\/\/stylingagenten.com\/no\/wp-json\/wp\/v2\/types\/product"}],"replies":[{"embeddable":true,"href":"https:\/\/stylingagenten.com\/no\/wp-json\/wp\/v2\/comments?post=392503"}],"version-history":[{"count":0,"href":"https:\/\/stylingagenten.com\/no\/wp-json\/wp\/v2\/product\/392503\/revisions"}],"wp:featuredmedia":[{"embeddable":true,"href":"https:\/\/stylingagenten.com\/no\/wp-json\/wp\/v2\/media\/392496"}],"wp:attachment":[{"href":"https:\/\/stylingagenten.com\/no\/wp-json\/wp\/v2\/media?parent=392503"}],"wp:term":[{"taxonomy":"product_brand","embeddable":true,"href":"https:\/\/stylingagenten.com\/no\/wp-json\/wp\/v2\/product_brand?post=392503"},{"taxonomy":"product_cat","embeddable":true,"href":"https:\/\/stylingagenten.com\/no\/wp-json\/wp\/v2\/product_cat?post=392503"},{"taxonomy":"product_tag","embeddable":true,"href":"https:\/\/stylingagenten.com\/no\/wp-json\/wp\/v2\/product_tag?post=392503"},{"taxonomy":"berocket_brand","embeddable":true,"href":"https:\/\/stylingagenten.com\/no\/wp-json\/wp\/v2\/berocket_brand?post=392503"}],"curies":[{"name":"wp","href":"https:\/\/api.w.org\/{rel}","templated":true}]}}