{"id":392501,"date":"2025-05-18T22:08:30","date_gmt":"2025-05-18T22:08:30","guid":{"rendered":"https:\/\/staging2.stylingagenten.com\/no\/produkt\/joico-joifull-volumizing-styler-100ml\/"},"modified":"2026-04-13T06:37:46","modified_gmt":"2026-04-13T06:37:46","slug":"joico-joifull-volumizing-styler-100ml","status":"publish","type":"product","link":"https:\/\/stylingagenten.com\/no\/produkt\/joico-joifull-volumizing-styler-100ml\/","title":{"rendered":"Joico JoiFull Volumizing Styler 100ml"},"content":{"rendered":"<p>Joico JoiFull Volumizing Styler &#8211; dr\u00f8mmen om st\u00f8rre og fyldigere h\u00e5r har g\u00e5tt i oppfyllelse. Her er helteproduktet som skaper et str\u00e5lende volum og gir h\u00e5ret \u00f8kt fylde og stuss.<br \/>Klebrige og knasende produktrester fra volumprodukter er n\u00e5 en saga blott.<\/p>\n<p>Opplev et silkemykt og luftig resultat mens h\u00e5ret kan formes p\u00e5 samme m\u00e5te som egenskapene til en stylinggel.<br \/>Forvandler alle fine h\u00e5rstr\u00e5 umiddelbart til luksuri\u00f8st fyldig h\u00e5r med et naturlig utseende.<\/p>\n<p>100ml<\/p>\n","protected":false},"excerpt":{"rendered":"<p>Joico JoiFull Volumizing Styler &#8211; dr\u00f8mmen om st\u00f8rre og fyldigere h\u00e5r har g\u00e5tt i oppfyllelse. Her er helteproduktet som skaper et str\u00e5lende volum og gir h\u00e5ret \u00f8kt fylde og stuss.Klebrige og knasende produktrester fra volumprodukter er n\u00e5 en saga blott. Opplev et silkemykt og luftig resultat mens h\u00e5ret kan formes p\u00e5 samme m\u00e5te som egenskapene [&hellip;]<\/p>\n","protected":false},"featured_media":392499,"comment_status":"open","ping_status":"closed","template":"","meta":{"_trash_the_other_posts":false},"product_brand":[],"product_cat":[1003,546],"product_tag":[],"berocket_brand":[1372],"class_list":{"0":"post-392501","1":"product","2":"type-product","3":"status-publish","4":"has-post-thumbnail","6":"product_cat-bestselgere","7":"product_cat-harstyling","8":"pa_brand-joico","9":"berocket_brand-joico","11":"first","12":"instock","13":"sale","14":"taxable","15":"shipping-taxable","16":"purchasable","17":"product-type-simple"},"_links":{"self":[{"href":"https:\/\/stylingagenten.com\/no\/wp-json\/wp\/v2\/product\/392501","targetHints":{"allow":["GET"]}}],"collection":[{"href":"https:\/\/stylingagenten.com\/no\/wp-json\/wp\/v2\/product"}],"about":[{"href":"https:\/\/stylingagenten.com\/no\/wp-json\/wp\/v2\/types\/product"}],"replies":[{"embeddable":true,"href":"https:\/\/stylingagenten.com\/no\/wp-json\/wp\/v2\/comments?post=392501"}],"version-history":[{"count":0,"href":"https:\/\/stylingagenten.com\/no\/wp-json\/wp\/v2\/product\/392501\/revisions"}],"wp:featuredmedia":[{"embeddable":true,"href":"https:\/\/stylingagenten.com\/no\/wp-json\/wp\/v2\/media\/392499"}],"wp:attachment":[{"href":"https:\/\/stylingagenten.com\/no\/wp-json\/wp\/v2\/media?parent=392501"}],"wp:term":[{"taxonomy":"product_brand","embeddable":true,"href":"https:\/\/stylingagenten.com\/no\/wp-json\/wp\/v2\/product_brand?post=392501"},{"taxonomy":"product_cat","embeddable":true,"href":"https:\/\/stylingagenten.com\/no\/wp-json\/wp\/v2\/product_cat?post=392501"},{"taxonomy":"product_tag","embeddable":true,"href":"https:\/\/stylingagenten.com\/no\/wp-json\/wp\/v2\/product_tag?post=392501"},{"taxonomy":"berocket_brand","embeddable":true,"href":"https:\/\/stylingagenten.com\/no\/wp-json\/wp\/v2\/berocket_brand?post=392501"}],"curies":[{"name":"wp","href":"https:\/\/api.w.org\/{rel}","templated":true}]}}