{"id":392439,"date":"2025-05-18T22:08:18","date_gmt":"2025-05-18T22:08:18","guid":{"rendered":"https:\/\/staging2.stylingagenten.com\/no\/produkt\/living-proof-style-lab-amp2-instant-texture-volumizer-57g\/"},"modified":"2026-04-08T15:29:12","modified_gmt":"2026-04-08T15:29:12","slug":"living-proof-style-lab-amp2-instant-texture-volumizer-57g","status":"publish","type":"product","link":"https:\/\/stylingagenten.com\/no\/produkt\/living-proof-style-lab-amp2-instant-texture-volumizer-57g\/","title":{"rendered":"Living Proof Style Lab Amp2 Instant Texture Volumizer 57g"},"content":{"rendered":"<p>Living Proof Style Lab Amp2 Instant Texture Volumizer er en stylingkrem som skaper forsterket volum, tekstur og fleksibelt grep p\u00e5 t\u00f8rt h\u00e5r.<\/p>\n<p>Fordeler:<br \/>\n<br \/>\u2022Gir \u00f8yeblikkelig volum og tekstur p\u00e5 t\u00f8rt h\u00e5r<br \/>\n<br \/>\u2022Fleksibel<\/p>\n<p>57g<\/p>\n","protected":false},"excerpt":{"rendered":"<p>Living Proof Style Lab Amp2 Instant Texture Volumizer er en stylingkrem som skaper forsterket volum, tekstur og fleksibelt grep p\u00e5 t\u00f8rt h\u00e5r. Fordeler: \u2022Gir \u00f8yeblikkelig volum og tekstur p\u00e5 t\u00f8rt h\u00e5r \u2022Fleksibel 57g<\/p>\n","protected":false},"featured_media":392433,"comment_status":"open","ping_status":"closed","template":"","meta":{"_trash_the_other_posts":false},"product_brand":[],"product_cat":[546],"product_tag":[],"berocket_brand":[1392],"class_list":{"0":"post-392439","1":"product","2":"type-product","3":"status-publish","4":"has-post-thumbnail","6":"product_cat-harstyling","7":"pa_brand-living-proof","8":"berocket_brand-living-proof","10":"first","11":"instock","12":"sale","13":"taxable","14":"shipping-taxable","15":"purchasable","16":"product-type-simple"},"_links":{"self":[{"href":"https:\/\/stylingagenten.com\/no\/wp-json\/wp\/v2\/product\/392439","targetHints":{"allow":["GET"]}}],"collection":[{"href":"https:\/\/stylingagenten.com\/no\/wp-json\/wp\/v2\/product"}],"about":[{"href":"https:\/\/stylingagenten.com\/no\/wp-json\/wp\/v2\/types\/product"}],"replies":[{"embeddable":true,"href":"https:\/\/stylingagenten.com\/no\/wp-json\/wp\/v2\/comments?post=392439"}],"version-history":[{"count":0,"href":"https:\/\/stylingagenten.com\/no\/wp-json\/wp\/v2\/product\/392439\/revisions"}],"wp:featuredmedia":[{"embeddable":true,"href":"https:\/\/stylingagenten.com\/no\/wp-json\/wp\/v2\/media\/392433"}],"wp:attachment":[{"href":"https:\/\/stylingagenten.com\/no\/wp-json\/wp\/v2\/media?parent=392439"}],"wp:term":[{"taxonomy":"product_brand","embeddable":true,"href":"https:\/\/stylingagenten.com\/no\/wp-json\/wp\/v2\/product_brand?post=392439"},{"taxonomy":"product_cat","embeddable":true,"href":"https:\/\/stylingagenten.com\/no\/wp-json\/wp\/v2\/product_cat?post=392439"},{"taxonomy":"product_tag","embeddable":true,"href":"https:\/\/stylingagenten.com\/no\/wp-json\/wp\/v2\/product_tag?post=392439"},{"taxonomy":"berocket_brand","embeddable":true,"href":"https:\/\/stylingagenten.com\/no\/wp-json\/wp\/v2\/berocket_brand?post=392439"}],"curies":[{"name":"wp","href":"https:\/\/api.w.org\/{rel}","templated":true}]}}