{"id":392431,"date":"2025-05-18T22:08:17","date_gmt":"2025-05-18T22:08:17","guid":{"rendered":"https:\/\/staging2.stylingagenten.com\/no\/produkt\/bjork-tamja-flyaway-tamer-20ml\/"},"modified":"2026-04-12T13:58:31","modified_gmt":"2026-04-12T13:58:31","slug":"bjork-tamja-flyaway-tamer-20ml","status":"publish","type":"product","link":"https:\/\/stylingagenten.com\/no\/produkt\/bjork-tamja-flyaway-tamer-20ml\/","title":{"rendered":"Bj\u00f6rk T\u00c4MJA Flyaway Tamer 20ml"},"content":{"rendered":"<p>Bj\u00f6rk T\u00c4MJA Flyaway Tamer er en finish-stick som hjelper deg med \u00e5 f\u00e5 kontroll over flyveh\u00e5r, samtidig som h\u00e5ret f\u00e5r n\u00e6ring og styrke. Helt uten \u00e5 bli stiv eller klissete. Med en unik formel av kokosolje, sheasm\u00f8r og aminosyrer som gir n\u00e6ring, fuktighet og glans.<\/p>\n<p>Duft: Frisk og fruktig duft med hint av vannmelon.<\/p>\n<p>20 ml<\/p>\n","protected":false},"excerpt":{"rendered":"<p>Bj\u00f6rk T\u00c4MJA Flyaway Tamer er en finish-stick som hjelper deg med \u00e5 f\u00e5 kontroll over flyveh\u00e5r, samtidig som h\u00e5ret f\u00e5r n\u00e6ring og styrke. Helt uten \u00e5 bli stiv eller klissete. Med en unik formel av kokosolje, sheasm\u00f8r og aminosyrer som gir n\u00e6ring, fuktighet og glans. Duft: Frisk og fruktig duft med hint av vannmelon. 20 [&hellip;]<\/p>\n","protected":false},"featured_media":392428,"comment_status":"open","ping_status":"closed","template":"","meta":{"_trash_the_other_posts":false},"product_brand":[],"product_cat":[546],"product_tag":[],"berocket_brand":[1418],"class_list":{"0":"post-392431","1":"product","2":"type-product","3":"status-publish","4":"has-post-thumbnail","6":"product_cat-harstyling","7":"pa_brand-bjork","8":"berocket_brand-bjork","10":"first","11":"instock","12":"sale","13":"taxable","14":"shipping-taxable","15":"purchasable","16":"product-type-simple"},"_links":{"self":[{"href":"https:\/\/stylingagenten.com\/no\/wp-json\/wp\/v2\/product\/392431","targetHints":{"allow":["GET"]}}],"collection":[{"href":"https:\/\/stylingagenten.com\/no\/wp-json\/wp\/v2\/product"}],"about":[{"href":"https:\/\/stylingagenten.com\/no\/wp-json\/wp\/v2\/types\/product"}],"replies":[{"embeddable":true,"href":"https:\/\/stylingagenten.com\/no\/wp-json\/wp\/v2\/comments?post=392431"}],"version-history":[{"count":0,"href":"https:\/\/stylingagenten.com\/no\/wp-json\/wp\/v2\/product\/392431\/revisions"}],"wp:featuredmedia":[{"embeddable":true,"href":"https:\/\/stylingagenten.com\/no\/wp-json\/wp\/v2\/media\/392428"}],"wp:attachment":[{"href":"https:\/\/stylingagenten.com\/no\/wp-json\/wp\/v2\/media?parent=392431"}],"wp:term":[{"taxonomy":"product_brand","embeddable":true,"href":"https:\/\/stylingagenten.com\/no\/wp-json\/wp\/v2\/product_brand?post=392431"},{"taxonomy":"product_cat","embeddable":true,"href":"https:\/\/stylingagenten.com\/no\/wp-json\/wp\/v2\/product_cat?post=392431"},{"taxonomy":"product_tag","embeddable":true,"href":"https:\/\/stylingagenten.com\/no\/wp-json\/wp\/v2\/product_tag?post=392431"},{"taxonomy":"berocket_brand","embeddable":true,"href":"https:\/\/stylingagenten.com\/no\/wp-json\/wp\/v2\/berocket_brand?post=392431"}],"curies":[{"name":"wp","href":"https:\/\/api.w.org\/{rel}","templated":true}]}}