{"id":392389,"date":"2025-05-18T22:08:08","date_gmt":"2025-05-18T22:08:08","guid":{"rendered":"https:\/\/staging2.stylingagenten.com\/no\/produkt\/milk_shake-lifestyling-liquid-styler-250ml\/"},"modified":"2026-03-11T21:53:30","modified_gmt":"2026-03-11T21:53:30","slug":"milk_shake-lifestyling-liquid-styler-250ml","status":"publish","type":"product","link":"https:\/\/stylingagenten.com\/no\/produkt\/milk_shake-lifestyling-liquid-styler-250ml\/","title":{"rendered":"Milk_Shake Lifestyling Liquid Styler 250ml"},"content":{"rendered":"<p>Milk_Shake Lifestyling Liquid Styler er en allsidig stylingv\u00e6ske, ideell for \u00e5 skape definisjon og myk, fleksibel hold med minneeffekt. Passer for alle frisyrer, for \u00e5 la h\u00e5ret t\u00f8rke naturlig, og for alle h\u00e5rtyper. Etterlater h\u00e5ret fyldig, mykt og skinnende.<\/p>\n<p>250ml<\/p>\n","protected":false},"excerpt":{"rendered":"<p>Milk_Shake Lifestyling Liquid Styler er en allsidig stylingv\u00e6ske, ideell for \u00e5 skape definisjon og myk, fleksibel hold med minneeffekt. Passer for alle frisyrer, for \u00e5 la h\u00e5ret t\u00f8rke naturlig, og for alle h\u00e5rtyper. Etterlater h\u00e5ret fyldig, mykt og skinnende. 250ml<\/p>\n","protected":false},"featured_media":392388,"comment_status":"open","ping_status":"closed","template":"","meta":{"_trash_the_other_posts":false},"product_brand":[],"product_cat":[546],"product_tag":[],"berocket_brand":[1085],"class_list":{"0":"post-392389","1":"product","2":"type-product","3":"status-publish","4":"has-post-thumbnail","6":"product_cat-harstyling","7":"pa_brand-milk_shake","8":"berocket_brand-milk_shake","10":"first","11":"instock","12":"sale","13":"taxable","14":"shipping-taxable","15":"purchasable","16":"product-type-simple"},"_links":{"self":[{"href":"https:\/\/stylingagenten.com\/no\/wp-json\/wp\/v2\/product\/392389","targetHints":{"allow":["GET"]}}],"collection":[{"href":"https:\/\/stylingagenten.com\/no\/wp-json\/wp\/v2\/product"}],"about":[{"href":"https:\/\/stylingagenten.com\/no\/wp-json\/wp\/v2\/types\/product"}],"replies":[{"embeddable":true,"href":"https:\/\/stylingagenten.com\/no\/wp-json\/wp\/v2\/comments?post=392389"}],"version-history":[{"count":0,"href":"https:\/\/stylingagenten.com\/no\/wp-json\/wp\/v2\/product\/392389\/revisions"}],"wp:featuredmedia":[{"embeddable":true,"href":"https:\/\/stylingagenten.com\/no\/wp-json\/wp\/v2\/media\/392388"}],"wp:attachment":[{"href":"https:\/\/stylingagenten.com\/no\/wp-json\/wp\/v2\/media?parent=392389"}],"wp:term":[{"taxonomy":"product_brand","embeddable":true,"href":"https:\/\/stylingagenten.com\/no\/wp-json\/wp\/v2\/product_brand?post=392389"},{"taxonomy":"product_cat","embeddable":true,"href":"https:\/\/stylingagenten.com\/no\/wp-json\/wp\/v2\/product_cat?post=392389"},{"taxonomy":"product_tag","embeddable":true,"href":"https:\/\/stylingagenten.com\/no\/wp-json\/wp\/v2\/product_tag?post=392389"},{"taxonomy":"berocket_brand","embeddable":true,"href":"https:\/\/stylingagenten.com\/no\/wp-json\/wp\/v2\/berocket_brand?post=392389"}],"curies":[{"name":"wp","href":"https:\/\/api.w.org\/{rel}","templated":true}]}}