{"id":392381,"date":"2025-05-18T22:08:06","date_gmt":"2025-05-18T22:08:06","guid":{"rendered":"https:\/\/staging2.stylingagenten.com\/no\/produkt\/goldwell-stylesign-curls-bundling-gel-150ml\/"},"modified":"2026-04-01T14:01:43","modified_gmt":"2026-04-01T14:01:43","slug":"goldwell-stylesign-curls-bundling-gel-150ml","status":"publish","type":"product","link":"https:\/\/stylingagenten.com\/no\/produkt\/goldwell-stylesign-curls-bundling-gel-150ml\/","title":{"rendered":"Goldwell StyleSign Curls Bundling Gel 150ml"},"content":{"rendered":"<p>Goldwell StyleSign Bundling Gel definerer, fukter og gir kr\u00f8llene spenst umiddelbart og i opptil 72 timer. Motvirker frizz og temmer kr\u00f8llene uten at h\u00e5ret blir stivt. Vegansk, CO2-kompensert og dermatologisk testet. Hold 3\/5, Glans 2\/3.<\/p>\n<p>Perfekt for fint til middels tykt h\u00e5r.<\/p>\n<p>150ml<\/p>\n","protected":false},"excerpt":{"rendered":"<p>Goldwell StyleSign Bundling Gel definerer, fukter og gir kr\u00f8llene spenst umiddelbart og i opptil 72 timer. Motvirker frizz og temmer kr\u00f8llene uten at h\u00e5ret blir stivt. Vegansk, CO2-kompensert og dermatologisk testet. Hold 3\/5, Glans 2\/3. Perfekt for fint til middels tykt h\u00e5r. 150ml<\/p>\n","protected":false},"featured_media":392378,"comment_status":"open","ping_status":"closed","template":"","meta":{"_trash_the_other_posts":false},"product_brand":[],"product_cat":[546],"product_tag":[],"berocket_brand":[1328],"class_list":{"0":"post-392381","1":"product","2":"type-product","3":"status-publish","4":"has-post-thumbnail","6":"product_cat-harstyling","7":"pa_brand-goldwell","8":"berocket_brand-goldwell","10":"first","11":"instock","12":"sale","13":"taxable","14":"shipping-taxable","15":"purchasable","16":"product-type-simple"},"_links":{"self":[{"href":"https:\/\/stylingagenten.com\/no\/wp-json\/wp\/v2\/product\/392381","targetHints":{"allow":["GET"]}}],"collection":[{"href":"https:\/\/stylingagenten.com\/no\/wp-json\/wp\/v2\/product"}],"about":[{"href":"https:\/\/stylingagenten.com\/no\/wp-json\/wp\/v2\/types\/product"}],"replies":[{"embeddable":true,"href":"https:\/\/stylingagenten.com\/no\/wp-json\/wp\/v2\/comments?post=392381"}],"version-history":[{"count":0,"href":"https:\/\/stylingagenten.com\/no\/wp-json\/wp\/v2\/product\/392381\/revisions"}],"wp:featuredmedia":[{"embeddable":true,"href":"https:\/\/stylingagenten.com\/no\/wp-json\/wp\/v2\/media\/392378"}],"wp:attachment":[{"href":"https:\/\/stylingagenten.com\/no\/wp-json\/wp\/v2\/media?parent=392381"}],"wp:term":[{"taxonomy":"product_brand","embeddable":true,"href":"https:\/\/stylingagenten.com\/no\/wp-json\/wp\/v2\/product_brand?post=392381"},{"taxonomy":"product_cat","embeddable":true,"href":"https:\/\/stylingagenten.com\/no\/wp-json\/wp\/v2\/product_cat?post=392381"},{"taxonomy":"product_tag","embeddable":true,"href":"https:\/\/stylingagenten.com\/no\/wp-json\/wp\/v2\/product_tag?post=392381"},{"taxonomy":"berocket_brand","embeddable":true,"href":"https:\/\/stylingagenten.com\/no\/wp-json\/wp\/v2\/berocket_brand?post=392381"}],"curies":[{"name":"wp","href":"https:\/\/api.w.org\/{rel}","templated":true}]}}