{"id":392377,"date":"2025-05-18T22:08:05","date_gmt":"2025-05-18T22:08:05","guid":{"rendered":"https:\/\/staging2.stylingagenten.com\/no\/produkt\/wella-invigo-nutri-enrich-frizz-control-cream-150ml\/"},"modified":"2026-04-14T17:58:50","modified_gmt":"2026-04-14T17:58:50","slug":"wella-invigo-nutri-enrich-frizz-control-cream-150ml","status":"publish","type":"product","link":"https:\/\/stylingagenten.com\/no\/produkt\/wella-invigo-nutri-enrich-frizz-control-cream-150ml\/","title":{"rendered":"Wella Invigo Nutri Enrich Frizz Control Cream 150ml"},"content":{"rendered":"<p>Wella Invigo Nutri Enrich Frizz Control Cream er en profesjonell dypvirkende krem for t\u00f8rt og skadet h\u00e5r. Denne leave-in-behandlingen hjelper umiddelbart med \u00e5 motvirke frizz ved \u00e5 temme ustyrlig h\u00e5r samtidig som den gj\u00f8r h\u00e5ret mykt og glansfullt. Formelen inneholder Nutri-Enrich-Blend\u2122, beriket med oljesyre og panthenol som gir h\u00e5ret fuktighet og n\u00e6ring. Nutri Enrich Cream er ogs\u00e5 fullpakket med Goji Berry, en ingrediens kjent for \u00e5 v\u00e6re ekstremt rik p\u00e5 vitaminer, mineraler og peptider. Din rutine for umiddelbar n\u00e6ring til t\u00f8rt eller stresset h\u00e5r.<\/p>\n<p>150 ml<\/p>\n","protected":false},"excerpt":{"rendered":"<p>Wella Invigo Nutri Enrich Frizz Control Cream er en profesjonell dypvirkende krem for t\u00f8rt og skadet h\u00e5r. Denne leave-in-behandlingen hjelper umiddelbart med \u00e5 motvirke frizz ved \u00e5 temme ustyrlig h\u00e5r samtidig som den gj\u00f8r h\u00e5ret mykt og glansfullt. Formelen inneholder Nutri-Enrich-Blend\u2122, beriket med oljesyre og panthenol som gir h\u00e5ret fuktighet og n\u00e6ring. Nutri Enrich Cream [&hellip;]<\/p>\n","protected":false},"featured_media":392368,"comment_status":"open","ping_status":"closed","template":"","meta":{"_trash_the_other_posts":false},"product_brand":[],"product_cat":[546],"product_tag":[],"berocket_brand":[1030],"class_list":{"0":"post-392377","1":"product","2":"type-product","3":"status-publish","4":"has-post-thumbnail","6":"product_cat-harstyling","7":"pa_brand-wella","8":"berocket_brand-wella","10":"first","11":"instock","12":"sale","13":"taxable","14":"shipping-taxable","15":"purchasable","16":"product-type-simple"},"_links":{"self":[{"href":"https:\/\/stylingagenten.com\/no\/wp-json\/wp\/v2\/product\/392377","targetHints":{"allow":["GET"]}}],"collection":[{"href":"https:\/\/stylingagenten.com\/no\/wp-json\/wp\/v2\/product"}],"about":[{"href":"https:\/\/stylingagenten.com\/no\/wp-json\/wp\/v2\/types\/product"}],"replies":[{"embeddable":true,"href":"https:\/\/stylingagenten.com\/no\/wp-json\/wp\/v2\/comments?post=392377"}],"version-history":[{"count":0,"href":"https:\/\/stylingagenten.com\/no\/wp-json\/wp\/v2\/product\/392377\/revisions"}],"wp:featuredmedia":[{"embeddable":true,"href":"https:\/\/stylingagenten.com\/no\/wp-json\/wp\/v2\/media\/392368"}],"wp:attachment":[{"href":"https:\/\/stylingagenten.com\/no\/wp-json\/wp\/v2\/media?parent=392377"}],"wp:term":[{"taxonomy":"product_brand","embeddable":true,"href":"https:\/\/stylingagenten.com\/no\/wp-json\/wp\/v2\/product_brand?post=392377"},{"taxonomy":"product_cat","embeddable":true,"href":"https:\/\/stylingagenten.com\/no\/wp-json\/wp\/v2\/product_cat?post=392377"},{"taxonomy":"product_tag","embeddable":true,"href":"https:\/\/stylingagenten.com\/no\/wp-json\/wp\/v2\/product_tag?post=392377"},{"taxonomy":"berocket_brand","embeddable":true,"href":"https:\/\/stylingagenten.com\/no\/wp-json\/wp\/v2\/berocket_brand?post=392377"}],"curies":[{"name":"wp","href":"https:\/\/api.w.org\/{rel}","templated":true}]}}