{"id":392374,"date":"2025-05-18T22:08:04","date_gmt":"2025-05-18T22:08:04","guid":{"rendered":"https:\/\/staging2.stylingagenten.com\/no\/produkt\/ida-warg-frizz-fighter-20ml\/"},"modified":"2026-03-11T21:49:09","modified_gmt":"2026-03-11T21:49:09","slug":"ida-warg-frizz-fighter-20ml","status":"publish","type":"product","link":"https:\/\/stylingagenten.com\/no\/produkt\/ida-warg-frizz-fighter-20ml\/","title":{"rendered":"Ida Warg Frizz Fighter 20ml"},"content":{"rendered":"<p>Ida Warg Frizz Fighter er et konsentrert h\u00e5rserum som effektivt tar kontroll over frizz og flygende h\u00e5rstr\u00e5. Serumet er beriket med fuktighetsgivende mandelolje, sheasm\u00f8r og aminosyrer som etterlater h\u00e5ret glansfullt, samtidig som det tilf\u00f8rer fukt og n\u00e6ring.<br \/>\n<br \/>20 ml<\/p>\n","protected":false},"excerpt":{"rendered":"<p>Ida Warg Frizz Fighter er et konsentrert h\u00e5rserum som effektivt tar kontroll over frizz og flygende h\u00e5rstr\u00e5. Serumet er beriket med fuktighetsgivende mandelolje, sheasm\u00f8r og aminosyrer som etterlater h\u00e5ret glansfullt, samtidig som det tilf\u00f8rer fukt og n\u00e6ring. 20 ml<\/p>\n","protected":false},"featured_media":392361,"comment_status":"open","ping_status":"closed","template":"","meta":{"_trash_the_other_posts":false},"product_brand":[],"product_cat":[546],"product_tag":[],"berocket_brand":[1346],"class_list":{"0":"post-392374","1":"product","2":"type-product","3":"status-publish","4":"has-post-thumbnail","6":"product_cat-harstyling","7":"pa_brand-ida-warg","8":"berocket_brand-ida-warg","10":"first","11":"instock","12":"sale","13":"taxable","14":"shipping-taxable","15":"purchasable","16":"product-type-simple"},"_links":{"self":[{"href":"https:\/\/stylingagenten.com\/no\/wp-json\/wp\/v2\/product\/392374","targetHints":{"allow":["GET"]}}],"collection":[{"href":"https:\/\/stylingagenten.com\/no\/wp-json\/wp\/v2\/product"}],"about":[{"href":"https:\/\/stylingagenten.com\/no\/wp-json\/wp\/v2\/types\/product"}],"replies":[{"embeddable":true,"href":"https:\/\/stylingagenten.com\/no\/wp-json\/wp\/v2\/comments?post=392374"}],"version-history":[{"count":0,"href":"https:\/\/stylingagenten.com\/no\/wp-json\/wp\/v2\/product\/392374\/revisions"}],"wp:featuredmedia":[{"embeddable":true,"href":"https:\/\/stylingagenten.com\/no\/wp-json\/wp\/v2\/media\/392361"}],"wp:attachment":[{"href":"https:\/\/stylingagenten.com\/no\/wp-json\/wp\/v2\/media?parent=392374"}],"wp:term":[{"taxonomy":"product_brand","embeddable":true,"href":"https:\/\/stylingagenten.com\/no\/wp-json\/wp\/v2\/product_brand?post=392374"},{"taxonomy":"product_cat","embeddable":true,"href":"https:\/\/stylingagenten.com\/no\/wp-json\/wp\/v2\/product_cat?post=392374"},{"taxonomy":"product_tag","embeddable":true,"href":"https:\/\/stylingagenten.com\/no\/wp-json\/wp\/v2\/product_tag?post=392374"},{"taxonomy":"berocket_brand","embeddable":true,"href":"https:\/\/stylingagenten.com\/no\/wp-json\/wp\/v2\/berocket_brand?post=392374"}],"curies":[{"name":"wp","href":"https:\/\/api.w.org\/{rel}","templated":true}]}}