{"id":392359,"date":"2025-05-18T22:08:01","date_gmt":"2025-05-18T22:08:01","guid":{"rendered":"https:\/\/staging2.stylingagenten.com\/no\/produkt\/balmain-moisturizing-styling-cream-150ml\/"},"modified":"2026-03-11T21:58:12","modified_gmt":"2026-03-11T21:58:12","slug":"balmain-moisturizing-styling-cream-150ml","status":"publish","type":"product","link":"https:\/\/stylingagenten.com\/no\/produkt\/balmain-moisturizing-styling-cream-150ml\/","title":{"rendered":"Balmain Moisturizing Styling Cream 150ml"},"content":{"rendered":"<p>Balmain Moisturizing Styling Cream er en myk og lett krem som beskytter h\u00e5ret mot skader og gir en perfekt base f\u00f8r bruk av et stylingverkt\u00f8y (varmeverkt\u00f8y). Fyllt med protein og Argan Elixir. Gj\u00f8r h\u00e5ret glattere og velpleid.<\/p>\n<p>Gj\u00f8r h\u00e5ret lett \u00e5 gre, mykt og glansfullt. Formelen er utformet som en forbehandling f\u00f8r styling med kr\u00f8lltang, rettetang eller h\u00e5rf\u00f8ner. Den n\u00e6rende kremen temmer frizz og beskytter h\u00e5ret mot ytterligere skade. Lett parfymert med merkets signaturduft som gir h\u00e5ret en fantastisk duft.<\/p>\n<p>150 ml<\/p>\n","protected":false},"excerpt":{"rendered":"<p>Balmain Moisturizing Styling Cream er en myk og lett krem som beskytter h\u00e5ret mot skader og gir en perfekt base f\u00f8r bruk av et stylingverkt\u00f8y (varmeverkt\u00f8y). Fyllt med protein og Argan Elixir. Gj\u00f8r h\u00e5ret glattere og velpleid. Gj\u00f8r h\u00e5ret lett \u00e5 gre, mykt og glansfullt. Formelen er utformet som en forbehandling f\u00f8r styling med kr\u00f8lltang, [&hellip;]<\/p>\n","protected":false},"featured_media":392352,"comment_status":"open","ping_status":"closed","template":"","meta":{"_trash_the_other_posts":false},"product_brand":[],"product_cat":[546],"product_tag":[],"berocket_brand":[1144],"class_list":{"0":"post-392359","1":"product","2":"type-product","3":"status-publish","4":"has-post-thumbnail","6":"product_cat-harstyling","7":"pa_brand-balmain","8":"berocket_brand-balmain","10":"first","11":"instock","12":"sale","13":"taxable","14":"shipping-taxable","15":"purchasable","16":"product-type-simple"},"_links":{"self":[{"href":"https:\/\/stylingagenten.com\/no\/wp-json\/wp\/v2\/product\/392359","targetHints":{"allow":["GET"]}}],"collection":[{"href":"https:\/\/stylingagenten.com\/no\/wp-json\/wp\/v2\/product"}],"about":[{"href":"https:\/\/stylingagenten.com\/no\/wp-json\/wp\/v2\/types\/product"}],"replies":[{"embeddable":true,"href":"https:\/\/stylingagenten.com\/no\/wp-json\/wp\/v2\/comments?post=392359"}],"version-history":[{"count":0,"href":"https:\/\/stylingagenten.com\/no\/wp-json\/wp\/v2\/product\/392359\/revisions"}],"wp:featuredmedia":[{"embeddable":true,"href":"https:\/\/stylingagenten.com\/no\/wp-json\/wp\/v2\/media\/392352"}],"wp:attachment":[{"href":"https:\/\/stylingagenten.com\/no\/wp-json\/wp\/v2\/media?parent=392359"}],"wp:term":[{"taxonomy":"product_brand","embeddable":true,"href":"https:\/\/stylingagenten.com\/no\/wp-json\/wp\/v2\/product_brand?post=392359"},{"taxonomy":"product_cat","embeddable":true,"href":"https:\/\/stylingagenten.com\/no\/wp-json\/wp\/v2\/product_cat?post=392359"},{"taxonomy":"product_tag","embeddable":true,"href":"https:\/\/stylingagenten.com\/no\/wp-json\/wp\/v2\/product_tag?post=392359"},{"taxonomy":"berocket_brand","embeddable":true,"href":"https:\/\/stylingagenten.com\/no\/wp-json\/wp\/v2\/berocket_brand?post=392359"}],"curies":[{"name":"wp","href":"https:\/\/api.w.org\/{rel}","templated":true}]}}