{"id":392356,"date":"2025-05-18T22:08:00","date_gmt":"2025-05-18T22:08:00","guid":{"rendered":"https:\/\/staging2.stylingagenten.com\/no\/produkt\/sachajuan-ocean-mist-texturizing-hair-cream-125ml\/"},"modified":"2026-04-02T17:58:39","modified_gmt":"2026-04-02T17:58:39","slug":"sachajuan-ocean-mist-texturizing-hair-cream-125ml","status":"publish","type":"product","link":"https:\/\/stylingagenten.com\/no\/produkt\/sachajuan-ocean-mist-texturizing-hair-cream-125ml\/","title":{"rendered":"SACHAJUAN Ocean Mist Texturizing Hair Cream 125ml"},"content":{"rendered":"<p>SACHAJUAN Ocean Mist Texturizing Hair Cream er en stylingkrem beriket med pleiende og remineraliserende alger og Ocean Silk Technology som skaper myk tekstur og volum til h\u00e5ret. Perfekt for \u00e5 skape den looken og f\u00f8lelsen h\u00e5ret ditt f\u00e5r etter en dag p\u00e5 stranden, samtidig som den gir h\u00e5ret styrke og fleksibilitet.<br \/>\n<br \/>125 ml<\/p>\n","protected":false},"excerpt":{"rendered":"<p>SACHAJUAN Ocean Mist Texturizing Hair Cream er en stylingkrem beriket med pleiende og remineraliserende alger og Ocean Silk Technology som skaper myk tekstur og volum til h\u00e5ret. Perfekt for \u00e5 skape den looken og f\u00f8lelsen h\u00e5ret ditt f\u00e5r etter en dag p\u00e5 stranden, samtidig som den gir h\u00e5ret styrke og fleksibilitet. 125 ml<\/p>\n","protected":false},"featured_media":392355,"comment_status":"open","ping_status":"closed","template":"","meta":{"_trash_the_other_posts":false},"product_brand":[],"product_cat":[546],"product_tag":[],"berocket_brand":[1409],"class_list":{"0":"post-392356","1":"product","2":"type-product","3":"status-publish","4":"has-post-thumbnail","6":"product_cat-harstyling","7":"pa_brand-sachajuan","8":"berocket_brand-sachajuan","10":"first","11":"instock","12":"sale","13":"taxable","14":"shipping-taxable","15":"purchasable","16":"product-type-simple"},"_links":{"self":[{"href":"https:\/\/stylingagenten.com\/no\/wp-json\/wp\/v2\/product\/392356","targetHints":{"allow":["GET"]}}],"collection":[{"href":"https:\/\/stylingagenten.com\/no\/wp-json\/wp\/v2\/product"}],"about":[{"href":"https:\/\/stylingagenten.com\/no\/wp-json\/wp\/v2\/types\/product"}],"replies":[{"embeddable":true,"href":"https:\/\/stylingagenten.com\/no\/wp-json\/wp\/v2\/comments?post=392356"}],"version-history":[{"count":0,"href":"https:\/\/stylingagenten.com\/no\/wp-json\/wp\/v2\/product\/392356\/revisions"}],"wp:featuredmedia":[{"embeddable":true,"href":"https:\/\/stylingagenten.com\/no\/wp-json\/wp\/v2\/media\/392355"}],"wp:attachment":[{"href":"https:\/\/stylingagenten.com\/no\/wp-json\/wp\/v2\/media?parent=392356"}],"wp:term":[{"taxonomy":"product_brand","embeddable":true,"href":"https:\/\/stylingagenten.com\/no\/wp-json\/wp\/v2\/product_brand?post=392356"},{"taxonomy":"product_cat","embeddable":true,"href":"https:\/\/stylingagenten.com\/no\/wp-json\/wp\/v2\/product_cat?post=392356"},{"taxonomy":"product_tag","embeddable":true,"href":"https:\/\/stylingagenten.com\/no\/wp-json\/wp\/v2\/product_tag?post=392356"},{"taxonomy":"berocket_brand","embeddable":true,"href":"https:\/\/stylingagenten.com\/no\/wp-json\/wp\/v2\/berocket_brand?post=392356"}],"curies":[{"name":"wp","href":"https:\/\/api.w.org\/{rel}","templated":true}]}}