{"id":392350,"date":"2025-05-18T22:08:00","date_gmt":"2025-05-18T22:08:00","guid":{"rendered":"https:\/\/staging2.stylingagenten.com\/no\/produkt\/loreal-professionnel-serie-expert-pro-longer-10-in-1-cream-150ml\/"},"modified":"2026-04-14T10:38:41","modified_gmt":"2026-04-14T10:38:41","slug":"loreal-professionnel-serie-expert-pro-longer-10-in-1-cream-150ml","status":"publish","type":"product","link":"https:\/\/stylingagenten.com\/no\/produkt\/loreal-professionnel-serie-expert-pro-longer-10-in-1-cream-150ml\/","title":{"rendered":"L&#8217;Oreal Professionnel Serie Expert Pro Longer 10-in-1 Cream 150ml"},"content":{"rendered":"<p>L&#8217;Or\u00e9al Professionnel Serie Expert Pro Longer 10-in-1 Cream er en lengdefornyende krem for lengder og tupper, med patentert Filler-A100-teknologi og aminosyrer. Passer for langt h\u00e5r som lider av tynne tupper. Kremen gir beskyttelse mot frizz og hjelper til med \u00e5 fornye h\u00e5rfibre umiddelbart, samtidig som den beskytter h\u00e5ret mot varme opptil 230\u00b0C*. Den profesjonelle formelen styrker h\u00e5rfibrene med mindre skade, fra rot til tupp. *Instrumentell test.<\/p>\n<p>150ml<br \/><\/p>\n","protected":false},"excerpt":{"rendered":"<p>L&#8217;Or\u00e9al Professionnel Serie Expert Pro Longer 10-in-1 Cream er en lengdefornyende krem for lengder og tupper, med patentert Filler-A100-teknologi og aminosyrer. Passer for langt h\u00e5r som lider av tynne tupper. Kremen gir beskyttelse mot frizz og hjelper til med \u00e5 fornye h\u00e5rfibre umiddelbart, samtidig som den beskytter h\u00e5ret mot varme opptil 230\u00b0C*. Den profesjonelle formelen [&hellip;]<\/p>\n","protected":false},"featured_media":392340,"comment_status":"open","ping_status":"closed","template":"","meta":{"_trash_the_other_posts":false},"product_brand":[],"product_cat":[546],"product_tag":[],"berocket_brand":[2001],"class_list":{"0":"post-392350","1":"product","2":"type-product","3":"status-publish","4":"has-post-thumbnail","6":"product_cat-harstyling","7":"pa_brand-loreal-paris","8":"berocket_brand-loreal-paris","10":"first","11":"instock","12":"sale","13":"taxable","14":"shipping-taxable","15":"purchasable","16":"product-type-simple"},"_links":{"self":[{"href":"https:\/\/stylingagenten.com\/no\/wp-json\/wp\/v2\/product\/392350","targetHints":{"allow":["GET"]}}],"collection":[{"href":"https:\/\/stylingagenten.com\/no\/wp-json\/wp\/v2\/product"}],"about":[{"href":"https:\/\/stylingagenten.com\/no\/wp-json\/wp\/v2\/types\/product"}],"replies":[{"embeddable":true,"href":"https:\/\/stylingagenten.com\/no\/wp-json\/wp\/v2\/comments?post=392350"}],"version-history":[{"count":1,"href":"https:\/\/stylingagenten.com\/no\/wp-json\/wp\/v2\/product\/392350\/revisions"}],"predecessor-version":[{"id":469810,"href":"https:\/\/stylingagenten.com\/no\/wp-json\/wp\/v2\/product\/392350\/revisions\/469810"}],"wp:featuredmedia":[{"embeddable":true,"href":"https:\/\/stylingagenten.com\/no\/wp-json\/wp\/v2\/media\/392340"}],"wp:attachment":[{"href":"https:\/\/stylingagenten.com\/no\/wp-json\/wp\/v2\/media?parent=392350"}],"wp:term":[{"taxonomy":"product_brand","embeddable":true,"href":"https:\/\/stylingagenten.com\/no\/wp-json\/wp\/v2\/product_brand?post=392350"},{"taxonomy":"product_cat","embeddable":true,"href":"https:\/\/stylingagenten.com\/no\/wp-json\/wp\/v2\/product_cat?post=392350"},{"taxonomy":"product_tag","embeddable":true,"href":"https:\/\/stylingagenten.com\/no\/wp-json\/wp\/v2\/product_tag?post=392350"},{"taxonomy":"berocket_brand","embeddable":true,"href":"https:\/\/stylingagenten.com\/no\/wp-json\/wp\/v2\/berocket_brand?post=392350"}],"curies":[{"name":"wp","href":"https:\/\/api.w.org\/{rel}","templated":true}]}}