{"id":392336,"date":"2025-05-18T22:07:57","date_gmt":"2025-05-18T22:07:57","guid":{"rendered":"https:\/\/staging2.stylingagenten.com\/no\/produkt\/ref-detangling-spray-175ml\/"},"modified":"2026-03-11T21:51:22","modified_gmt":"2026-03-11T21:51:22","slug":"ref-detangling-spray-175ml","status":"publish","type":"product","link":"https:\/\/stylingagenten.com\/no\/produkt\/ref-detangling-spray-175ml\/","title":{"rendered":"REF Detangling Spray 175ml"},"content":{"rendered":"<p>REF Detangling Spray er en lett multifunksjonell spray med botaniske ekstrakter, spesielt utvalgt for \u00e5 beskytte, styrke og gre ut alle h\u00e5rtyper. Produktets egenskaper gj\u00f8r det lettere \u00e5 b\u00f8rste h\u00e5ret uten \u00e5 skade kvaliteten. Passer for alle h\u00e5rtyper, spesielt for t\u00f8rt og skadet h\u00e5r.<\/p>\n<p>175ml<\/p>\n","protected":false},"excerpt":{"rendered":"<p>REF Detangling Spray er en lett multifunksjonell spray med botaniske ekstrakter, spesielt utvalgt for \u00e5 beskytte, styrke og gre ut alle h\u00e5rtyper. Produktets egenskaper gj\u00f8r det lettere \u00e5 b\u00f8rste h\u00e5ret uten \u00e5 skade kvaliteten. Passer for alle h\u00e5rtyper, spesielt for t\u00f8rt og skadet h\u00e5r. 175ml<\/p>\n","protected":false},"featured_media":392335,"comment_status":"open","ping_status":"closed","template":"","meta":{"_trash_the_other_posts":false},"product_brand":[],"product_cat":[615],"product_tag":[],"berocket_brand":[1209],"class_list":{"0":"post-392336","1":"product","2":"type-product","3":"status-publish","4":"has-post-thumbnail","6":"product_cat-harserum","7":"pa_brand-ref","8":"berocket_brand-ref","10":"first","11":"instock","12":"sale","13":"taxable","14":"shipping-taxable","15":"purchasable","16":"product-type-simple"},"_links":{"self":[{"href":"https:\/\/stylingagenten.com\/no\/wp-json\/wp\/v2\/product\/392336","targetHints":{"allow":["GET"]}}],"collection":[{"href":"https:\/\/stylingagenten.com\/no\/wp-json\/wp\/v2\/product"}],"about":[{"href":"https:\/\/stylingagenten.com\/no\/wp-json\/wp\/v2\/types\/product"}],"replies":[{"embeddable":true,"href":"https:\/\/stylingagenten.com\/no\/wp-json\/wp\/v2\/comments?post=392336"}],"version-history":[{"count":0,"href":"https:\/\/stylingagenten.com\/no\/wp-json\/wp\/v2\/product\/392336\/revisions"}],"wp:featuredmedia":[{"embeddable":true,"href":"https:\/\/stylingagenten.com\/no\/wp-json\/wp\/v2\/media\/392335"}],"wp:attachment":[{"href":"https:\/\/stylingagenten.com\/no\/wp-json\/wp\/v2\/media?parent=392336"}],"wp:term":[{"taxonomy":"product_brand","embeddable":true,"href":"https:\/\/stylingagenten.com\/no\/wp-json\/wp\/v2\/product_brand?post=392336"},{"taxonomy":"product_cat","embeddable":true,"href":"https:\/\/stylingagenten.com\/no\/wp-json\/wp\/v2\/product_cat?post=392336"},{"taxonomy":"product_tag","embeddable":true,"href":"https:\/\/stylingagenten.com\/no\/wp-json\/wp\/v2\/product_tag?post=392336"},{"taxonomy":"berocket_brand","embeddable":true,"href":"https:\/\/stylingagenten.com\/no\/wp-json\/wp\/v2\/berocket_brand?post=392336"}],"curies":[{"name":"wp","href":"https:\/\/api.w.org\/{rel}","templated":true}]}}