{"id":392332,"date":"2025-05-18T22:07:55","date_gmt":"2025-05-18T22:07:55","guid":{"rendered":"https:\/\/staging2.stylingagenten.com\/no\/produkt\/wella-professionals-invigo-nutri-enrich-wonder-balm-150ml\/"},"modified":"2026-03-25T08:20:22","modified_gmt":"2026-03-25T08:20:22","slug":"wella-professionals-invigo-nutri-enrich-wonder-balm-150ml","status":"publish","type":"product","link":"https:\/\/stylingagenten.com\/no\/produkt\/wella-professionals-invigo-nutri-enrich-wonder-balm-150ml\/","title":{"rendered":"Wella Professionals Invigo Nutri Enrich Wonder Balm 150ml"},"content":{"rendered":"<p>Wella Professionals Invigo Nutri Enrich Wonder Balm er en profesjonell, dyptpleiende h\u00e5rbalsam for t\u00f8rt og skadet h\u00e5r. Den ekstra fyldige leave-in-formelen smelter inn i h\u00e5ret og trenger inn i h\u00e5rfibrene for dyp smidighet. Denne n\u00e6ringsrike h\u00e5rbalsamen inneholder Nutri-Enrich-Blend\u2122, oljesyre og pantenol, som tilf\u00f8rer h\u00e5ret fukt og n\u00e6ring. Nutri Enrich Wonder Balm er ogs\u00e5 full av gojib\u00e6r \u2013 en ingrediens kjent for sitt h\u00f8ye innhold av vitaminer, mineraler og peptider. Din rutine for umiddelbar n\u00e6ring til t\u00f8rt eller stresset h\u00e5r.<\/p>\n<p>150ml<\/p>\n","protected":false},"excerpt":{"rendered":"<p>Wella Professionals Invigo Nutri Enrich Wonder Balm er en profesjonell, dyptpleiende h\u00e5rbalsam for t\u00f8rt og skadet h\u00e5r. Den ekstra fyldige leave-in-formelen smelter inn i h\u00e5ret og trenger inn i h\u00e5rfibrene for dyp smidighet. Denne n\u00e6ringsrike h\u00e5rbalsamen inneholder Nutri-Enrich-Blend\u2122, oljesyre og pantenol, som tilf\u00f8rer h\u00e5ret fukt og n\u00e6ring. Nutri Enrich Wonder Balm er ogs\u00e5 full av [&hellip;]<\/p>\n","protected":false},"featured_media":392314,"comment_status":"open","ping_status":"closed","template":"","meta":{"_trash_the_other_posts":false},"product_brand":[],"product_cat":[615],"product_tag":[],"berocket_brand":[1030],"class_list":{"0":"post-392332","1":"product","2":"type-product","3":"status-publish","4":"has-post-thumbnail","6":"product_cat-harserum","7":"pa_brand-wella","8":"berocket_brand-wella","10":"first","11":"instock","12":"sale","13":"taxable","14":"shipping-taxable","15":"purchasable","16":"product-type-simple"},"_links":{"self":[{"href":"https:\/\/stylingagenten.com\/no\/wp-json\/wp\/v2\/product\/392332","targetHints":{"allow":["GET"]}}],"collection":[{"href":"https:\/\/stylingagenten.com\/no\/wp-json\/wp\/v2\/product"}],"about":[{"href":"https:\/\/stylingagenten.com\/no\/wp-json\/wp\/v2\/types\/product"}],"replies":[{"embeddable":true,"href":"https:\/\/stylingagenten.com\/no\/wp-json\/wp\/v2\/comments?post=392332"}],"version-history":[{"count":0,"href":"https:\/\/stylingagenten.com\/no\/wp-json\/wp\/v2\/product\/392332\/revisions"}],"wp:featuredmedia":[{"embeddable":true,"href":"https:\/\/stylingagenten.com\/no\/wp-json\/wp\/v2\/media\/392314"}],"wp:attachment":[{"href":"https:\/\/stylingagenten.com\/no\/wp-json\/wp\/v2\/media?parent=392332"}],"wp:term":[{"taxonomy":"product_brand","embeddable":true,"href":"https:\/\/stylingagenten.com\/no\/wp-json\/wp\/v2\/product_brand?post=392332"},{"taxonomy":"product_cat","embeddable":true,"href":"https:\/\/stylingagenten.com\/no\/wp-json\/wp\/v2\/product_cat?post=392332"},{"taxonomy":"product_tag","embeddable":true,"href":"https:\/\/stylingagenten.com\/no\/wp-json\/wp\/v2\/product_tag?post=392332"},{"taxonomy":"berocket_brand","embeddable":true,"href":"https:\/\/stylingagenten.com\/no\/wp-json\/wp\/v2\/berocket_brand?post=392332"}],"curies":[{"name":"wp","href":"https:\/\/api.w.org\/{rel}","templated":true}]}}