{"id":392330,"date":"2025-05-18T22:07:55","date_gmt":"2025-05-18T22:07:55","guid":{"rendered":"https:\/\/staging2.stylingagenten.com\/no\/produkt\/olaplex-volumizing-blow-dry-mist-150ml\/"},"modified":"2026-04-08T15:31:23","modified_gmt":"2026-04-08T15:31:23","slug":"olaplex-volumizing-blow-dry-mist-150ml","status":"publish","type":"product","link":"https:\/\/stylingagenten.com\/no\/produkt\/olaplex-volumizing-blow-dry-mist-150ml\/","title":{"rendered":"Olaplex Volumizing Blow Dry Mist 150ml"},"content":{"rendered":"<p>Olaplex Volumizing Blow Dry Mist er en reparerende f\u00f8nespray som skaper myke, volumin\u00f8se og synlig sunnere blowouts med langvarig fylde og spenst. Den vektl\u00f8se formelen beskytter h\u00e5ret mot styling-skader og varme opptil 450\u00baF\/232\u00baC, og etterlater f\u00f8nede frisyrer glatte og h\u00e5ret sterkt. Ingen spr\u00f8 r\u00f8tter eller klebrige rester.<\/p>\n<p>150ml<\/p>\n","protected":false},"excerpt":{"rendered":"<p>Olaplex Volumizing Blow Dry Mist er en reparerende f\u00f8nespray som skaper myke, volumin\u00f8se og synlig sunnere blowouts med langvarig fylde og spenst. Den vektl\u00f8se formelen beskytter h\u00e5ret mot styling-skader og varme opptil 450\u00baF\/232\u00baC, og etterlater f\u00f8nede frisyrer glatte og h\u00e5ret sterkt. Ingen spr\u00f8 r\u00f8tter eller klebrige rester. 150ml<\/p>\n","protected":false},"featured_media":392322,"comment_status":"open","ping_status":"closed","template":"","meta":{"_trash_the_other_posts":false},"product_brand":[],"product_cat":[546],"product_tag":[],"berocket_brand":[1023],"class_list":{"0":"post-392330","1":"product","2":"type-product","3":"status-publish","4":"has-post-thumbnail","6":"product_cat-harstyling","7":"pa_brand-olaplex","8":"berocket_brand-olaplex","10":"first","11":"instock","12":"sale","13":"taxable","14":"shipping-taxable","15":"purchasable","16":"product-type-simple"},"_links":{"self":[{"href":"https:\/\/stylingagenten.com\/no\/wp-json\/wp\/v2\/product\/392330","targetHints":{"allow":["GET"]}}],"collection":[{"href":"https:\/\/stylingagenten.com\/no\/wp-json\/wp\/v2\/product"}],"about":[{"href":"https:\/\/stylingagenten.com\/no\/wp-json\/wp\/v2\/types\/product"}],"replies":[{"embeddable":true,"href":"https:\/\/stylingagenten.com\/no\/wp-json\/wp\/v2\/comments?post=392330"}],"version-history":[{"count":0,"href":"https:\/\/stylingagenten.com\/no\/wp-json\/wp\/v2\/product\/392330\/revisions"}],"wp:featuredmedia":[{"embeddable":true,"href":"https:\/\/stylingagenten.com\/no\/wp-json\/wp\/v2\/media\/392322"}],"wp:attachment":[{"href":"https:\/\/stylingagenten.com\/no\/wp-json\/wp\/v2\/media?parent=392330"}],"wp:term":[{"taxonomy":"product_brand","embeddable":true,"href":"https:\/\/stylingagenten.com\/no\/wp-json\/wp\/v2\/product_brand?post=392330"},{"taxonomy":"product_cat","embeddable":true,"href":"https:\/\/stylingagenten.com\/no\/wp-json\/wp\/v2\/product_cat?post=392330"},{"taxonomy":"product_tag","embeddable":true,"href":"https:\/\/stylingagenten.com\/no\/wp-json\/wp\/v2\/product_tag?post=392330"},{"taxonomy":"berocket_brand","embeddable":true,"href":"https:\/\/stylingagenten.com\/no\/wp-json\/wp\/v2\/berocket_brand?post=392330"}],"curies":[{"name":"wp","href":"https:\/\/api.w.org\/{rel}","templated":true}]}}