{"id":392319,"date":"2025-05-18T22:07:54","date_gmt":"2025-05-18T22:07:54","guid":{"rendered":"https:\/\/staging2.stylingagenten.com\/no\/produkt\/wella-professionals-invigo-volume-boost-uplifting-care-spray-150ml\/"},"modified":"2026-03-13T14:42:19","modified_gmt":"2026-03-13T14:42:19","slug":"wella-professionals-invigo-volume-boost-uplifting-care-spray-150ml","status":"publish","type":"product","link":"https:\/\/stylingagenten.com\/no\/produkt\/wella-professionals-invigo-volume-boost-uplifting-care-spray-150ml\/","title":{"rendered":"Wella Professionals Invigo Volume Boost Uplifting Care Spray 150ml"},"content":{"rendered":"<p>Wella Professionals Invigo Volume Boost Uplifting Care Spray er en leave-in-spray for normalt til fint h\u00e5r som trenger glans, fylde og volum. Denne profesjonelle sprayen er beriket med Volume Boost-Blend\u2122 og inneholder fj\u00e6rlette polymerer som omgir h\u00e5rfibrene og hjelper til med \u00e5 skape volumin\u00f8se frisyrer under f\u00f8ning. Den lette formelen gj\u00f8r h\u00e5ret lett \u00e5 h\u00e5ndtere og glansfullt uten \u00e5 tynge ned selv de tynneste h\u00e5rene. Din rutine for \u00e5 tilf\u00f8re volum til fint h\u00e5r.<\/p>\n<p>150ml<\/p>\n","protected":false},"excerpt":{"rendered":"<p>Wella Professionals Invigo Volume Boost Uplifting Care Spray er en leave-in-spray for normalt til fint h\u00e5r som trenger glans, fylde og volum. Denne profesjonelle sprayen er beriket med Volume Boost-Blend\u2122 og inneholder fj\u00e6rlette polymerer som omgir h\u00e5rfibrene og hjelper til med \u00e5 skape volumin\u00f8se frisyrer under f\u00f8ning. Den lette formelen gj\u00f8r h\u00e5ret lett \u00e5 h\u00e5ndtere [&hellip;]<\/p>\n","protected":false},"featured_media":392311,"comment_status":"open","ping_status":"closed","template":"","meta":{"_trash_the_other_posts":false},"product_brand":[],"product_cat":[546],"product_tag":[],"berocket_brand":[1030],"class_list":{"0":"post-392319","1":"product","2":"type-product","3":"status-publish","4":"has-post-thumbnail","6":"product_cat-harstyling","7":"pa_brand-wella","8":"berocket_brand-wella","10":"first","11":"instock","12":"sale","13":"taxable","14":"shipping-taxable","15":"purchasable","16":"product-type-simple"},"_links":{"self":[{"href":"https:\/\/stylingagenten.com\/no\/wp-json\/wp\/v2\/product\/392319","targetHints":{"allow":["GET"]}}],"collection":[{"href":"https:\/\/stylingagenten.com\/no\/wp-json\/wp\/v2\/product"}],"about":[{"href":"https:\/\/stylingagenten.com\/no\/wp-json\/wp\/v2\/types\/product"}],"replies":[{"embeddable":true,"href":"https:\/\/stylingagenten.com\/no\/wp-json\/wp\/v2\/comments?post=392319"}],"version-history":[{"count":0,"href":"https:\/\/stylingagenten.com\/no\/wp-json\/wp\/v2\/product\/392319\/revisions"}],"wp:featuredmedia":[{"embeddable":true,"href":"https:\/\/stylingagenten.com\/no\/wp-json\/wp\/v2\/media\/392311"}],"wp:attachment":[{"href":"https:\/\/stylingagenten.com\/no\/wp-json\/wp\/v2\/media?parent=392319"}],"wp:term":[{"taxonomy":"product_brand","embeddable":true,"href":"https:\/\/stylingagenten.com\/no\/wp-json\/wp\/v2\/product_brand?post=392319"},{"taxonomy":"product_cat","embeddable":true,"href":"https:\/\/stylingagenten.com\/no\/wp-json\/wp\/v2\/product_cat?post=392319"},{"taxonomy":"product_tag","embeddable":true,"href":"https:\/\/stylingagenten.com\/no\/wp-json\/wp\/v2\/product_tag?post=392319"},{"taxonomy":"berocket_brand","embeddable":true,"href":"https:\/\/stylingagenten.com\/no\/wp-json\/wp\/v2\/berocket_brand?post=392319"}],"curies":[{"name":"wp","href":"https:\/\/api.w.org\/{rel}","templated":true}]}}