{"id":392219,"date":"2025-05-18T22:07:27","date_gmt":"2025-05-18T22:07:27","guid":{"rendered":"https:\/\/staging2.stylingagenten.com\/no\/produkt\/wella-eimi-pro-flexible-finish-250ml\/"},"modified":"2026-03-17T16:17:34","modified_gmt":"2026-03-17T16:17:34","slug":"wella-eimi-pro-flexible-finish-250ml","status":"publish","type":"product","link":"https:\/\/stylingagenten.com\/no\/produkt\/wella-eimi-pro-flexible-finish-250ml\/","title":{"rendered":"Wella EIMI Pro Flexible Finish 250ml"},"content":{"rendered":"<p>Wella EIMI Professionals Flexible Finish Working Spray er en popul\u00e6r &laquo;v\u00e5tt-til-t\u00f8rr&raquo; h\u00e5rspray som lar deg forme og friske opp frisyren din, og som sikrer at resultatet varer.<\/p>\n<p>H\u00e5rsprayen kan brukt alene, og er spesielt god som siste steg i styling. Du vil merke at h\u00e5ret ditt blir varmt og smidig, spesielt; at du kan forme og rette ut frisyren, og stylingen fester seg n\u00e5r sprayen t\u00f8rker igjen.<\/p>\n<p>Flexible Finish Working Spray har en holdbarhetsfaktor p\u00e5 2 av 4.<\/p>\n<p>S&aring; Slik bruker du det:<br \/>&#8211; Spray i t\u00f8rt h\u00e5r p\u00e5 omr\u00e5dene der du \u00f8nsker \u00e5 forme og skape hold.<br \/>&#8211; Form og rett ut h\u00e5ret f\u00f8r sprayen t\u00f8rker.<\/p>\n","protected":false},"excerpt":{"rendered":"<p>Wella EIMI Professionals Flexible Finish Working Spray er en popul\u00e6r &laquo;v\u00e5tt-til-t\u00f8rr&raquo; h\u00e5rspray som lar deg forme og friske opp frisyren din, og som sikrer at resultatet varer. H\u00e5rsprayen kan brukt alene, og er spesielt god som siste steg i styling. Du vil merke at h\u00e5ret ditt blir varmt og smidig, spesielt; at du kan forme [&hellip;]<\/p>\n","protected":false},"featured_media":392213,"comment_status":"open","ping_status":"closed","template":"","meta":{"_trash_the_other_posts":false},"product_brand":[],"product_cat":[576],"product_tag":[],"berocket_brand":[1030],"class_list":{"0":"post-392219","1":"product","2":"type-product","3":"status-publish","4":"has-post-thumbnail","6":"product_cat-harspray","7":"pa_brand-wella","8":"berocket_brand-wella","10":"first","11":"outofstock","12":"sale","13":"taxable","14":"shipping-taxable","15":"purchasable","16":"product-type-simple"},"_links":{"self":[{"href":"https:\/\/stylingagenten.com\/no\/wp-json\/wp\/v2\/product\/392219","targetHints":{"allow":["GET"]}}],"collection":[{"href":"https:\/\/stylingagenten.com\/no\/wp-json\/wp\/v2\/product"}],"about":[{"href":"https:\/\/stylingagenten.com\/no\/wp-json\/wp\/v2\/types\/product"}],"replies":[{"embeddable":true,"href":"https:\/\/stylingagenten.com\/no\/wp-json\/wp\/v2\/comments?post=392219"}],"version-history":[{"count":0,"href":"https:\/\/stylingagenten.com\/no\/wp-json\/wp\/v2\/product\/392219\/revisions"}],"wp:featuredmedia":[{"embeddable":true,"href":"https:\/\/stylingagenten.com\/no\/wp-json\/wp\/v2\/media\/392213"}],"wp:attachment":[{"href":"https:\/\/stylingagenten.com\/no\/wp-json\/wp\/v2\/media?parent=392219"}],"wp:term":[{"taxonomy":"product_brand","embeddable":true,"href":"https:\/\/stylingagenten.com\/no\/wp-json\/wp\/v2\/product_brand?post=392219"},{"taxonomy":"product_cat","embeddable":true,"href":"https:\/\/stylingagenten.com\/no\/wp-json\/wp\/v2\/product_cat?post=392219"},{"taxonomy":"product_tag","embeddable":true,"href":"https:\/\/stylingagenten.com\/no\/wp-json\/wp\/v2\/product_tag?post=392219"},{"taxonomy":"berocket_brand","embeddable":true,"href":"https:\/\/stylingagenten.com\/no\/wp-json\/wp\/v2\/berocket_brand?post=392219"}],"curies":[{"name":"wp","href":"https:\/\/api.w.org\/{rel}","templated":true}]}}