{"id":392188,"date":"2025-05-18T22:07:15","date_gmt":"2025-05-18T22:07:15","guid":{"rendered":"https:\/\/staging2.stylingagenten.com\/no\/produkt\/loreal-infinium-pure-extra-strong-hairspray-300ml\/"},"modified":"2026-04-08T07:10:10","modified_gmt":"2026-04-08T07:10:10","slug":"loreal-infinium-pure-extra-strong-hairspray-300ml","status":"publish","type":"product","link":"https:\/\/stylingagenten.com\/no\/produkt\/loreal-infinium-pure-extra-strong-hairspray-300ml\/","title":{"rendered":"L&#8217;Or\u00e9al Infinium Pure Extra Strong Hairspray 300ml"},"content":{"rendered":"<div>L&#8217;Or\u00e9al Infinium Pure Extra Strong Hair Spray 300ml er en hypoallergen profesjonell h\u00e5rspray uten parfyme eller maskeringsduft. Den nye formelen er redusert til et minimum for maksimal komfort. Gir umiddelbar hold uten at h\u00e5ret f\u00f8les stivt. Egnet for volum, effekt og definisjon. Resultatet er en naturlig finish med ultimat glans. Inneholder kun 6 ingredienser sammenlignet med 15 ingredienser som finnes i en vanlig h\u00e5rspray.<\/div>\n","protected":false},"excerpt":{"rendered":"<p>L&#8217;Or\u00e9al Infinium Pure Extra Strong Hair Spray 300ml er en hypoallergen profesjonell h\u00e5rspray uten parfyme eller maskeringsduft. Den nye formelen er redusert til et minimum for maksimal komfort. Gir umiddelbar hold uten at h\u00e5ret f\u00f8les stivt. Egnet for volum, effekt og definisjon. Resultatet er en naturlig finish med ultimat glans. Inneholder kun 6 ingredienser sammenlignet [&hellip;]<\/p>\n","protected":false},"featured_media":392186,"comment_status":"open","ping_status":"closed","template":"","meta":{"_trash_the_other_posts":false},"product_brand":[],"product_cat":[576],"product_tag":[],"berocket_brand":[2001],"class_list":{"0":"post-392188","1":"product","2":"type-product","3":"status-publish","4":"has-post-thumbnail","6":"product_cat-harspray","7":"pa_brand-loreal-paris-2","8":"berocket_brand-loreal-paris","10":"first","11":"outofstock","12":"sale","13":"taxable","14":"shipping-taxable","15":"purchasable","16":"product-type-simple"},"_links":{"self":[{"href":"https:\/\/stylingagenten.com\/no\/wp-json\/wp\/v2\/product\/392188","targetHints":{"allow":["GET"]}}],"collection":[{"href":"https:\/\/stylingagenten.com\/no\/wp-json\/wp\/v2\/product"}],"about":[{"href":"https:\/\/stylingagenten.com\/no\/wp-json\/wp\/v2\/types\/product"}],"replies":[{"embeddable":true,"href":"https:\/\/stylingagenten.com\/no\/wp-json\/wp\/v2\/comments?post=392188"}],"version-history":[{"count":0,"href":"https:\/\/stylingagenten.com\/no\/wp-json\/wp\/v2\/product\/392188\/revisions"}],"wp:featuredmedia":[{"embeddable":true,"href":"https:\/\/stylingagenten.com\/no\/wp-json\/wp\/v2\/media\/392186"}],"wp:attachment":[{"href":"https:\/\/stylingagenten.com\/no\/wp-json\/wp\/v2\/media?parent=392188"}],"wp:term":[{"taxonomy":"product_brand","embeddable":true,"href":"https:\/\/stylingagenten.com\/no\/wp-json\/wp\/v2\/product_brand?post=392188"},{"taxonomy":"product_cat","embeddable":true,"href":"https:\/\/stylingagenten.com\/no\/wp-json\/wp\/v2\/product_cat?post=392188"},{"taxonomy":"product_tag","embeddable":true,"href":"https:\/\/stylingagenten.com\/no\/wp-json\/wp\/v2\/product_tag?post=392188"},{"taxonomy":"berocket_brand","embeddable":true,"href":"https:\/\/stylingagenten.com\/no\/wp-json\/wp\/v2\/berocket_brand?post=392188"}],"curies":[{"name":"wp","href":"https:\/\/api.w.org\/{rel}","templated":true}]}}