{"id":392159,"date":"2025-05-18T22:07:05","date_gmt":"2025-05-18T22:07:05","guid":{"rendered":"https:\/\/staging2.stylingagenten.com\/no\/produkt\/ellwo-hairspray-strong-hold-300ml\/"},"modified":"2026-03-30T07:18:53","modified_gmt":"2026-03-30T07:18:53","slug":"ellwo-hairspray-strong-hold-300ml","status":"publish","type":"product","link":"https:\/\/stylingagenten.com\/no\/produkt\/ellwo-hairspray-strong-hold-300ml\/","title":{"rendered":"Ellwo Hairspray Strong Hold 300ml"},"content":{"rendered":"<p>Ellwo Hairspray Strong Hold er en fargebevarende og UV-beskyttende h\u00e5rspray med hardt hold for maksimal kontroll. Sprayen t\u00f8rker raskt og holder h\u00e5ret p\u00e5 plass selv i krevende situasjoner. Sprayen gir et naturlig resultat uten \u00e5 skade eller slite ut huden. h\u00e5ret og gj\u00f8r det til \u00e5 gre ut. Beriket med arganolje.<\/p>\n<p>Sulfat- og parabenfri<br \/>Vegan<br \/>Fargebevaring<br \/>UV-beskyttelse<\/p>\n<p><\/p>\n","protected":false},"excerpt":{"rendered":"<p>Ellwo Hairspray Strong Hold er en fargebevarende og UV-beskyttende h\u00e5rspray med hardt hold for maksimal kontroll. Sprayen t\u00f8rker raskt og holder h\u00e5ret p\u00e5 plass selv i krevende situasjoner. Sprayen gir et naturlig resultat uten \u00e5 skade eller slite ut huden. h\u00e5ret og gj\u00f8r det til \u00e5 gre ut. Beriket med arganolje. Sulfat- og parabenfriVeganFargebevaringUV-beskyttelse<\/p>\n","protected":false},"featured_media":392156,"comment_status":"open","ping_status":"closed","template":"","meta":{"_trash_the_other_posts":false},"product_brand":[],"product_cat":[576],"product_tag":[],"berocket_brand":[1305],"class_list":{"0":"post-392159","1":"product","2":"type-product","3":"status-publish","4":"has-post-thumbnail","6":"product_cat-harspray","7":"pa_brand-ellwo-professional","8":"berocket_brand-ellwo-professional","10":"first","11":"instock","12":"sale","13":"taxable","14":"shipping-taxable","15":"purchasable","16":"product-type-simple"},"_links":{"self":[{"href":"https:\/\/stylingagenten.com\/no\/wp-json\/wp\/v2\/product\/392159","targetHints":{"allow":["GET"]}}],"collection":[{"href":"https:\/\/stylingagenten.com\/no\/wp-json\/wp\/v2\/product"}],"about":[{"href":"https:\/\/stylingagenten.com\/no\/wp-json\/wp\/v2\/types\/product"}],"replies":[{"embeddable":true,"href":"https:\/\/stylingagenten.com\/no\/wp-json\/wp\/v2\/comments?post=392159"}],"version-history":[{"count":0,"href":"https:\/\/stylingagenten.com\/no\/wp-json\/wp\/v2\/product\/392159\/revisions"}],"wp:featuredmedia":[{"embeddable":true,"href":"https:\/\/stylingagenten.com\/no\/wp-json\/wp\/v2\/media\/392156"}],"wp:attachment":[{"href":"https:\/\/stylingagenten.com\/no\/wp-json\/wp\/v2\/media?parent=392159"}],"wp:term":[{"taxonomy":"product_brand","embeddable":true,"href":"https:\/\/stylingagenten.com\/no\/wp-json\/wp\/v2\/product_brand?post=392159"},{"taxonomy":"product_cat","embeddable":true,"href":"https:\/\/stylingagenten.com\/no\/wp-json\/wp\/v2\/product_cat?post=392159"},{"taxonomy":"product_tag","embeddable":true,"href":"https:\/\/stylingagenten.com\/no\/wp-json\/wp\/v2\/product_tag?post=392159"},{"taxonomy":"berocket_brand","embeddable":true,"href":"https:\/\/stylingagenten.com\/no\/wp-json\/wp\/v2\/berocket_brand?post=392159"}],"curies":[{"name":"wp","href":"https:\/\/api.w.org\/{rel}","templated":true}]}}