{"id":392151,"date":"2025-05-18T22:07:01","date_gmt":"2025-05-18T22:07:01","guid":{"rendered":"https:\/\/staging2.stylingagenten.com\/no\/produkt\/brave-new-hair-volume-hair-mist-100ml\/"},"modified":"2026-04-07T10:18:40","modified_gmt":"2026-04-07T10:18:40","slug":"brave-new-hair-volume-hair-mist-100ml","status":"publish","type":"product","link":"https:\/\/stylingagenten.com\/no\/produkt\/brave-new-hair-volume-hair-mist-100ml\/","title":{"rendered":"Brave. New. Hair. Volume Hair Mist 100ml"},"content":{"rendered":"<p>Volume Hair Mist fra Brave New Hair &auml; er en h\u00e5rspray som gir tekstur og \u00f8yeblikkelig volum med kastanjeekstrakt, risprotein og vitaminkompleks.<\/p>\n<p>Fordeler:<\/p>\n<p> \u00e2\u2014 \u00d8yeblikkelig volumgivende effekt<\/p>\n<p>\u00e2\u2014 Hjelper med \u00e5 styrke h\u00e5ret for \u00e5 forhindre skade&nbsp;<\/p>\n<p>\u00e2\u2014 Forbedrer h\u00e5ndterbarheten<\/p>\n<p> p&gt;<\/p>\n<p>\u00e2\u2014 Gir tykkelse og styrke til h\u00e5ret<\/p>\n<p>\u00e2\u2014 Antistatisk effekt<\/p>\n<p>Bruk: P\u00e5f\u00f8r p\u00e5; r\u00f8tter og lengder i fuktig h\u00e5r. T\u00f8rk og style h\u00e5ret til \u00f8nsket frisyre. Ikke skyll produktet.<\/p>\n<p>Fri for:<br \/>sulfater<br \/>silikoner<br \/>tilsatt salt<br \/>petrolatum<br \/>Ingredienser av animalsk opprinnelse<\/p>\n","protected":false},"excerpt":{"rendered":"<p>Volume Hair Mist fra Brave New Hair &auml; er en h\u00e5rspray som gir tekstur og \u00f8yeblikkelig volum med kastanjeekstrakt, risprotein og vitaminkompleks. Fordeler: \u00e2\u2014 \u00d8yeblikkelig volumgivende effekt \u00e2\u2014 Hjelper med \u00e5 styrke h\u00e5ret for \u00e5 forhindre skade&nbsp; \u00e2\u2014 Forbedrer h\u00e5ndterbarheten p&gt; \u00e2\u2014 Gir tykkelse og styrke til h\u00e5ret \u00e2\u2014 Antistatisk effekt Bruk: P\u00e5f\u00f8r p\u00e5; r\u00f8tter [&hellip;]<\/p>\n","protected":false},"featured_media":392149,"comment_status":"open","ping_status":"closed","template":"","meta":{"_trash_the_other_posts":false},"product_brand":[],"product_cat":[576],"product_tag":[],"berocket_brand":[1211],"class_list":{"0":"post-392151","1":"product","2":"type-product","3":"status-publish","4":"has-post-thumbnail","6":"product_cat-harspray","7":"pa_brand-brave-new-hair","8":"berocket_brand-brave-new-hair","10":"first","11":"instock","12":"taxable","13":"shipping-taxable","14":"purchasable","15":"product-type-simple"},"_links":{"self":[{"href":"https:\/\/stylingagenten.com\/no\/wp-json\/wp\/v2\/product\/392151","targetHints":{"allow":["GET"]}}],"collection":[{"href":"https:\/\/stylingagenten.com\/no\/wp-json\/wp\/v2\/product"}],"about":[{"href":"https:\/\/stylingagenten.com\/no\/wp-json\/wp\/v2\/types\/product"}],"replies":[{"embeddable":true,"href":"https:\/\/stylingagenten.com\/no\/wp-json\/wp\/v2\/comments?post=392151"}],"version-history":[{"count":0,"href":"https:\/\/stylingagenten.com\/no\/wp-json\/wp\/v2\/product\/392151\/revisions"}],"wp:featuredmedia":[{"embeddable":true,"href":"https:\/\/stylingagenten.com\/no\/wp-json\/wp\/v2\/media\/392149"}],"wp:attachment":[{"href":"https:\/\/stylingagenten.com\/no\/wp-json\/wp\/v2\/media?parent=392151"}],"wp:term":[{"taxonomy":"product_brand","embeddable":true,"href":"https:\/\/stylingagenten.com\/no\/wp-json\/wp\/v2\/product_brand?post=392151"},{"taxonomy":"product_cat","embeddable":true,"href":"https:\/\/stylingagenten.com\/no\/wp-json\/wp\/v2\/product_cat?post=392151"},{"taxonomy":"product_tag","embeddable":true,"href":"https:\/\/stylingagenten.com\/no\/wp-json\/wp\/v2\/product_tag?post=392151"},{"taxonomy":"berocket_brand","embeddable":true,"href":"https:\/\/stylingagenten.com\/no\/wp-json\/wp\/v2\/berocket_brand?post=392151"}],"curies":[{"name":"wp","href":"https:\/\/api.w.org\/{rel}","templated":true}]}}