{"id":392112,"date":"2025-05-18T22:06:48","date_gmt":"2025-05-18T22:06:48","guid":{"rendered":"https:\/\/staging2.stylingagenten.com\/no\/produkt\/american-crew-alternator-flexible-styling-finishing-spray-100ml\/"},"modified":"2026-04-15T05:59:44","modified_gmt":"2026-04-15T05:59:44","slug":"american-crew-alternator-flexible-styling-finishing-spray-100ml","status":"publish","type":"product","link":"https:\/\/stylingagenten.com\/no\/produkt\/american-crew-alternator-flexible-styling-finishing-spray-100ml\/","title":{"rendered":"American Crew Alternator Flexible Styling &amp; Finishing Spray 100ml"},"content":{"rendered":"<p>En fleksibel styler som gir deg kontroll over frisyren din hele dagen. S\u00f8ke p\u00e5 om morgenen, fikser h\u00e5ret n\u00e5r som helst i l\u00f8pet av dagen.<\/p>\n","protected":false},"excerpt":{"rendered":"<p>En fleksibel styler som gir deg kontroll over frisyren din hele dagen. S\u00f8ke p\u00e5 om morgenen, fikser h\u00e5ret n\u00e5r som helst i l\u00f8pet av dagen.<\/p>\n","protected":false},"featured_media":392111,"comment_status":"open","ping_status":"closed","template":"","meta":{"_trash_the_other_posts":false},"product_brand":[],"product_cat":[1003,576],"product_tag":[],"berocket_brand":[1071],"class_list":{"0":"post-392112","1":"product","2":"type-product","3":"status-publish","4":"has-post-thumbnail","6":"product_cat-bestselgere","7":"product_cat-harspray","8":"pa_brand-american-crew","9":"berocket_brand-american-crew","11":"first","12":"instock","13":"sale","14":"taxable","15":"shipping-taxable","16":"purchasable","17":"product-type-simple"},"_links":{"self":[{"href":"https:\/\/stylingagenten.com\/no\/wp-json\/wp\/v2\/product\/392112","targetHints":{"allow":["GET"]}}],"collection":[{"href":"https:\/\/stylingagenten.com\/no\/wp-json\/wp\/v2\/product"}],"about":[{"href":"https:\/\/stylingagenten.com\/no\/wp-json\/wp\/v2\/types\/product"}],"replies":[{"embeddable":true,"href":"https:\/\/stylingagenten.com\/no\/wp-json\/wp\/v2\/comments?post=392112"}],"version-history":[{"count":0,"href":"https:\/\/stylingagenten.com\/no\/wp-json\/wp\/v2\/product\/392112\/revisions"}],"wp:featuredmedia":[{"embeddable":true,"href":"https:\/\/stylingagenten.com\/no\/wp-json\/wp\/v2\/media\/392111"}],"wp:attachment":[{"href":"https:\/\/stylingagenten.com\/no\/wp-json\/wp\/v2\/media?parent=392112"}],"wp:term":[{"taxonomy":"product_brand","embeddable":true,"href":"https:\/\/stylingagenten.com\/no\/wp-json\/wp\/v2\/product_brand?post=392112"},{"taxonomy":"product_cat","embeddable":true,"href":"https:\/\/stylingagenten.com\/no\/wp-json\/wp\/v2\/product_cat?post=392112"},{"taxonomy":"product_tag","embeddable":true,"href":"https:\/\/stylingagenten.com\/no\/wp-json\/wp\/v2\/product_tag?post=392112"},{"taxonomy":"berocket_brand","embeddable":true,"href":"https:\/\/stylingagenten.com\/no\/wp-json\/wp\/v2\/berocket_brand?post=392112"}],"curies":[{"name":"wp","href":"https:\/\/api.w.org\/{rel}","templated":true}]}}