{"id":392094,"date":"2025-05-18T22:06:42","date_gmt":"2025-05-18T22:06:42","guid":{"rendered":"https:\/\/staging2.stylingagenten.com\/no\/produkt\/ida-warg-soft-finish-hairspray-250ml\/"},"modified":"2026-03-17T11:47:37","modified_gmt":"2026-03-17T11:47:37","slug":"ida-warg-soft-finish-hairspray-250ml","status":"publish","type":"product","link":"https:\/\/stylingagenten.com\/no\/produkt\/ida-warg-soft-finish-hairspray-250ml\/","title":{"rendered":"Ida Warg Soft Finish Hairspray 250ml"},"content":{"rendered":"<p>Soft Finish Hairspray er en lett h\u00e5rspray for en fleksibel og formbar frisyre. Gir slitestyrke og glans uten \u00e5 tynge h\u00e5ret. Den hurtigt\u00f8rkende h\u00e5rsprayen kan med fordel brukes lag-p\u00e5-lag og skiftende. gi h\u00e5ret en behagelig, fleksibel struktur med en naturlig finish.<\/p>\n<p>Spray jevnt over hele h\u00e5ret fra en avstand p\u00e5 10-30 cm avhengig av \u00d8nsket styrke. Lett \u00e5 b\u00f8rste ut.<\/p>\n<p>Duft av s\u00f8te jordb\u00e6r<\/p>\n<p>100 % vegansk &amp; Grusomhetsfri<\/p>\n<p>Fri for parabener og sulfater<\/p>\n<p>250\u00a0ml<\/p>\n","protected":false},"excerpt":{"rendered":"<p>Soft Finish Hairspray er en lett h\u00e5rspray for en fleksibel og formbar frisyre. Gir slitestyrke og glans uten \u00e5 tynge h\u00e5ret. Den hurtigt\u00f8rkende h\u00e5rsprayen kan med fordel brukes lag-p\u00e5-lag og skiftende. gi h\u00e5ret en behagelig, fleksibel struktur med en naturlig finish. Spray jevnt over hele h\u00e5ret fra en avstand p\u00e5 10-30 cm avhengig av \u00d8nsket [&hellip;]<\/p>\n","protected":false},"featured_media":392090,"comment_status":"open","ping_status":"closed","template":"","meta":{"_trash_the_other_posts":false},"product_brand":[],"product_cat":[576],"product_tag":[],"berocket_brand":[1346],"class_list":{"0":"post-392094","1":"product","2":"type-product","3":"status-publish","4":"has-post-thumbnail","6":"product_cat-harspray","7":"pa_brand-ida-warg","8":"berocket_brand-ida-warg","10":"first","11":"instock","12":"sale","13":"taxable","14":"shipping-taxable","15":"purchasable","16":"product-type-simple"},"_links":{"self":[{"href":"https:\/\/stylingagenten.com\/no\/wp-json\/wp\/v2\/product\/392094","targetHints":{"allow":["GET"]}}],"collection":[{"href":"https:\/\/stylingagenten.com\/no\/wp-json\/wp\/v2\/product"}],"about":[{"href":"https:\/\/stylingagenten.com\/no\/wp-json\/wp\/v2\/types\/product"}],"replies":[{"embeddable":true,"href":"https:\/\/stylingagenten.com\/no\/wp-json\/wp\/v2\/comments?post=392094"}],"version-history":[{"count":0,"href":"https:\/\/stylingagenten.com\/no\/wp-json\/wp\/v2\/product\/392094\/revisions"}],"wp:featuredmedia":[{"embeddable":true,"href":"https:\/\/stylingagenten.com\/no\/wp-json\/wp\/v2\/media\/392090"}],"wp:attachment":[{"href":"https:\/\/stylingagenten.com\/no\/wp-json\/wp\/v2\/media?parent=392094"}],"wp:term":[{"taxonomy":"product_brand","embeddable":true,"href":"https:\/\/stylingagenten.com\/no\/wp-json\/wp\/v2\/product_brand?post=392094"},{"taxonomy":"product_cat","embeddable":true,"href":"https:\/\/stylingagenten.com\/no\/wp-json\/wp\/v2\/product_cat?post=392094"},{"taxonomy":"product_tag","embeddable":true,"href":"https:\/\/stylingagenten.com\/no\/wp-json\/wp\/v2\/product_tag?post=392094"},{"taxonomy":"berocket_brand","embeddable":true,"href":"https:\/\/stylingagenten.com\/no\/wp-json\/wp\/v2\/berocket_brand?post=392094"}],"curies":[{"name":"wp","href":"https:\/\/api.w.org\/{rel}","templated":true}]}}