{"id":392046,"date":"2025-05-18T22:06:22","date_gmt":"2025-05-18T22:06:22","guid":{"rendered":"https:\/\/staging2.stylingagenten.com\/no\/produkt\/revlon-style-masters-creator-memory-spray-150ml\/"},"modified":"2026-04-12T20:18:41","modified_gmt":"2026-04-12T20:18:41","slug":"revlon-style-masters-creator-memory-spray-150ml","status":"publish","type":"product","link":"https:\/\/stylingagenten.com\/no\/produkt\/revlon-style-masters-creator-memory-spray-150ml\/","title":{"rendered":"Revlon Style Masters Creator Memory Spray 150ml"},"content":{"rendered":"<p>Style Masters Memory Spray 1 er en h\u00e5rspray fra Revlon utviklet med en minneeffekt slik at du kan style h\u00e5ret p\u00e5 nytt i l\u00f8pet av dagen. H\u00e5rsprayen tilf\u00f8rer volum og tekstur med fleksibelt hold. Revlon Style Masters Memory Spray 1 har en lett formel som gir en naturlig finish og ikke etterlater synlige merker i h\u00e5ret.<\/p>\n","protected":false},"excerpt":{"rendered":"<p>Style Masters Memory Spray 1 er en h\u00e5rspray fra Revlon utviklet med en minneeffekt slik at du kan style h\u00e5ret p\u00e5 nytt i l\u00f8pet av dagen. H\u00e5rsprayen tilf\u00f8rer volum og tekstur med fleksibelt hold. Revlon Style Masters Memory Spray 1 har en lett formel som gir en naturlig finish og ikke etterlater synlige merker i [&hellip;]<\/p>\n","protected":false},"featured_media":392038,"comment_status":"open","ping_status":"closed","template":"","meta":{"_trash_the_other_posts":false},"product_brand":[],"product_cat":[576],"product_tag":[],"berocket_brand":[1040],"class_list":{"0":"post-392046","1":"product","2":"type-product","3":"status-publish","4":"has-post-thumbnail","6":"product_cat-harspray","7":"pa_brand-revlon","8":"berocket_brand-revlon","10":"first","11":"outofstock","12":"sale","13":"taxable","14":"shipping-taxable","15":"purchasable","16":"product-type-simple"},"_links":{"self":[{"href":"https:\/\/stylingagenten.com\/no\/wp-json\/wp\/v2\/product\/392046","targetHints":{"allow":["GET"]}}],"collection":[{"href":"https:\/\/stylingagenten.com\/no\/wp-json\/wp\/v2\/product"}],"about":[{"href":"https:\/\/stylingagenten.com\/no\/wp-json\/wp\/v2\/types\/product"}],"replies":[{"embeddable":true,"href":"https:\/\/stylingagenten.com\/no\/wp-json\/wp\/v2\/comments?post=392046"}],"version-history":[{"count":0,"href":"https:\/\/stylingagenten.com\/no\/wp-json\/wp\/v2\/product\/392046\/revisions"}],"wp:featuredmedia":[{"embeddable":true,"href":"https:\/\/stylingagenten.com\/no\/wp-json\/wp\/v2\/media\/392038"}],"wp:attachment":[{"href":"https:\/\/stylingagenten.com\/no\/wp-json\/wp\/v2\/media?parent=392046"}],"wp:term":[{"taxonomy":"product_brand","embeddable":true,"href":"https:\/\/stylingagenten.com\/no\/wp-json\/wp\/v2\/product_brand?post=392046"},{"taxonomy":"product_cat","embeddable":true,"href":"https:\/\/stylingagenten.com\/no\/wp-json\/wp\/v2\/product_cat?post=392046"},{"taxonomy":"product_tag","embeddable":true,"href":"https:\/\/stylingagenten.com\/no\/wp-json\/wp\/v2\/product_tag?post=392046"},{"taxonomy":"berocket_brand","embeddable":true,"href":"https:\/\/stylingagenten.com\/no\/wp-json\/wp\/v2\/berocket_brand?post=392046"}],"curies":[{"name":"wp","href":"https:\/\/api.w.org\/{rel}","templated":true}]}}