{"id":392042,"date":"2025-05-18T22:06:22","date_gmt":"2025-05-18T22:06:22","guid":{"rendered":"https:\/\/staging2.stylingagenten.com\/no\/produkt\/revlon-style-masters-modular-2-hairspray-500ml\/"},"modified":"2026-04-09T10:28:35","modified_gmt":"2026-04-09T10:28:35","slug":"revlon-style-masters-modular-2-hairspray-500ml","status":"publish","type":"product","link":"https:\/\/stylingagenten.com\/no\/produkt\/revlon-style-masters-modular-2-hairspray-500ml\/","title":{"rendered":"Revlon Style Masters Modular 2 Hairspray 500ml"},"content":{"rendered":"<p>Hurtigt\u00f8rkende h\u00e5rspray med fleksibelt hold. Gir muligheten til \u00e5 kontrollere charteret fra middels til h\u00f8yt, avhengig av hvor mye produkt som brukes. Naturlig finish.<\/p>\n","protected":false},"excerpt":{"rendered":"<p>Hurtigt\u00f8rkende h\u00e5rspray med fleksibelt hold. Gir muligheten til \u00e5 kontrollere charteret fra middels til h\u00f8yt, avhengig av hvor mye produkt som brukes. Naturlig finish.<\/p>\n","protected":false},"featured_media":392039,"comment_status":"open","ping_status":"closed","template":"","meta":{"_trash_the_other_posts":false},"product_brand":[],"product_cat":[1003,576],"product_tag":[],"berocket_brand":[1040],"class_list":{"0":"post-392042","1":"product","2":"type-product","3":"status-publish","4":"has-post-thumbnail","6":"product_cat-bestselgere","7":"product_cat-harspray","8":"pa_brand-revlon","9":"berocket_brand-revlon","11":"first","12":"instock","13":"sale","14":"taxable","15":"shipping-taxable","16":"purchasable","17":"product-type-simple"},"_links":{"self":[{"href":"https:\/\/stylingagenten.com\/no\/wp-json\/wp\/v2\/product\/392042","targetHints":{"allow":["GET"]}}],"collection":[{"href":"https:\/\/stylingagenten.com\/no\/wp-json\/wp\/v2\/product"}],"about":[{"href":"https:\/\/stylingagenten.com\/no\/wp-json\/wp\/v2\/types\/product"}],"replies":[{"embeddable":true,"href":"https:\/\/stylingagenten.com\/no\/wp-json\/wp\/v2\/comments?post=392042"}],"version-history":[{"count":0,"href":"https:\/\/stylingagenten.com\/no\/wp-json\/wp\/v2\/product\/392042\/revisions"}],"wp:featuredmedia":[{"embeddable":true,"href":"https:\/\/stylingagenten.com\/no\/wp-json\/wp\/v2\/media\/392039"}],"wp:attachment":[{"href":"https:\/\/stylingagenten.com\/no\/wp-json\/wp\/v2\/media?parent=392042"}],"wp:term":[{"taxonomy":"product_brand","embeddable":true,"href":"https:\/\/stylingagenten.com\/no\/wp-json\/wp\/v2\/product_brand?post=392042"},{"taxonomy":"product_cat","embeddable":true,"href":"https:\/\/stylingagenten.com\/no\/wp-json\/wp\/v2\/product_cat?post=392042"},{"taxonomy":"product_tag","embeddable":true,"href":"https:\/\/stylingagenten.com\/no\/wp-json\/wp\/v2\/product_tag?post=392042"},{"taxonomy":"berocket_brand","embeddable":true,"href":"https:\/\/stylingagenten.com\/no\/wp-json\/wp\/v2\/berocket_brand?post=392042"}],"curies":[{"name":"wp","href":"https:\/\/api.w.org\/{rel}","templated":true}]}}