{"id":391980,"date":"2025-05-18T22:05:54","date_gmt":"2025-05-18T22:05:54","guid":{"rendered":"https:\/\/staging2.stylingagenten.com\/no\/produkt\/sachajuan-hairspray-light-and-flexible-75ml\/"},"modified":"2026-03-11T21:50:14","modified_gmt":"2026-03-11T21:50:14","slug":"sachajuan-hairspray-light-and-flexible-75ml","status":"publish","type":"product","link":"https:\/\/stylingagenten.com\/no\/produkt\/sachajuan-hairspray-light-and-flexible-75ml\/","title":{"rendered":"SACHAJUAN Hairspray Light and Flexible 75ml"},"content":{"rendered":"<p>SACHAJUAN Hairspray Lett og fleksibel gir deg styling med en naturlig f\u00f8lelse uten stivhet eller klebrighet. Brukes steg for steg for \u00e5 lage frisyren. Sprayen vil ikke tynge h\u00e5ret, men gir et fleksibelt naturlig hold med glans.<\/p>\n<p>75ml<\/p>\n","protected":false},"excerpt":{"rendered":"<p>SACHAJUAN Hairspray Lett og fleksibel gir deg styling med en naturlig f\u00f8lelse uten stivhet eller klebrighet. Brukes steg for steg for \u00e5 lage frisyren. Sprayen vil ikke tynge h\u00e5ret, men gir et fleksibelt naturlig hold med glans. 75ml<\/p>\n","protected":false},"featured_media":391979,"comment_status":"open","ping_status":"closed","template":"","meta":{"_trash_the_other_posts":false},"product_brand":[],"product_cat":[576],"product_tag":[3945],"berocket_brand":[1409],"class_list":{"0":"post-391980","1":"product","2":"type-product","3":"status-publish","4":"has-post-thumbnail","6":"product_cat-harspray","7":"product_tag-sachajuan-hairspray-light-and-flexible","8":"pa_brand-sachajuan","9":"pa_variant-75ml","10":"berocket_brand-sachajuan","12":"first","13":"instock","14":"sale","15":"taxable","16":"shipping-taxable","17":"purchasable","18":"product-type-simple"},"_links":{"self":[{"href":"https:\/\/stylingagenten.com\/no\/wp-json\/wp\/v2\/product\/391980","targetHints":{"allow":["GET"]}}],"collection":[{"href":"https:\/\/stylingagenten.com\/no\/wp-json\/wp\/v2\/product"}],"about":[{"href":"https:\/\/stylingagenten.com\/no\/wp-json\/wp\/v2\/types\/product"}],"replies":[{"embeddable":true,"href":"https:\/\/stylingagenten.com\/no\/wp-json\/wp\/v2\/comments?post=391980"}],"version-history":[{"count":0,"href":"https:\/\/stylingagenten.com\/no\/wp-json\/wp\/v2\/product\/391980\/revisions"}],"wp:featuredmedia":[{"embeddable":true,"href":"https:\/\/stylingagenten.com\/no\/wp-json\/wp\/v2\/media\/391979"}],"wp:attachment":[{"href":"https:\/\/stylingagenten.com\/no\/wp-json\/wp\/v2\/media?parent=391980"}],"wp:term":[{"taxonomy":"product_brand","embeddable":true,"href":"https:\/\/stylingagenten.com\/no\/wp-json\/wp\/v2\/product_brand?post=391980"},{"taxonomy":"product_cat","embeddable":true,"href":"https:\/\/stylingagenten.com\/no\/wp-json\/wp\/v2\/product_cat?post=391980"},{"taxonomy":"product_tag","embeddable":true,"href":"https:\/\/stylingagenten.com\/no\/wp-json\/wp\/v2\/product_tag?post=391980"},{"taxonomy":"berocket_brand","embeddable":true,"href":"https:\/\/stylingagenten.com\/no\/wp-json\/wp\/v2\/berocket_brand?post=391980"}],"curies":[{"name":"wp","href":"https:\/\/api.w.org\/{rel}","templated":true}]}}