{"id":391952,"date":"2025-05-18T22:05:43","date_gmt":"2025-05-18T22:05:43","guid":{"rendered":"https:\/\/staging2.stylingagenten.com\/no\/produkt\/living-proof-style-lab-flex-shaping-hairspray-246ml\/"},"modified":"2026-04-08T15:29:19","modified_gmt":"2026-04-08T15:29:19","slug":"living-proof-style-lab-flex-shaping-hairspray-246ml","status":"publish","type":"product","link":"https:\/\/stylingagenten.com\/no\/produkt\/living-proof-style-lab-flex-shaping-hairspray-246ml\/","title":{"rendered":"Living Proof Style Lab Flex Shaping Hairspray 246ml"},"content":{"rendered":"<p>Living Proof Style Lab Flex Shaping Hairspray med middels hold kan brukes til \u00e5 fiksere, style og avslutte uten stivhet, noe som gj\u00f8r h\u00e5ret ber\u00f8rbart og b\u00f8rstbart.<\/p>\n<p>Fordeler:<br \/>\n<br \/>\u2022Gir fleksibel, ber\u00f8rbar kontroll<br \/>\n<br \/>\u2022Kan b\u00f8rstes, legges i lag og gj\u00f8res om igjen<br \/>\n<br \/>\u2022Varmebeskyttelse opptil 210\u00b0C<\/p>\n<p>246 ml<\/p>\n","protected":false},"excerpt":{"rendered":"<p>Living Proof Style Lab Flex Shaping Hairspray med middels hold kan brukes til \u00e5 fiksere, style og avslutte uten stivhet, noe som gj\u00f8r h\u00e5ret ber\u00f8rbart og b\u00f8rstbart. Fordeler: \u2022Gir fleksibel, ber\u00f8rbar kontroll \u2022Kan b\u00f8rstes, legges i lag og gj\u00f8res om igjen \u2022Varmebeskyttelse opptil 210\u00b0C 246 ml<\/p>\n","protected":false},"featured_media":391945,"comment_status":"open","ping_status":"closed","template":"","meta":{"_trash_the_other_posts":false},"product_brand":[],"product_cat":[576],"product_tag":[],"berocket_brand":[1392],"class_list":{"0":"post-391952","1":"product","2":"type-product","3":"status-publish","4":"has-post-thumbnail","6":"product_cat-harspray","7":"pa_brand-living-proof","8":"berocket_brand-living-proof","10":"first","11":"outofstock","12":"sale","13":"taxable","14":"shipping-taxable","15":"purchasable","16":"product-type-simple"},"_links":{"self":[{"href":"https:\/\/stylingagenten.com\/no\/wp-json\/wp\/v2\/product\/391952","targetHints":{"allow":["GET"]}}],"collection":[{"href":"https:\/\/stylingagenten.com\/no\/wp-json\/wp\/v2\/product"}],"about":[{"href":"https:\/\/stylingagenten.com\/no\/wp-json\/wp\/v2\/types\/product"}],"replies":[{"embeddable":true,"href":"https:\/\/stylingagenten.com\/no\/wp-json\/wp\/v2\/comments?post=391952"}],"version-history":[{"count":0,"href":"https:\/\/stylingagenten.com\/no\/wp-json\/wp\/v2\/product\/391952\/revisions"}],"wp:featuredmedia":[{"embeddable":true,"href":"https:\/\/stylingagenten.com\/no\/wp-json\/wp\/v2\/media\/391945"}],"wp:attachment":[{"href":"https:\/\/stylingagenten.com\/no\/wp-json\/wp\/v2\/media?parent=391952"}],"wp:term":[{"taxonomy":"product_brand","embeddable":true,"href":"https:\/\/stylingagenten.com\/no\/wp-json\/wp\/v2\/product_brand?post=391952"},{"taxonomy":"product_cat","embeddable":true,"href":"https:\/\/stylingagenten.com\/no\/wp-json\/wp\/v2\/product_cat?post=391952"},{"taxonomy":"product_tag","embeddable":true,"href":"https:\/\/stylingagenten.com\/no\/wp-json\/wp\/v2\/product_tag?post=391952"},{"taxonomy":"berocket_brand","embeddable":true,"href":"https:\/\/stylingagenten.com\/no\/wp-json\/wp\/v2\/berocket_brand?post=391952"}],"curies":[{"name":"wp","href":"https:\/\/api.w.org\/{rel}","templated":true}]}}