{"id":391939,"date":"2025-05-18T22:05:39","date_gmt":"2025-05-18T22:05:39","guid":{"rendered":"https:\/\/staging2.stylingagenten.com\/no\/produkt\/living-proof-full-dry-volume-texture-spray-95ml\/"},"modified":"2026-04-08T15:29:05","modified_gmt":"2026-04-08T15:29:05","slug":"living-proof-full-dry-volume-texture-spray-95ml","status":"publish","type":"product","link":"https:\/\/stylingagenten.com\/no\/produkt\/living-proof-full-dry-volume-texture-spray-95ml\/","title":{"rendered":"Living Proof Full Dry Volume &amp; Texture Spray 95ml"},"content":{"rendered":"<p>Living Proof Full Dry Volume &amp; Texture Spray \u00f8ker volumet eller teksturen p\u00e5 ulike frisyrer for en feilfri perfekt, innarbeidet look og f\u00f8lelse.<\/p>\n<p>-Gir umiddelbar, gjenopplivbar og langvarig volum og tekstur<br \/>\n<br \/>-Gir byggbar, ikke-klebrig grep for \u00f8kt stylingmulighet<br \/>\n<br \/>-Varmebeskyttelse opp til 210\u00b0C<br \/>\n<br \/>-Absorberer lett olje for \u00e5 forlenge levetiden p\u00e5 din look<br \/>\n<br \/>-Forvandler umiddelbart fint, flatt eller tynt h\u00e5r<br \/>\n<br \/>-Fungerer p\u00e5 t\u00f8rt h\u00e5r, slik at du kan bruke den n\u00e5r som helst, hvor som helst.<\/p>\n","protected":false},"excerpt":{"rendered":"<p>Living Proof Full Dry Volume &amp; Texture Spray \u00f8ker volumet eller teksturen p\u00e5 ulike frisyrer for en feilfri perfekt, innarbeidet look og f\u00f8lelse. -Gir umiddelbar, gjenopplivbar og langvarig volum og tekstur -Gir byggbar, ikke-klebrig grep for \u00f8kt stylingmulighet -Varmebeskyttelse opp til 210\u00b0C -Absorberer lett olje for \u00e5 forlenge levetiden p\u00e5 din look -Forvandler umiddelbart fint, [&hellip;]<\/p>\n","protected":false},"featured_media":391931,"comment_status":"open","ping_status":"closed","template":"","meta":{"_trash_the_other_posts":false},"product_brand":[],"product_cat":[576],"product_tag":[3217],"berocket_brand":[1392],"class_list":{"0":"post-391939","1":"product","2":"type-product","3":"status-publish","4":"has-post-thumbnail","6":"product_cat-harspray","7":"product_tag-living-proof-full-dry-volume-texture-spray","8":"pa_brand-living-proof","9":"pa_variant-95ml","10":"berocket_brand-living-proof","12":"first","13":"outofstock","14":"sale","15":"taxable","16":"shipping-taxable","17":"purchasable","18":"product-type-simple"},"_links":{"self":[{"href":"https:\/\/stylingagenten.com\/no\/wp-json\/wp\/v2\/product\/391939","targetHints":{"allow":["GET"]}}],"collection":[{"href":"https:\/\/stylingagenten.com\/no\/wp-json\/wp\/v2\/product"}],"about":[{"href":"https:\/\/stylingagenten.com\/no\/wp-json\/wp\/v2\/types\/product"}],"replies":[{"embeddable":true,"href":"https:\/\/stylingagenten.com\/no\/wp-json\/wp\/v2\/comments?post=391939"}],"version-history":[{"count":0,"href":"https:\/\/stylingagenten.com\/no\/wp-json\/wp\/v2\/product\/391939\/revisions"}],"wp:featuredmedia":[{"embeddable":true,"href":"https:\/\/stylingagenten.com\/no\/wp-json\/wp\/v2\/media\/391931"}],"wp:attachment":[{"href":"https:\/\/stylingagenten.com\/no\/wp-json\/wp\/v2\/media?parent=391939"}],"wp:term":[{"taxonomy":"product_brand","embeddable":true,"href":"https:\/\/stylingagenten.com\/no\/wp-json\/wp\/v2\/product_brand?post=391939"},{"taxonomy":"product_cat","embeddable":true,"href":"https:\/\/stylingagenten.com\/no\/wp-json\/wp\/v2\/product_cat?post=391939"},{"taxonomy":"product_tag","embeddable":true,"href":"https:\/\/stylingagenten.com\/no\/wp-json\/wp\/v2\/product_tag?post=391939"},{"taxonomy":"berocket_brand","embeddable":true,"href":"https:\/\/stylingagenten.com\/no\/wp-json\/wp\/v2\/berocket_brand?post=391939"}],"curies":[{"name":"wp","href":"https:\/\/api.w.org\/{rel}","templated":true}]}}