{"id":391925,"date":"2025-05-18T22:05:33","date_gmt":"2025-05-18T22:05:33","guid":{"rendered":"https:\/\/staging2.stylingagenten.com\/no\/produkt\/paul-mitchell-awapuhi-wild-ginger-anti-frizz-hairspray-307ml\/"},"modified":"2026-04-08T15:29:32","modified_gmt":"2026-04-08T15:29:32","slug":"paul-mitchell-awapuhi-wild-ginger-anti-frizz-hairspray-307ml","status":"publish","type":"product","link":"https:\/\/stylingagenten.com\/no\/produkt\/paul-mitchell-awapuhi-wild-ginger-anti-frizz-hairspray-307ml\/","title":{"rendered":"Paul Mitchell Awapuhi Wild Ginger Anti-Frizz Hairspray 307ml"},"content":{"rendered":"<p>Gi h\u00e5ret ditt den ultimate beskyttelsen mot frizz og oppretthold stylingen med Paul Mitchell Awapuhi Wild Ginger Anti-Frizz Hairspray. Denne hurtigt\u00f8rkende h\u00e5rsprayen er designet for \u00e5 spre seg jevnt og glatt over h\u00e5ret ditt, og skaper et fuktighetsbestandig nett som effektivt beskytter mot frizz.<\/p>\n<p>Beriket med h\u00e5ndplukket awapuhi-ekstrakt fra Hawaii, bekjemper denne sprayen ikke bare frizz, men n\u00e6rer ogs\u00e5 h\u00e5ret ditt med essensiell fuktighet og glans. Den middels sterke formelen sikrer balansert fuktighet, noe som resulterer i en myk og frisk finish hver gang du bruker den.<\/p>\n<p>307ml<\/p>\n","protected":false},"excerpt":{"rendered":"<p>Gi h\u00e5ret ditt den ultimate beskyttelsen mot frizz og oppretthold stylingen med Paul Mitchell Awapuhi Wild Ginger Anti-Frizz Hairspray. Denne hurtigt\u00f8rkende h\u00e5rsprayen er designet for \u00e5 spre seg jevnt og glatt over h\u00e5ret ditt, og skaper et fuktighetsbestandig nett som effektivt beskytter mot frizz. Beriket med h\u00e5ndplukket awapuhi-ekstrakt fra Hawaii, bekjemper denne sprayen ikke bare [&hellip;]<\/p>\n","protected":false},"featured_media":391917,"comment_status":"open","ping_status":"closed","template":"","meta":{"_trash_the_other_posts":false},"product_brand":[],"product_cat":[576],"product_tag":[3743],"berocket_brand":[1053],"class_list":{"0":"post-391925","1":"product","2":"type-product","3":"status-publish","4":"has-post-thumbnail","6":"product_cat-harspray","7":"product_tag-paul-mitchell-awapuhi-wild-ginger-anti-frizz-hairspray","8":"pa_brand-paul-mitchell","9":"pa_variant-307ml","10":"berocket_brand-paul-mitchell","12":"first","13":"instock","14":"sale","15":"taxable","16":"shipping-taxable","17":"purchasable","18":"product-type-simple"},"_links":{"self":[{"href":"https:\/\/stylingagenten.com\/no\/wp-json\/wp\/v2\/product\/391925","targetHints":{"allow":["GET"]}}],"collection":[{"href":"https:\/\/stylingagenten.com\/no\/wp-json\/wp\/v2\/product"}],"about":[{"href":"https:\/\/stylingagenten.com\/no\/wp-json\/wp\/v2\/types\/product"}],"replies":[{"embeddable":true,"href":"https:\/\/stylingagenten.com\/no\/wp-json\/wp\/v2\/comments?post=391925"}],"version-history":[{"count":0,"href":"https:\/\/stylingagenten.com\/no\/wp-json\/wp\/v2\/product\/391925\/revisions"}],"wp:featuredmedia":[{"embeddable":true,"href":"https:\/\/stylingagenten.com\/no\/wp-json\/wp\/v2\/media\/391917"}],"wp:attachment":[{"href":"https:\/\/stylingagenten.com\/no\/wp-json\/wp\/v2\/media?parent=391925"}],"wp:term":[{"taxonomy":"product_brand","embeddable":true,"href":"https:\/\/stylingagenten.com\/no\/wp-json\/wp\/v2\/product_brand?post=391925"},{"taxonomy":"product_cat","embeddable":true,"href":"https:\/\/stylingagenten.com\/no\/wp-json\/wp\/v2\/product_cat?post=391925"},{"taxonomy":"product_tag","embeddable":true,"href":"https:\/\/stylingagenten.com\/no\/wp-json\/wp\/v2\/product_tag?post=391925"},{"taxonomy":"berocket_brand","embeddable":true,"href":"https:\/\/stylingagenten.com\/no\/wp-json\/wp\/v2\/berocket_brand?post=391925"}],"curies":[{"name":"wp","href":"https:\/\/api.w.org\/{rel}","templated":true}]}}