{"id":391895,"date":"2025-05-18T22:05:16","date_gmt":"2025-05-18T22:05:16","guid":{"rendered":"https:\/\/staging2.stylingagenten.com\/no\/produkt\/joico-joimist-firm-protective-finishing-spray-300ml\/"},"modified":"2026-04-14T06:28:33","modified_gmt":"2026-04-14T06:28:33","slug":"joico-joimist-firm-protective-finishing-spray-300ml","status":"publish","type":"product","link":"https:\/\/stylingagenten.com\/no\/produkt\/joico-joimist-firm-protective-finishing-spray-300ml\/","title":{"rendered":"Joico JoiMist Firm Protective Finishing Spray 300ml"},"content":{"rendered":"<p>Joico JoiMist Firm Protective Finishing Spray l\u00e5ser frisyren din med en holdbarhet p\u00e5 opptil niv\u00e5 9 og holder unna elementer som kan \u00f8delegge frisyren din, for en finish som holder seg p\u00e5 plass og kan motst\u00e5 fuktighet og forurensning.<\/p>\n<p>300ml<\/p>\n","protected":false},"excerpt":{"rendered":"<p>Joico JoiMist Firm Protective Finishing Spray l\u00e5ser frisyren din med en holdbarhet p\u00e5 opptil niv\u00e5 9 og holder unna elementer som kan \u00f8delegge frisyren din, for en finish som holder seg p\u00e5 plass og kan motst\u00e5 fuktighet og forurensning. 300ml<\/p>\n","protected":false},"featured_media":391894,"comment_status":"open","ping_status":"closed","template":"","meta":{"_trash_the_other_posts":false},"product_brand":[],"product_cat":[576],"product_tag":[],"berocket_brand":[1372],"class_list":{"0":"post-391895","1":"product","2":"type-product","3":"status-publish","4":"has-post-thumbnail","6":"product_cat-harspray","7":"pa_brand-joico","8":"berocket_brand-joico","10":"first","11":"instock","12":"sale","13":"taxable","14":"shipping-taxable","15":"purchasable","16":"product-type-simple"},"_links":{"self":[{"href":"https:\/\/stylingagenten.com\/no\/wp-json\/wp\/v2\/product\/391895","targetHints":{"allow":["GET"]}}],"collection":[{"href":"https:\/\/stylingagenten.com\/no\/wp-json\/wp\/v2\/product"}],"about":[{"href":"https:\/\/stylingagenten.com\/no\/wp-json\/wp\/v2\/types\/product"}],"replies":[{"embeddable":true,"href":"https:\/\/stylingagenten.com\/no\/wp-json\/wp\/v2\/comments?post=391895"}],"version-history":[{"count":0,"href":"https:\/\/stylingagenten.com\/no\/wp-json\/wp\/v2\/product\/391895\/revisions"}],"wp:featuredmedia":[{"embeddable":true,"href":"https:\/\/stylingagenten.com\/no\/wp-json\/wp\/v2\/media\/391894"}],"wp:attachment":[{"href":"https:\/\/stylingagenten.com\/no\/wp-json\/wp\/v2\/media?parent=391895"}],"wp:term":[{"taxonomy":"product_brand","embeddable":true,"href":"https:\/\/stylingagenten.com\/no\/wp-json\/wp\/v2\/product_brand?post=391895"},{"taxonomy":"product_cat","embeddable":true,"href":"https:\/\/stylingagenten.com\/no\/wp-json\/wp\/v2\/product_cat?post=391895"},{"taxonomy":"product_tag","embeddable":true,"href":"https:\/\/stylingagenten.com\/no\/wp-json\/wp\/v2\/product_tag?post=391895"},{"taxonomy":"berocket_brand","embeddable":true,"href":"https:\/\/stylingagenten.com\/no\/wp-json\/wp\/v2\/berocket_brand?post=391895"}],"curies":[{"name":"wp","href":"https:\/\/api.w.org\/{rel}","templated":true}]}}