{"id":391871,"date":"2025-05-18T22:05:01","date_gmt":"2025-05-18T22:05:01","guid":{"rendered":"https:\/\/staging2.stylingagenten.com\/no\/produkt\/balmain-texturizing-volume-spray-75ml\/"},"modified":"2025-11-19T09:45:05","modified_gmt":"2025-11-19T09:45:05","slug":"balmain-texturizing-volume-spray-75ml","status":"publish","type":"product","link":"https:\/\/stylingagenten.com\/no\/produkt\/balmain-texturizing-volume-spray-75ml\/","title":{"rendered":"Balmain Texturizing Volume Spray 75ml"},"content":{"rendered":"<p>Ultimat volum, Umiddelbar rotl\u00f8ft, Sterkt hold, Langvarig, og Signatur: Balmain Texturizing Volume Spray er en allsidig spray som gir umiddelbart rotl\u00f8ft med sterkt hold for ultimat volum. Produktet gir langvarig volum, definisjon og tekstur til h\u00e5ret p\u00e5 f\u00e5 minutter. Det gir nytt liv til h\u00e5ret, og resultatet er synlig med en gang. Det hemmelige v\u00e5penet for ekstra volum!<\/p>\n<p>75 ml<\/p>\n","protected":false},"excerpt":{"rendered":"<p>Ultimat volum, Umiddelbar rotl\u00f8ft, Sterkt hold, Langvarig, og Signatur: Balmain Texturizing Volume Spray er en allsidig spray som gir umiddelbart rotl\u00f8ft med sterkt hold for ultimat volum. Produktet gir langvarig volum, definisjon og tekstur til h\u00e5ret p\u00e5 f\u00e5 minutter. Det gir nytt liv til h\u00e5ret, og resultatet er synlig med en gang. Det hemmelige v\u00e5penet [&hellip;]<\/p>\n","protected":false},"featured_media":391869,"comment_status":"open","ping_status":"closed","template":"","meta":{"_trash_the_other_posts":false},"product_brand":[],"product_cat":[616],"product_tag":[2458],"berocket_brand":[1144],"class_list":{"0":"post-391871","1":"product","2":"type-product","3":"status-publish","4":"has-post-thumbnail","6":"product_cat-volumpulver","7":"product_tag-balmain-texturizing-volume-spray","8":"pa_brand-balmain","9":"pa_variant-75ml","10":"berocket_brand-balmain","12":"first","13":"outofstock","14":"taxable","15":"shipping-taxable","16":"purchasable","17":"product-type-simple"},"_links":{"self":[{"href":"https:\/\/stylingagenten.com\/no\/wp-json\/wp\/v2\/product\/391871","targetHints":{"allow":["GET"]}}],"collection":[{"href":"https:\/\/stylingagenten.com\/no\/wp-json\/wp\/v2\/product"}],"about":[{"href":"https:\/\/stylingagenten.com\/no\/wp-json\/wp\/v2\/types\/product"}],"replies":[{"embeddable":true,"href":"https:\/\/stylingagenten.com\/no\/wp-json\/wp\/v2\/comments?post=391871"}],"version-history":[{"count":0,"href":"https:\/\/stylingagenten.com\/no\/wp-json\/wp\/v2\/product\/391871\/revisions"}],"wp:featuredmedia":[{"embeddable":true,"href":"https:\/\/stylingagenten.com\/no\/wp-json\/wp\/v2\/media\/391869"}],"wp:attachment":[{"href":"https:\/\/stylingagenten.com\/no\/wp-json\/wp\/v2\/media?parent=391871"}],"wp:term":[{"taxonomy":"product_brand","embeddable":true,"href":"https:\/\/stylingagenten.com\/no\/wp-json\/wp\/v2\/product_brand?post=391871"},{"taxonomy":"product_cat","embeddable":true,"href":"https:\/\/stylingagenten.com\/no\/wp-json\/wp\/v2\/product_cat?post=391871"},{"taxonomy":"product_tag","embeddable":true,"href":"https:\/\/stylingagenten.com\/no\/wp-json\/wp\/v2\/product_tag?post=391871"},{"taxonomy":"berocket_brand","embeddable":true,"href":"https:\/\/stylingagenten.com\/no\/wp-json\/wp\/v2\/berocket_brand?post=391871"}],"curies":[{"name":"wp","href":"https:\/\/api.w.org\/{rel}","templated":true}]}}