{"id":391829,"date":"2025-05-18T22:04:36","date_gmt":"2025-05-18T22:04:36","guid":{"rendered":"https:\/\/staging2.stylingagenten.com\/no\/produkt\/paul-mitchell-color-protect-reconstructive-treatment-150ml\/"},"modified":"2026-03-11T21:51:15","modified_gmt":"2026-03-11T21:51:15","slug":"paul-mitchell-color-protect-reconstructive-treatment-150ml","status":"publish","type":"product","link":"https:\/\/stylingagenten.com\/no\/produkt\/paul-mitchell-color-protect-reconstructive-treatment-150ml\/","title":{"rendered":"Paul Mitchell Color Protect Reconstructive Treatment 150ml"},"content":{"rendered":"<p>En proteinkur som l\u00f8ser ut, reparerer h\u00e5rstrukturen og gj\u00f8r h\u00e5ret elastisk.<br \/>Bekjemper flisete tupper.<br \/>Solbeskyttelsesfilter mot b\u00e5de UVA- og UVB-str\u00e5ler.<\/p>\n","protected":false},"excerpt":{"rendered":"<p>En proteinkur som l\u00f8ser ut, reparerer h\u00e5rstrukturen og gj\u00f8r h\u00e5ret elastisk.Bekjemper flisete tupper.Solbeskyttelsesfilter mot b\u00e5de UVA- og UVB-str\u00e5ler.<\/p>\n","protected":false},"featured_media":391828,"comment_status":"open","ping_status":"closed","template":"","meta":{"_trash_the_other_posts":false},"product_brand":[],"product_cat":[615],"product_tag":[],"berocket_brand":[1053],"class_list":{"0":"post-391829","1":"product","2":"type-product","3":"status-publish","4":"has-post-thumbnail","6":"product_cat-harserum","7":"pa_brand-paul-mitchell","8":"berocket_brand-paul-mitchell","10":"first","11":"instock","12":"sale","13":"taxable","14":"shipping-taxable","15":"purchasable","16":"product-type-simple"},"_links":{"self":[{"href":"https:\/\/stylingagenten.com\/no\/wp-json\/wp\/v2\/product\/391829","targetHints":{"allow":["GET"]}}],"collection":[{"href":"https:\/\/stylingagenten.com\/no\/wp-json\/wp\/v2\/product"}],"about":[{"href":"https:\/\/stylingagenten.com\/no\/wp-json\/wp\/v2\/types\/product"}],"replies":[{"embeddable":true,"href":"https:\/\/stylingagenten.com\/no\/wp-json\/wp\/v2\/comments?post=391829"}],"version-history":[{"count":0,"href":"https:\/\/stylingagenten.com\/no\/wp-json\/wp\/v2\/product\/391829\/revisions"}],"wp:featuredmedia":[{"embeddable":true,"href":"https:\/\/stylingagenten.com\/no\/wp-json\/wp\/v2\/media\/391828"}],"wp:attachment":[{"href":"https:\/\/stylingagenten.com\/no\/wp-json\/wp\/v2\/media?parent=391829"}],"wp:term":[{"taxonomy":"product_brand","embeddable":true,"href":"https:\/\/stylingagenten.com\/no\/wp-json\/wp\/v2\/product_brand?post=391829"},{"taxonomy":"product_cat","embeddable":true,"href":"https:\/\/stylingagenten.com\/no\/wp-json\/wp\/v2\/product_cat?post=391829"},{"taxonomy":"product_tag","embeddable":true,"href":"https:\/\/stylingagenten.com\/no\/wp-json\/wp\/v2\/product_tag?post=391829"},{"taxonomy":"berocket_brand","embeddable":true,"href":"https:\/\/stylingagenten.com\/no\/wp-json\/wp\/v2\/berocket_brand?post=391829"}],"curies":[{"name":"wp","href":"https:\/\/api.w.org\/{rel}","templated":true}]}}