{"id":391780,"date":"2025-05-18T22:03:43","date_gmt":"2025-05-18T22:03:43","guid":{"rendered":"https:\/\/staging2.stylingagenten.com\/no\/produkt\/goldwell-dualsenses-rich-repair-6-effect-serum-100ml\/"},"modified":"2026-04-14T06:48:36","modified_gmt":"2026-04-14T06:48:36","slug":"goldwell-dualsenses-rich-repair-6-effect-serum-100ml","status":"publish","type":"product","link":"https:\/\/stylingagenten.com\/no\/produkt\/goldwell-dualsenses-rich-repair-6-effect-serum-100ml\/","title":{"rendered":"Goldwell Dualsenses Rich Repair 6 Effect Serum 100ml"},"content":{"rendered":"<p>Goldwell Dualsenses Rich Repair 6 Effects Serum er perfekt for skadet h\u00e5r. Inneholder IntraLipid Complex som reparerer h\u00e5ret fra innsiden og ut. Lipider erstattes effektivt av dybden for intensiv rekonstruksjon av den indre h\u00e5rstrukturen samt de skadede lididene i kutikulalaget.<\/p>\n<p>Serumet har seks regenererende effekter:<br \/>Reduserer antall \u00f8delagte h\u00e5rstr\u00e5<br \/> Gir en silkeaktig f\u00f8lelse<br \/>&amp;Oumlcked elastisitet<br \/>Gir sunt h\u00e5r p\u00e5 lengdene og i tuppene<br \/>Gir umiddelbar glans<br \/>&nbsp;&Aring;gjenoppretter h\u00e5rets struktur.<\/p>\n<p>P\u00e5f\u00f8r 1-2 pumpedoser i h\u00e5ndklet\u00f8rt eller t\u00f8rt h\u00e5r. Fordel jevnt i h\u00e5ret. B\u00f8r ikke skylles ut.<\/p>\n","protected":false},"excerpt":{"rendered":"<p>Goldwell Dualsenses Rich Repair 6 Effects Serum er perfekt for skadet h\u00e5r. Inneholder IntraLipid Complex som reparerer h\u00e5ret fra innsiden og ut. Lipider erstattes effektivt av dybden for intensiv rekonstruksjon av den indre h\u00e5rstrukturen samt de skadede lididene i kutikulalaget. Serumet har seks regenererende effekter:Reduserer antall \u00f8delagte h\u00e5rstr\u00e5 Gir en silkeaktig f\u00f8lelse&amp;Oumlcked elastisitetGir sunt h\u00e5r [&hellip;]<\/p>\n","protected":false},"featured_media":391779,"comment_status":"open","ping_status":"closed","template":"","meta":{"_trash_the_other_posts":false},"product_brand":[],"product_cat":[615],"product_tag":[],"berocket_brand":[1328],"class_list":{"0":"post-391780","1":"product","2":"type-product","3":"status-publish","4":"has-post-thumbnail","6":"product_cat-harserum","7":"pa_brand-goldwell","8":"berocket_brand-goldwell","10":"first","11":"instock","12":"sale","13":"taxable","14":"shipping-taxable","15":"purchasable","16":"product-type-simple"},"_links":{"self":[{"href":"https:\/\/stylingagenten.com\/no\/wp-json\/wp\/v2\/product\/391780","targetHints":{"allow":["GET"]}}],"collection":[{"href":"https:\/\/stylingagenten.com\/no\/wp-json\/wp\/v2\/product"}],"about":[{"href":"https:\/\/stylingagenten.com\/no\/wp-json\/wp\/v2\/types\/product"}],"replies":[{"embeddable":true,"href":"https:\/\/stylingagenten.com\/no\/wp-json\/wp\/v2\/comments?post=391780"}],"version-history":[{"count":0,"href":"https:\/\/stylingagenten.com\/no\/wp-json\/wp\/v2\/product\/391780\/revisions"}],"wp:featuredmedia":[{"embeddable":true,"href":"https:\/\/stylingagenten.com\/no\/wp-json\/wp\/v2\/media\/391779"}],"wp:attachment":[{"href":"https:\/\/stylingagenten.com\/no\/wp-json\/wp\/v2\/media?parent=391780"}],"wp:term":[{"taxonomy":"product_brand","embeddable":true,"href":"https:\/\/stylingagenten.com\/no\/wp-json\/wp\/v2\/product_brand?post=391780"},{"taxonomy":"product_cat","embeddable":true,"href":"https:\/\/stylingagenten.com\/no\/wp-json\/wp\/v2\/product_cat?post=391780"},{"taxonomy":"product_tag","embeddable":true,"href":"https:\/\/stylingagenten.com\/no\/wp-json\/wp\/v2\/product_tag?post=391780"},{"taxonomy":"berocket_brand","embeddable":true,"href":"https:\/\/stylingagenten.com\/no\/wp-json\/wp\/v2\/berocket_brand?post=391780"}],"curies":[{"name":"wp","href":"https:\/\/api.w.org\/{rel}","templated":true}]}}