{"id":391765,"date":"2025-05-18T22:03:29","date_gmt":"2025-05-18T22:03:29","guid":{"rendered":"https:\/\/staging2.stylingagenten.com\/no\/produkt\/brave-new-hair-growth-root-spray-100ml\/"},"modified":"2026-03-24T16:26:33","modified_gmt":"2026-03-24T16:26:33","slug":"brave-new-hair-growth-root-spray-100ml","status":"publish","type":"product","link":"https:\/\/stylingagenten.com\/no\/produkt\/brave-new-hair-growth-root-spray-100ml\/","title":{"rendered":"Brave. New. Hair. Growth Root Spray 100ml"},"content":{"rendered":"<p>Root Spray fra Brave New Hair spray som stimulerer h\u00e5rvekst og beskytter mot h\u00e5rtap.<br \/>Med stamceller fra gr\u00f8nne druer, rakett, gr\u00f8nn valn\u00f8tt og eteriske oljer gir h\u00e5ret nytt liv.<\/p>\n<p> Fordeler:<\/p>\n<p>\u00e2\u2014 Stimulerer mikrosirkulasjonen<\/p>\n<p>\u00e2\u2014 Styrker h\u00e5ret p\u00e5 bare tre uker<\/p>\n<p>\u00e2\u2014 Reduserer h\u00e5rtap p\u00e5 bare tre uker<\/p>\n<p>\u00e2\u2014 Stimulerer h\u00e5rsekkene<\/p>\n<p>\u00e2\u2014 Forlenger h\u00e5rets levetid<\/p>\n<p>\u00e2\u2014 &Ouml;kar veksten av nytt og sunt h\u00e5r<\/p>\n<p>Bruk: Spray p\u00e5; hodebunnen etter bruk av sjampoen i samme serie. Masser sprayen forsiktig inn i hodebunnen og t\u00f8rk h\u00e5ret. Ikke vask! Bruk regelmessig for optimale resultater.<\/p>\n<p>Fri for:<br \/>sulfater<br \/>silikoner<br \/>tilsatt salt<br \/>petrolatum<br \/>Ingredienser av animalsk opprinnelse<\/p>\n","protected":false},"excerpt":{"rendered":"<p>Root Spray fra Brave New Hair spray som stimulerer h\u00e5rvekst og beskytter mot h\u00e5rtap.Med stamceller fra gr\u00f8nne druer, rakett, gr\u00f8nn valn\u00f8tt og eteriske oljer gir h\u00e5ret nytt liv. Fordeler: \u00e2\u2014 Stimulerer mikrosirkulasjonen \u00e2\u2014 Styrker h\u00e5ret p\u00e5 bare tre uker \u00e2\u2014 Reduserer h\u00e5rtap p\u00e5 bare tre uker \u00e2\u2014 Stimulerer h\u00e5rsekkene \u00e2\u2014 Forlenger h\u00e5rets levetid \u00e2\u2014 &Ouml;kar [&hellip;]<\/p>\n","protected":false},"featured_media":391763,"comment_status":"open","ping_status":"closed","template":"","meta":{"_trash_the_other_posts":false},"product_brand":[],"product_cat":[615],"product_tag":[],"berocket_brand":[1211],"class_list":{"0":"post-391765","1":"product","2":"type-product","3":"status-publish","4":"has-post-thumbnail","6":"product_cat-harserum","7":"pa_brand-brave-new-hair","8":"berocket_brand-brave-new-hair","10":"first","11":"instock","12":"taxable","13":"shipping-taxable","14":"purchasable","15":"product-type-simple"},"_links":{"self":[{"href":"https:\/\/stylingagenten.com\/no\/wp-json\/wp\/v2\/product\/391765","targetHints":{"allow":["GET"]}}],"collection":[{"href":"https:\/\/stylingagenten.com\/no\/wp-json\/wp\/v2\/product"}],"about":[{"href":"https:\/\/stylingagenten.com\/no\/wp-json\/wp\/v2\/types\/product"}],"replies":[{"embeddable":true,"href":"https:\/\/stylingagenten.com\/no\/wp-json\/wp\/v2\/comments?post=391765"}],"version-history":[{"count":0,"href":"https:\/\/stylingagenten.com\/no\/wp-json\/wp\/v2\/product\/391765\/revisions"}],"wp:featuredmedia":[{"embeddable":true,"href":"https:\/\/stylingagenten.com\/no\/wp-json\/wp\/v2\/media\/391763"}],"wp:attachment":[{"href":"https:\/\/stylingagenten.com\/no\/wp-json\/wp\/v2\/media?parent=391765"}],"wp:term":[{"taxonomy":"product_brand","embeddable":true,"href":"https:\/\/stylingagenten.com\/no\/wp-json\/wp\/v2\/product_brand?post=391765"},{"taxonomy":"product_cat","embeddable":true,"href":"https:\/\/stylingagenten.com\/no\/wp-json\/wp\/v2\/product_cat?post=391765"},{"taxonomy":"product_tag","embeddable":true,"href":"https:\/\/stylingagenten.com\/no\/wp-json\/wp\/v2\/product_tag?post=391765"},{"taxonomy":"berocket_brand","embeddable":true,"href":"https:\/\/stylingagenten.com\/no\/wp-json\/wp\/v2\/berocket_brand?post=391765"}],"curies":[{"name":"wp","href":"https:\/\/api.w.org\/{rel}","templated":true}]}}