{"id":391761,"date":"2025-05-18T22:03:28","date_gmt":"2025-05-18T22:03:28","guid":{"rendered":"https:\/\/staging2.stylingagenten.com\/no\/produkt\/ida-warg-moisture-serum-100ml\/"},"modified":"2026-03-11T21:46:16","modified_gmt":"2026-03-11T21:46:16","slug":"ida-warg-moisture-serum-100ml","status":"publish","type":"product","link":"https:\/\/stylingagenten.com\/no\/produkt\/ida-warg-moisture-serum-100ml\/","title":{"rendered":"Ida Warg Moisture Serum 100ml"},"content":{"rendered":"<p>Ida Warg Moisture Serum er et fuktighetsgivende serum som motvirker frizz og beskytter negleb\u00e5ndet. Dette h\u00e5rserumet inneholder argan og avokadoolje som tilf\u00f8rer mykhet og glans. P\u00e5f\u00f8res i lengdene p&aring; h\u00e5ndklet\u00f8rt h\u00e5r eller t\u00f8rt h\u00e5r.&nbsp;<\/p>\n<p>grusomhetsfritt, 100 % vegansk<\/p>\n","protected":false},"excerpt":{"rendered":"<p>Ida Warg Moisture Serum er et fuktighetsgivende serum som motvirker frizz og beskytter negleb\u00e5ndet. Dette h\u00e5rserumet inneholder argan og avokadoolje som tilf\u00f8rer mykhet og glans. P\u00e5f\u00f8res i lengdene p&aring; h\u00e5ndklet\u00f8rt h\u00e5r eller t\u00f8rt h\u00e5r.&nbsp; grusomhetsfritt, 100 % vegansk<\/p>\n","protected":false},"featured_media":391753,"comment_status":"open","ping_status":"closed","template":"","meta":{"_trash_the_other_posts":false},"product_brand":[],"product_cat":[615],"product_tag":[],"berocket_brand":[1346],"class_list":{"0":"post-391761","1":"product","2":"type-product","3":"status-publish","4":"has-post-thumbnail","6":"product_cat-harserum","7":"pa_brand-ida-warg","8":"berocket_brand-ida-warg","10":"first","11":"instock","12":"sale","13":"taxable","14":"shipping-taxable","15":"purchasable","16":"product-type-simple"},"_links":{"self":[{"href":"https:\/\/stylingagenten.com\/no\/wp-json\/wp\/v2\/product\/391761","targetHints":{"allow":["GET"]}}],"collection":[{"href":"https:\/\/stylingagenten.com\/no\/wp-json\/wp\/v2\/product"}],"about":[{"href":"https:\/\/stylingagenten.com\/no\/wp-json\/wp\/v2\/types\/product"}],"replies":[{"embeddable":true,"href":"https:\/\/stylingagenten.com\/no\/wp-json\/wp\/v2\/comments?post=391761"}],"version-history":[{"count":0,"href":"https:\/\/stylingagenten.com\/no\/wp-json\/wp\/v2\/product\/391761\/revisions"}],"wp:featuredmedia":[{"embeddable":true,"href":"https:\/\/stylingagenten.com\/no\/wp-json\/wp\/v2\/media\/391753"}],"wp:attachment":[{"href":"https:\/\/stylingagenten.com\/no\/wp-json\/wp\/v2\/media?parent=391761"}],"wp:term":[{"taxonomy":"product_brand","embeddable":true,"href":"https:\/\/stylingagenten.com\/no\/wp-json\/wp\/v2\/product_brand?post=391761"},{"taxonomy":"product_cat","embeddable":true,"href":"https:\/\/stylingagenten.com\/no\/wp-json\/wp\/v2\/product_cat?post=391761"},{"taxonomy":"product_tag","embeddable":true,"href":"https:\/\/stylingagenten.com\/no\/wp-json\/wp\/v2\/product_tag?post=391761"},{"taxonomy":"berocket_brand","embeddable":true,"href":"https:\/\/stylingagenten.com\/no\/wp-json\/wp\/v2\/berocket_brand?post=391761"}],"curies":[{"name":"wp","href":"https:\/\/api.w.org\/{rel}","templated":true}]}}