{"id":391716,"date":"2025-05-18T22:03:20","date_gmt":"2025-05-18T22:03:20","guid":{"rendered":"https:\/\/staging2.stylingagenten.com\/no\/produkt\/wella-sp-balance-scalp-energy-serum-100ml\/"},"modified":"2026-03-30T07:30:42","modified_gmt":"2026-03-30T07:30:42","slug":"wella-sp-balance-scalp-energy-serum-100ml","status":"publish","type":"product","link":"https:\/\/stylingagenten.com\/no\/produkt\/wella-sp-balance-scalp-energy-serum-100ml\/","title":{"rendered":"Wella SP Balance Scalp Energy Serum 100ml"},"content":{"rendered":"<p>Balance Scalp Energy Serum forbedrer h\u00e5ret ved \u00e5 gi n\u00e6ring og redusere h\u00e5rtap med opptil 50 prosent. Balance Scalp Energy Serum inneholder en uvanlig energigivende blanding basert p\u00e5 koffein, biotin, laurinsyre og vitaminer. Disse ingrediensene \u00f8ker n\u00e6ringsniv\u00e5et i h\u00e5ret som styrker det og gir det \u00f8kt levetid.<br \/>Serumet inneholder noe som heter sinkpythion som i tillegg til \u00e5 styrke h\u00e5ret, ogs\u00e5 bidrar til \u00e5 berolige og balansere hodebunnen. Det perfekte produktet hvis du har tynt h\u00e5r eller lider av h\u00e5rtap.<\/p>\n<p>Slik bruker du: Masser forsiktig inn i hodebunnen med fingrene. Ikke skyll. Brukes 3 ganger i uken. Ved alvorlig h\u00e5rtap kan du bruke serumet daglig.<\/p>\n<p>Wellas SP-produkter er skreddersydd for dine spesifikke behov for h\u00e5r og hodebunn. For \u00e5 kunne garantere at behandlingsresultatene blir virkelig personlige og effektive, kan du velge \u00e5 kombinere ulike produkter fra SP-serien:<\/p>\n<p>Trinn 1: sjampo og balsam<br \/>Trinn 2: flytende h\u00e5r\/serum <br \/>Trinn 3 : la produkter v\u00e6re igjen<\/p>\n","protected":false},"excerpt":{"rendered":"<p>Balance Scalp Energy Serum forbedrer h\u00e5ret ved \u00e5 gi n\u00e6ring og redusere h\u00e5rtap med opptil 50 prosent. Balance Scalp Energy Serum inneholder en uvanlig energigivende blanding basert p\u00e5 koffein, biotin, laurinsyre og vitaminer. Disse ingrediensene \u00f8ker n\u00e6ringsniv\u00e5et i h\u00e5ret som styrker det og gir det \u00f8kt levetid.Serumet inneholder noe som heter sinkpythion som i tillegg [&hellip;]<\/p>\n","protected":false},"featured_media":391715,"comment_status":"open","ping_status":"closed","template":"","meta":{"_trash_the_other_posts":false},"product_brand":[],"product_cat":[615],"product_tag":[],"berocket_brand":[1030],"class_list":{"0":"post-391716","1":"product","2":"type-product","3":"status-publish","4":"has-post-thumbnail","6":"product_cat-harserum","7":"pa_brand-wella","8":"berocket_brand-wella","10":"first","11":"instock","12":"sale","13":"taxable","14":"shipping-taxable","15":"purchasable","16":"product-type-simple"},"_links":{"self":[{"href":"https:\/\/stylingagenten.com\/no\/wp-json\/wp\/v2\/product\/391716","targetHints":{"allow":["GET"]}}],"collection":[{"href":"https:\/\/stylingagenten.com\/no\/wp-json\/wp\/v2\/product"}],"about":[{"href":"https:\/\/stylingagenten.com\/no\/wp-json\/wp\/v2\/types\/product"}],"replies":[{"embeddable":true,"href":"https:\/\/stylingagenten.com\/no\/wp-json\/wp\/v2\/comments?post=391716"}],"version-history":[{"count":0,"href":"https:\/\/stylingagenten.com\/no\/wp-json\/wp\/v2\/product\/391716\/revisions"}],"wp:featuredmedia":[{"embeddable":true,"href":"https:\/\/stylingagenten.com\/no\/wp-json\/wp\/v2\/media\/391715"}],"wp:attachment":[{"href":"https:\/\/stylingagenten.com\/no\/wp-json\/wp\/v2\/media?parent=391716"}],"wp:term":[{"taxonomy":"product_brand","embeddable":true,"href":"https:\/\/stylingagenten.com\/no\/wp-json\/wp\/v2\/product_brand?post=391716"},{"taxonomy":"product_cat","embeddable":true,"href":"https:\/\/stylingagenten.com\/no\/wp-json\/wp\/v2\/product_cat?post=391716"},{"taxonomy":"product_tag","embeddable":true,"href":"https:\/\/stylingagenten.com\/no\/wp-json\/wp\/v2\/product_tag?post=391716"},{"taxonomy":"berocket_brand","embeddable":true,"href":"https:\/\/stylingagenten.com\/no\/wp-json\/wp\/v2\/berocket_brand?post=391716"}],"curies":[{"name":"wp","href":"https:\/\/api.w.org\/{rel}","templated":true}]}}