{"id":391691,"date":"2025-05-18T22:03:16","date_gmt":"2025-05-18T22:03:16","guid":{"rendered":"https:\/\/staging2.stylingagenten.com\/no\/produkt\/schwarzkopf-osis-glow-50ml\/"},"modified":"2026-04-14T15:00:48","modified_gmt":"2026-04-14T15:00:48","slug":"schwarzkopf-osis-glow-50ml","status":"publish","type":"product","link":"https:\/\/stylingagenten.com\/no\/produkt\/schwarzkopf-osis-glow-50ml\/","title":{"rendered":"Schwarzkopf Osis Glow 50ml"},"content":{"rendered":"<p>Schwarzkopf Osis Glow 50ml<br \/>OSiS Glow er et vegansk silikonfritt anti-frizz-serum som gir glans til kjedelig og matt h\u00e5r uten \u00e5 tynge det og beskytter ogs\u00e5 mot varme opp til 230\u00b0C. Den kontrollerer kruset h\u00e5r og fint h\u00e5r og gir en blank finish og en fuktet h\u00e5rf\u00f8lelse.<\/p>\n","protected":false},"excerpt":{"rendered":"<p>Schwarzkopf Osis Glow 50mlOSiS Glow er et vegansk silikonfritt anti-frizz-serum som gir glans til kjedelig og matt h\u00e5r uten \u00e5 tynge det og beskytter ogs\u00e5 mot varme opp til 230\u00b0C. Den kontrollerer kruset h\u00e5r og fint h\u00e5r og gir en blank finish og en fuktet h\u00e5rf\u00f8lelse.<\/p>\n","protected":false},"featured_media":391689,"comment_status":"open","ping_status":"closed","template":"","meta":{"_trash_the_other_posts":false},"product_brand":[],"product_cat":[615],"product_tag":[],"berocket_brand":[1060],"class_list":{"0":"post-391691","1":"product","2":"type-product","3":"status-publish","4":"has-post-thumbnail","6":"product_cat-harserum","7":"pa_brand-schwarzkopf","8":"berocket_brand-schwarzkopf","10":"first","11":"instock","12":"sale","13":"taxable","14":"shipping-taxable","15":"purchasable","16":"product-type-simple"},"_links":{"self":[{"href":"https:\/\/stylingagenten.com\/no\/wp-json\/wp\/v2\/product\/391691","targetHints":{"allow":["GET"]}}],"collection":[{"href":"https:\/\/stylingagenten.com\/no\/wp-json\/wp\/v2\/product"}],"about":[{"href":"https:\/\/stylingagenten.com\/no\/wp-json\/wp\/v2\/types\/product"}],"replies":[{"embeddable":true,"href":"https:\/\/stylingagenten.com\/no\/wp-json\/wp\/v2\/comments?post=391691"}],"version-history":[{"count":0,"href":"https:\/\/stylingagenten.com\/no\/wp-json\/wp\/v2\/product\/391691\/revisions"}],"wp:featuredmedia":[{"embeddable":true,"href":"https:\/\/stylingagenten.com\/no\/wp-json\/wp\/v2\/media\/391689"}],"wp:attachment":[{"href":"https:\/\/stylingagenten.com\/no\/wp-json\/wp\/v2\/media?parent=391691"}],"wp:term":[{"taxonomy":"product_brand","embeddable":true,"href":"https:\/\/stylingagenten.com\/no\/wp-json\/wp\/v2\/product_brand?post=391691"},{"taxonomy":"product_cat","embeddable":true,"href":"https:\/\/stylingagenten.com\/no\/wp-json\/wp\/v2\/product_cat?post=391691"},{"taxonomy":"product_tag","embeddable":true,"href":"https:\/\/stylingagenten.com\/no\/wp-json\/wp\/v2\/product_tag?post=391691"},{"taxonomy":"berocket_brand","embeddable":true,"href":"https:\/\/stylingagenten.com\/no\/wp-json\/wp\/v2\/berocket_brand?post=391691"}],"curies":[{"name":"wp","href":"https:\/\/api.w.org\/{rel}","templated":true}]}}