{"id":391668,"date":"2025-05-18T22:03:12","date_gmt":"2025-05-18T22:03:12","guid":{"rendered":"https:\/\/staging2.stylingagenten.com\/no\/produkt\/sachajuan-protective-hair-perfume-bois-noir-50ml\/"},"modified":"2026-03-11T22:00:01","modified_gmt":"2026-03-11T22:00:01","slug":"sachajuan-protective-hair-perfume-bois-noir-50ml","status":"publish","type":"product","link":"https:\/\/stylingagenten.com\/no\/produkt\/sachajuan-protective-hair-perfume-bois-noir-50ml\/","title":{"rendered":"SACHAJUAN Protective Hair Perfume Bois Noir 50ml"},"content":{"rendered":"<p>SACHAJUAN Protective Hair Parfum gjenoppliver og frisker opp h\u00e5ret, fukter, reduserer statisk elektrisitet og gir glans og UV-beskyttelse. BOIS NOIR har en dyp duft med toppnoter av hvit honning, kardemomme og lakserolje. Basenotene inkluderer vanilje, tonkab\u00f8nne, sandeltre og patchouli. Duften er utviklet for \u00e5 gi en rik, men frisk duft med en dypere karakter som passer b\u00e5de menn og kvinner. Dette er et omfattende produkt som ikke bare motvirker skader fra frie radikaler, det motvirker ogs\u00e5 d\u00e5rlig lukt ved hjelp av et ekstrakt fra naturlige sitrusoljer som kapsler inn luktmolekyler og bryter dem ned for friskt h\u00e5r.<\/p>\n<p>50ml<\/p>\n","protected":false},"excerpt":{"rendered":"<p>SACHAJUAN Protective Hair Parfum gjenoppliver og frisker opp h\u00e5ret, fukter, reduserer statisk elektrisitet og gir glans og UV-beskyttelse. BOIS NOIR har en dyp duft med toppnoter av hvit honning, kardemomme og lakserolje. Basenotene inkluderer vanilje, tonkab\u00f8nne, sandeltre og patchouli. Duften er utviklet for \u00e5 gi en rik, men frisk duft med en dypere karakter som [&hellip;]<\/p>\n","protected":false},"featured_media":391667,"comment_status":"open","ping_status":"closed","template":"","meta":{"_trash_the_other_posts":false},"product_brand":[],"product_cat":[615],"product_tag":[],"berocket_brand":[1409],"class_list":{"0":"post-391668","1":"product","2":"type-product","3":"status-publish","4":"has-post-thumbnail","6":"product_cat-harserum","7":"pa_brand-sachajuan","8":"berocket_brand-sachajuan","10":"first","11":"instock","12":"sale","13":"taxable","14":"shipping-taxable","15":"purchasable","16":"product-type-simple"},"_links":{"self":[{"href":"https:\/\/stylingagenten.com\/no\/wp-json\/wp\/v2\/product\/391668","targetHints":{"allow":["GET"]}}],"collection":[{"href":"https:\/\/stylingagenten.com\/no\/wp-json\/wp\/v2\/product"}],"about":[{"href":"https:\/\/stylingagenten.com\/no\/wp-json\/wp\/v2\/types\/product"}],"replies":[{"embeddable":true,"href":"https:\/\/stylingagenten.com\/no\/wp-json\/wp\/v2\/comments?post=391668"}],"version-history":[{"count":0,"href":"https:\/\/stylingagenten.com\/no\/wp-json\/wp\/v2\/product\/391668\/revisions"}],"wp:featuredmedia":[{"embeddable":true,"href":"https:\/\/stylingagenten.com\/no\/wp-json\/wp\/v2\/media\/391667"}],"wp:attachment":[{"href":"https:\/\/stylingagenten.com\/no\/wp-json\/wp\/v2\/media?parent=391668"}],"wp:term":[{"taxonomy":"product_brand","embeddable":true,"href":"https:\/\/stylingagenten.com\/no\/wp-json\/wp\/v2\/product_brand?post=391668"},{"taxonomy":"product_cat","embeddable":true,"href":"https:\/\/stylingagenten.com\/no\/wp-json\/wp\/v2\/product_cat?post=391668"},{"taxonomy":"product_tag","embeddable":true,"href":"https:\/\/stylingagenten.com\/no\/wp-json\/wp\/v2\/product_tag?post=391668"},{"taxonomy":"berocket_brand","embeddable":true,"href":"https:\/\/stylingagenten.com\/no\/wp-json\/wp\/v2\/berocket_brand?post=391668"}],"curies":[{"name":"wp","href":"https:\/\/api.w.org\/{rel}","templated":true}]}}