{"id":391659,"date":"2025-05-18T22:03:10","date_gmt":"2025-05-18T22:03:10","guid":{"rendered":"https:\/\/staging2.stylingagenten.com\/no\/produkt\/ida-warg-cure-scalp-serum-100ml\/"},"modified":"2026-03-11T21:53:58","modified_gmt":"2026-03-11T21:53:58","slug":"ida-warg-cure-scalp-serum-100ml","status":"publish","type":"product","link":"https:\/\/stylingagenten.com\/no\/produkt\/ida-warg-cure-scalp-serum-100ml\/","title":{"rendered":"Ida Warg Cure Scalp Serum 100ml"},"content":{"rendered":"<p>Si farvel til t\u00f8rrhet, irritasjon og flass med Ida Warg Cure Scalp Serum!<\/p>\n<p>Serumet er laget for \u00e5 gi intens fuktighet til en t\u00f8rr og irritert hodebunn, takket v\u00e6re den kraftige kombinasjonen av Sodium PCA og Aloe Vera. Disse ingrediensene jobber sammen for \u00e5 gjenopprette, mykgj\u00f8re og berolige hodebunnen din.<\/p>\n<p>Men det er ikke alt \u2013 v\u00e5rt serum er ogs\u00e5 beriket med den aktive ingrediensen Piroctone Olamine, en potent ingrediens som ikke bare bekjemper eksisterende flass, men ogs\u00e5 forhindrer at det kommer tilbake.<\/p>\n<p>Ved regelmessig bruk vil Cure Scalp Serum etterlate hodebunnen din fuktet og fri for t\u00f8rrhet og irritasjon.<\/p>\n<p>En lett, fruktig duft av eple og p\u00e6re med et hint av blomster. 100 % Vegansk &amp; Cruelty-free Fri for sulfater &amp; parabener.<\/p>\n<p>100 ml<\/p>\n","protected":false},"excerpt":{"rendered":"<p>Si farvel til t\u00f8rrhet, irritasjon og flass med Ida Warg Cure Scalp Serum! Serumet er laget for \u00e5 gi intens fuktighet til en t\u00f8rr og irritert hodebunn, takket v\u00e6re den kraftige kombinasjonen av Sodium PCA og Aloe Vera. Disse ingrediensene jobber sammen for \u00e5 gjenopprette, mykgj\u00f8re og berolige hodebunnen din. Men det er ikke alt [&hellip;]<\/p>\n","protected":false},"featured_media":391634,"comment_status":"open","ping_status":"closed","template":"","meta":{"_trash_the_other_posts":false},"product_brand":[],"product_cat":[615],"product_tag":[],"berocket_brand":[1346],"class_list":{"0":"post-391659","1":"product","2":"type-product","3":"status-publish","4":"has-post-thumbnail","6":"product_cat-harserum","7":"pa_brand-ida-warg","8":"berocket_brand-ida-warg","10":"first","11":"instock","12":"sale","13":"taxable","14":"shipping-taxable","15":"purchasable","16":"product-type-simple"},"_links":{"self":[{"href":"https:\/\/stylingagenten.com\/no\/wp-json\/wp\/v2\/product\/391659","targetHints":{"allow":["GET"]}}],"collection":[{"href":"https:\/\/stylingagenten.com\/no\/wp-json\/wp\/v2\/product"}],"about":[{"href":"https:\/\/stylingagenten.com\/no\/wp-json\/wp\/v2\/types\/product"}],"replies":[{"embeddable":true,"href":"https:\/\/stylingagenten.com\/no\/wp-json\/wp\/v2\/comments?post=391659"}],"version-history":[{"count":0,"href":"https:\/\/stylingagenten.com\/no\/wp-json\/wp\/v2\/product\/391659\/revisions"}],"wp:featuredmedia":[{"embeddable":true,"href":"https:\/\/stylingagenten.com\/no\/wp-json\/wp\/v2\/media\/391634"}],"wp:attachment":[{"href":"https:\/\/stylingagenten.com\/no\/wp-json\/wp\/v2\/media?parent=391659"}],"wp:term":[{"taxonomy":"product_brand","embeddable":true,"href":"https:\/\/stylingagenten.com\/no\/wp-json\/wp\/v2\/product_brand?post=391659"},{"taxonomy":"product_cat","embeddable":true,"href":"https:\/\/stylingagenten.com\/no\/wp-json\/wp\/v2\/product_cat?post=391659"},{"taxonomy":"product_tag","embeddable":true,"href":"https:\/\/stylingagenten.com\/no\/wp-json\/wp\/v2\/product_tag?post=391659"},{"taxonomy":"berocket_brand","embeddable":true,"href":"https:\/\/stylingagenten.com\/no\/wp-json\/wp\/v2\/berocket_brand?post=391659"}],"curies":[{"name":"wp","href":"https:\/\/api.w.org\/{rel}","templated":true}]}}