{"id":391658,"date":"2025-05-18T22:03:10","date_gmt":"2025-05-18T22:03:10","guid":{"rendered":"https:\/\/staging2.stylingagenten.com\/no\/produkt\/loreal-professionnel-serie-expert-absolut-repair-molecular-rinse-off-serum-250ml\/"},"modified":"2026-03-11T21:53:39","modified_gmt":"2026-03-11T21:53:39","slug":"loreal-professionnel-serie-expert-absolut-repair-molecular-rinse-off-serum-250ml","status":"publish","type":"product","link":"https:\/\/stylingagenten.com\/no\/produkt\/loreal-professionnel-serie-expert-absolut-repair-molecular-rinse-off-serum-250ml\/","title":{"rendered":"L&#8217;Oreal Professionnel Serie Expert Absolut Repair Molecular Rinse-off Serum 250ml"},"content":{"rendered":"<p>L&#8217;Oreal Professionnel Serie Expert Absolut Repair Molecular Rinse-off Serum<\/p>\n<p>[ANBEFALES FOR SKADET H\u00c5R] For skadet h\u00e5rstruktur, fargebehandlet, bleket og naturlig ufarget h\u00e5r. Reparerer 2 \u00e5rs skade ved \u00e9n bruk*.<\/p>\n<p>[VITENSKAPELIG OPPDAGELSE \u2013 MOLEKYL\u00c6R REPARASJON] N\u00e5r h\u00e5ret skades, \u00f8delegges dets molekyl\u00e6re struktur som best\u00e5r av peptider. H\u00e5ret brekker og blir mindre elastisk uten livlighet. Men de fleste peptider er for store til \u00e5 kunne trenge inn i fibrene, noe som gj\u00f8r skaden nesten uopprettelig. Vitenskapelig oppdagelse \u2013 Absolut Repair Molecular.<\/p>\n<p>[INNOVATIV TEKNOLOGI] Det er mer enn overflatereparasjon, det er indre molekyl\u00e6r reparasjon. Dette eksklusive h\u00f8y konsentrerte rinse-off serumet med 2% peptidbindende middel + 5 aminosyrer gjenoppbygger h\u00e5rets molekyl\u00e6re struktur** for \u00e5 gjenopprette dets styrke, elastisitet og livlighet***.<\/p>\n<p>[DYP PENETRASJON] Inspirert av hudpleieserum g\u00e5r den lenger enn vanlige reparerende masker og trenger dypt inn i fibrene for \u00e5 gjenoppbygge h\u00e5rstr\u00e5ets molekyl\u00e6re struktur****.<\/p>\n<p>[UMIDDELBAR FORVANDLING] H\u00e5ret forvandles umiddelbart: glans og glatthet forbedres dramatisk*****.<\/p>\n<p>[PROFESJONELL FORMEL] Serumets lette konsistens absorberes av fibrene og reparerer h\u00e5rets molekyl\u00e6re struktur**.<\/p>\n<p>[UTVIKLET I SAMARBEID MED EKSPERTER P\u00c5 H\u00c5RREPARASJON] Denne serien ble utviklet i samarbeid med 3 eksperter p\u00e5 h\u00e5rreparasjon: \u2013 Adina Pignatare @adina_pignatare fra USA: &laquo;Mine kunder gjennomgikk enorme forvandlinger! De f\u00f8lte at h\u00e5ret deres hadde blitt utrolig livfullt, men ogs\u00e5 at det f\u00f8ltes sunnere. Det er imponerende at noe som er ment for reparasjon har den effekten.&raquo; \u2013 Mike Julliard @loungecut fra Frankrike: \u201dVi forskj\u00f8nner ikke bare h\u00e5ret, vi gir det en ny struktur, en ny styrke og sier farvel til h\u00e5r uten elastisitet.\u201d \u2013 Barbara Rabelo @barbararabelo_ fra Brasil: \u201dDenne serien gjenoppbygger og reparerer p\u00e5 dypet.&raquo;<\/p>\n<p>[SP\u00d8R OM ABSOLUT REPAIR MOLEKYL\u00c6R SALONGBEHANDLING] P\u00e5 ditt neste salongbes\u00f8k, be din fris\u00f8r om ABSOLUT REPAIR MOLECULAR-programmet for \u00e5 reparere h\u00e5rets molekyl\u00e6re struktur****** og reparere 2 \u00e5rs skade ved \u00e9n bruk*. For sterkere h\u00e5r med gjenopprettet elastisitet og livlighet.<\/p>\n<p>*Instrumentell test p\u00e5 fibrenes makromolekyl\u00e6re struktur etter p\u00e5f\u00f8ring av sjampo + rinse-off serum + leave-in-maske.<br \/>\n<br \/>**Instrumentell test etter 15 p\u00e5f\u00f8ringer av rinse-off serum.<br \/>\n<br \/>***Forbrukertest etter p\u00e5f\u00f8ring av sjampo + rinse-off serum + leave-in-maske.<br \/>\n<br \/>****Instrumentell test etter 15 p\u00e5f\u00f8ringer av rinse-off serum.<br \/>\n<br \/>*****Instrumentell test etter p\u00e5f\u00f8ring av sjampo + rinse-off serum.<br \/>\n<br \/>******Analytisk test etter p\u00e5f\u00f8ring av pre-treatment + 5 sjamponeringer.<\/p>\n","protected":false},"excerpt":{"rendered":"<p>L&#8217;Oreal Professionnel Serie Expert Absolut Repair Molecular Rinse-off Serum [ANBEFALES FOR SKADET H\u00c5R] For skadet h\u00e5rstruktur, fargebehandlet, bleket og naturlig ufarget h\u00e5r. Reparerer 2 \u00e5rs skade ved \u00e9n bruk*. [VITENSKAPELIG OPPDAGELSE \u2013 MOLEKYL\u00c6R REPARASJON] N\u00e5r h\u00e5ret skades, \u00f8delegges dets molekyl\u00e6re struktur som best\u00e5r av peptider. H\u00e5ret brekker og blir mindre elastisk uten livlighet. Men de [&hellip;]<\/p>\n","protected":false},"featured_media":391633,"comment_status":"open","ping_status":"closed","template":"","meta":{"_trash_the_other_posts":false},"product_brand":[],"product_cat":[615],"product_tag":[],"berocket_brand":[2001],"class_list":{"0":"post-391658","1":"product","2":"type-product","3":"status-publish","4":"has-post-thumbnail","6":"product_cat-harserum","7":"pa_brand-loreal-paris","8":"berocket_brand-loreal-paris","10":"first","11":"instock","12":"sale","13":"taxable","14":"shipping-taxable","15":"purchasable","16":"product-type-simple"},"_links":{"self":[{"href":"https:\/\/stylingagenten.com\/no\/wp-json\/wp\/v2\/product\/391658","targetHints":{"allow":["GET"]}}],"collection":[{"href":"https:\/\/stylingagenten.com\/no\/wp-json\/wp\/v2\/product"}],"about":[{"href":"https:\/\/stylingagenten.com\/no\/wp-json\/wp\/v2\/types\/product"}],"replies":[{"embeddable":true,"href":"https:\/\/stylingagenten.com\/no\/wp-json\/wp\/v2\/comments?post=391658"}],"version-history":[{"count":0,"href":"https:\/\/stylingagenten.com\/no\/wp-json\/wp\/v2\/product\/391658\/revisions"}],"wp:featuredmedia":[{"embeddable":true,"href":"https:\/\/stylingagenten.com\/no\/wp-json\/wp\/v2\/media\/391633"}],"wp:attachment":[{"href":"https:\/\/stylingagenten.com\/no\/wp-json\/wp\/v2\/media?parent=391658"}],"wp:term":[{"taxonomy":"product_brand","embeddable":true,"href":"https:\/\/stylingagenten.com\/no\/wp-json\/wp\/v2\/product_brand?post=391658"},{"taxonomy":"product_cat","embeddable":true,"href":"https:\/\/stylingagenten.com\/no\/wp-json\/wp\/v2\/product_cat?post=391658"},{"taxonomy":"product_tag","embeddable":true,"href":"https:\/\/stylingagenten.com\/no\/wp-json\/wp\/v2\/product_tag?post=391658"},{"taxonomy":"berocket_brand","embeddable":true,"href":"https:\/\/stylingagenten.com\/no\/wp-json\/wp\/v2\/berocket_brand?post=391658"}],"curies":[{"name":"wp","href":"https:\/\/api.w.org\/{rel}","templated":true}]}}