{"id":391649,"date":"2025-05-18T22:03:09","date_gmt":"2025-05-18T22:03:09","guid":{"rendered":"https:\/\/staging2.stylingagenten.com\/no\/produkt\/balmain-argan-moisturizing-elixir-20ml\/"},"modified":"2026-03-11T21:47:42","modified_gmt":"2026-03-11T21:47:42","slug":"balmain-argan-moisturizing-elixir-20ml","status":"publish","type":"product","link":"https:\/\/stylingagenten.com\/no\/produkt\/balmain-argan-moisturizing-elixir-20ml\/","title":{"rendered":"Balmain Argan Moisturizing Elixir 20ml"},"content":{"rendered":"<p>Et \u00f8kologisk serum som gir h\u00e5ret ditt en umiddelbar boost og bidrar til et jevnt og sunt utseende.<\/p>\n<p>Gir h\u00e5ret ditt en umiddelbar boost og bidrar til et jevnt og sunt utseende.<\/p>\n<p>20 ml<\/p>\n","protected":false},"excerpt":{"rendered":"<p>Et \u00f8kologisk serum som gir h\u00e5ret ditt en umiddelbar boost og bidrar til et jevnt og sunt utseende. Gir h\u00e5ret ditt en umiddelbar boost og bidrar til et jevnt og sunt utseende. 20 ml<\/p>\n","protected":false},"featured_media":391626,"comment_status":"open","ping_status":"closed","template":"","meta":{"_trash_the_other_posts":false},"product_brand":[],"product_cat":[615],"product_tag":[2450],"berocket_brand":[1144],"class_list":{"0":"post-391649","1":"product","2":"type-product","3":"status-publish","4":"has-post-thumbnail","6":"product_cat-harserum","7":"product_tag-balmain-argan-moisturizing-elixir","8":"pa_brand-balmain","9":"pa_variant-20ml","10":"berocket_brand-balmain","12":"first","13":"instock","14":"sale","15":"taxable","16":"shipping-taxable","17":"purchasable","18":"product-type-simple"},"_links":{"self":[{"href":"https:\/\/stylingagenten.com\/no\/wp-json\/wp\/v2\/product\/391649","targetHints":{"allow":["GET"]}}],"collection":[{"href":"https:\/\/stylingagenten.com\/no\/wp-json\/wp\/v2\/product"}],"about":[{"href":"https:\/\/stylingagenten.com\/no\/wp-json\/wp\/v2\/types\/product"}],"replies":[{"embeddable":true,"href":"https:\/\/stylingagenten.com\/no\/wp-json\/wp\/v2\/comments?post=391649"}],"version-history":[{"count":0,"href":"https:\/\/stylingagenten.com\/no\/wp-json\/wp\/v2\/product\/391649\/revisions"}],"wp:featuredmedia":[{"embeddable":true,"href":"https:\/\/stylingagenten.com\/no\/wp-json\/wp\/v2\/media\/391626"}],"wp:attachment":[{"href":"https:\/\/stylingagenten.com\/no\/wp-json\/wp\/v2\/media?parent=391649"}],"wp:term":[{"taxonomy":"product_brand","embeddable":true,"href":"https:\/\/stylingagenten.com\/no\/wp-json\/wp\/v2\/product_brand?post=391649"},{"taxonomy":"product_cat","embeddable":true,"href":"https:\/\/stylingagenten.com\/no\/wp-json\/wp\/v2\/product_cat?post=391649"},{"taxonomy":"product_tag","embeddable":true,"href":"https:\/\/stylingagenten.com\/no\/wp-json\/wp\/v2\/product_tag?post=391649"},{"taxonomy":"berocket_brand","embeddable":true,"href":"https:\/\/stylingagenten.com\/no\/wp-json\/wp\/v2\/berocket_brand?post=391649"}],"curies":[{"name":"wp","href":"https:\/\/api.w.org\/{rel}","templated":true}]}}