{"id":391645,"date":"2025-05-18T22:03:09","date_gmt":"2025-05-18T22:03:09","guid":{"rendered":"https:\/\/staging2.stylingagenten.com\/no\/produkt\/system-professional-balance-scalp-lotion-125ml\/"},"modified":"2026-03-11T21:54:26","modified_gmt":"2026-03-11T21:54:26","slug":"system-professional-balance-scalp-lotion-125ml","status":"publish","type":"product","link":"https:\/\/stylingagenten.com\/no\/produkt\/system-professional-balance-scalp-lotion-125ml\/","title":{"rendered":"System Professional Balance Scalp Lotion 125ml"},"content":{"rendered":"<p>System Professional Balance Lotion er en beroligende og fuktighetsgivende lotion for sensitiv hodebunn. Denne n\u00e6rende leave-in-lotionen gir umiddelbar lindring fra kl\u00f8e og irritasjon samtidig som den beskytter, fukter og reduserer r\u00f8dhet i hodebunnen.<\/p>\n<p>Balance-serien hjelper til med \u00e5 berolige og gjenopprette hodebunnen med milde formler som st\u00f8tter dens naturlige beskyttelsesbarriere. Denne antiinflammatoriske og pH-n\u00f8ytrale hudpleierutinen er spesielt utviklet i samarbeid med dermatologer for sk\u00e5nsomt \u00e5 gi n\u00e6ring, redusere betennelse og berolige hodebunnen.<\/p>\n<p>125ml<\/p>\n","protected":false},"excerpt":{"rendered":"<p>System Professional Balance Lotion er en beroligende og fuktighetsgivende lotion for sensitiv hodebunn. Denne n\u00e6rende leave-in-lotionen gir umiddelbar lindring fra kl\u00f8e og irritasjon samtidig som den beskytter, fukter og reduserer r\u00f8dhet i hodebunnen. Balance-serien hjelper til med \u00e5 berolige og gjenopprette hodebunnen med milde formler som st\u00f8tter dens naturlige beskyttelsesbarriere. Denne antiinflammatoriske og pH-n\u00f8ytrale hudpleierutinen [&hellip;]<\/p>\n","protected":false},"featured_media":391615,"comment_status":"open","ping_status":"closed","template":"","meta":{"_trash_the_other_posts":false},"product_brand":[],"product_cat":[615],"product_tag":[],"berocket_brand":[1995],"class_list":{"0":"post-391645","1":"product","2":"type-product","3":"status-publish","4":"has-post-thumbnail","6":"product_cat-harserum","7":"pa_brand-system-professional","8":"berocket_brand-system-professional","10":"first","11":"instock","12":"sale","13":"taxable","14":"shipping-taxable","15":"purchasable","16":"product-type-simple"},"_links":{"self":[{"href":"https:\/\/stylingagenten.com\/no\/wp-json\/wp\/v2\/product\/391645","targetHints":{"allow":["GET"]}}],"collection":[{"href":"https:\/\/stylingagenten.com\/no\/wp-json\/wp\/v2\/product"}],"about":[{"href":"https:\/\/stylingagenten.com\/no\/wp-json\/wp\/v2\/types\/product"}],"replies":[{"embeddable":true,"href":"https:\/\/stylingagenten.com\/no\/wp-json\/wp\/v2\/comments?post=391645"}],"version-history":[{"count":0,"href":"https:\/\/stylingagenten.com\/no\/wp-json\/wp\/v2\/product\/391645\/revisions"}],"wp:featuredmedia":[{"embeddable":true,"href":"https:\/\/stylingagenten.com\/no\/wp-json\/wp\/v2\/media\/391615"}],"wp:attachment":[{"href":"https:\/\/stylingagenten.com\/no\/wp-json\/wp\/v2\/media?parent=391645"}],"wp:term":[{"taxonomy":"product_brand","embeddable":true,"href":"https:\/\/stylingagenten.com\/no\/wp-json\/wp\/v2\/product_brand?post=391645"},{"taxonomy":"product_cat","embeddable":true,"href":"https:\/\/stylingagenten.com\/no\/wp-json\/wp\/v2\/product_cat?post=391645"},{"taxonomy":"product_tag","embeddable":true,"href":"https:\/\/stylingagenten.com\/no\/wp-json\/wp\/v2\/product_tag?post=391645"},{"taxonomy":"berocket_brand","embeddable":true,"href":"https:\/\/stylingagenten.com\/no\/wp-json\/wp\/v2\/berocket_brand?post=391645"}],"curies":[{"name":"wp","href":"https:\/\/api.w.org\/{rel}","templated":true}]}}