{"id":391610,"date":"2025-05-18T22:03:05","date_gmt":"2025-05-18T22:03:05","guid":{"rendered":"https:\/\/staging2.stylingagenten.com\/no\/produkt\/system-professional-color-save-bi-phase-conditioner-185ml\/"},"modified":"2026-03-11T21:57:13","modified_gmt":"2026-03-11T21:57:13","slug":"system-professional-color-save-bi-phase-conditioner-185ml","status":"publish","type":"product","link":"https:\/\/stylingagenten.com\/no\/produkt\/system-professional-color-save-bi-phase-conditioner-185ml\/","title":{"rendered":"System Professional Color Save Bi-Phase Conditioner 185ml"},"content":{"rendered":"<p>System Professional Color Save Bi-Phase Conditioner er en lett leave-in-balsam for farget h\u00e5r. Denne leave-in-produktet inneholder fargebevarende ingredienser som gj\u00f8r h\u00e5ret lettere \u00e5 gre og beskytter fargen. Den reduserer frizz, reder ut h\u00e5ret og beskytter mot UV-str\u00e5ling. Den melkete formelen inneholder fargebevarende ingredienser som bidrar til \u00e5 motvirke at fargen falmer, bl\u00f8r ut og mister sin friskhet.<\/p>\n<p>Color Save-serien er utviklet for \u00e5 reparere og fremheve farget h\u00e5r, gi det langvarig glans og samtidig bevare en sunn og str\u00e5lende gl\u00f8d.<\/p>\n<p>185ml<\/p>\n","protected":false},"excerpt":{"rendered":"<p>System Professional Color Save Bi-Phase Conditioner er en lett leave-in-balsam for farget h\u00e5r. Denne leave-in-produktet inneholder fargebevarende ingredienser som gj\u00f8r h\u00e5ret lettere \u00e5 gre og beskytter fargen. Den reduserer frizz, reder ut h\u00e5ret og beskytter mot UV-str\u00e5ling. Den melkete formelen inneholder fargebevarende ingredienser som bidrar til \u00e5 motvirke at fargen falmer, bl\u00f8r ut og mister [&hellip;]<\/p>\n","protected":false},"featured_media":391583,"comment_status":"open","ping_status":"closed","template":"","meta":{"_trash_the_other_posts":false},"product_brand":[],"product_cat":[587],"product_tag":[],"berocket_brand":[1995],"class_list":{"0":"post-391610","1":"product","2":"type-product","3":"status-publish","4":"has-post-thumbnail","6":"product_cat-balsam","7":"pa_brand-system-professional","8":"berocket_brand-system-professional","10":"first","11":"instock","12":"sale","13":"taxable","14":"shipping-taxable","15":"purchasable","16":"product-type-simple"},"_links":{"self":[{"href":"https:\/\/stylingagenten.com\/no\/wp-json\/wp\/v2\/product\/391610","targetHints":{"allow":["GET"]}}],"collection":[{"href":"https:\/\/stylingagenten.com\/no\/wp-json\/wp\/v2\/product"}],"about":[{"href":"https:\/\/stylingagenten.com\/no\/wp-json\/wp\/v2\/types\/product"}],"replies":[{"embeddable":true,"href":"https:\/\/stylingagenten.com\/no\/wp-json\/wp\/v2\/comments?post=391610"}],"version-history":[{"count":0,"href":"https:\/\/stylingagenten.com\/no\/wp-json\/wp\/v2\/product\/391610\/revisions"}],"wp:featuredmedia":[{"embeddable":true,"href":"https:\/\/stylingagenten.com\/no\/wp-json\/wp\/v2\/media\/391583"}],"wp:attachment":[{"href":"https:\/\/stylingagenten.com\/no\/wp-json\/wp\/v2\/media?parent=391610"}],"wp:term":[{"taxonomy":"product_brand","embeddable":true,"href":"https:\/\/stylingagenten.com\/no\/wp-json\/wp\/v2\/product_brand?post=391610"},{"taxonomy":"product_cat","embeddable":true,"href":"https:\/\/stylingagenten.com\/no\/wp-json\/wp\/v2\/product_cat?post=391610"},{"taxonomy":"product_tag","embeddable":true,"href":"https:\/\/stylingagenten.com\/no\/wp-json\/wp\/v2\/product_tag?post=391610"},{"taxonomy":"berocket_brand","embeddable":true,"href":"https:\/\/stylingagenten.com\/no\/wp-json\/wp\/v2\/berocket_brand?post=391610"}],"curies":[{"name":"wp","href":"https:\/\/api.w.org\/{rel}","templated":true}]}}