{"id":391593,"date":"2025-05-18T22:03:03","date_gmt":"2025-05-18T22:03:03","guid":{"rendered":"https:\/\/staging2.stylingagenten.com\/no\/produkt\/loreal-professionnel-serie-expert-absolut-repair-molecular-pre-treatment-190ml\/"},"modified":"2026-03-11T21:58:50","modified_gmt":"2026-03-11T21:58:50","slug":"loreal-professionnel-serie-expert-absolut-repair-molecular-pre-treatment-190ml","status":"publish","type":"product","link":"https:\/\/stylingagenten.com\/no\/produkt\/loreal-professionnel-serie-expert-absolut-repair-molecular-pre-treatment-190ml\/","title":{"rendered":"L&#8217;Oreal Professionnel Serie Expert Absolut Repair Molecular Pre-Treatment 190ml"},"content":{"rendered":"<p>L&#8217;Or\u00e9al Professionnel Serie Expert Absolut Repair Molecular Pre-Treatment reparerer skader i dybden og gjenoppretter styrken i skadet h\u00e5r ved \u00e5 jobbe med h\u00e5rets molekyl\u00e6re struktur. Reparerer 2 \u00e5rs skader ved bare \u00e9n bruk.*<\/p>\n<p>N\u00e5r h\u00e5ret skades, \u00f8delegges dets molekyl\u00e6re struktur, som best\u00e5r av peptider. H\u00e5ret blir skj\u00f8rt, mindre elastisk og ser livl\u00f8st ut. De fleste peptider er for store til \u00e5 trenge inn i fibrene, noe som gj\u00f8r skaden nesten uopprettelig. Vitenskapelig gjennombrudd \u2013 Absolut Repair Molecular.<\/p>\n<p>Denne pre-treatment med sin patenterte teknologi reparerer mer enn bare h\u00e5rets overflate. Den inneholder 3% peptidbindinger + 5 aminosyrer og fyller p\u00e5 h\u00e5rets molekyl\u00e6re struktur med en langvarig effekt.** Den gjenoppretter styrken, elastisiteten og fleksibiliteten i h\u00e5ret.***<\/p>\n<p>*Instrumentell test av fibrenes makromolekyl\u00e6re struktur etter bruk av pre-treatment + sjampo + rinse-off serum.<br \/>\n<br \/>**Analytisk test etter bruk av pre-treatment + 5 sjamponeringer.<br \/>\n<br \/>***Forbrukertest etter bruk av pre-treatment + sjampo + rinse-off serum.<\/p>\n<p>190ml<\/p>\n","protected":false},"excerpt":{"rendered":"<p>L&#8217;Or\u00e9al Professionnel Serie Expert Absolut Repair Molecular Pre-Treatment reparerer skader i dybden og gjenoppretter styrken i skadet h\u00e5r ved \u00e5 jobbe med h\u00e5rets molekyl\u00e6re struktur. Reparerer 2 \u00e5rs skader ved bare \u00e9n bruk.* N\u00e5r h\u00e5ret skades, \u00f8delegges dets molekyl\u00e6re struktur, som best\u00e5r av peptider. H\u00e5ret blir skj\u00f8rt, mindre elastisk og ser livl\u00f8st ut. De fleste [&hellip;]<\/p>\n","protected":false},"featured_media":391566,"comment_status":"open","ping_status":"closed","template":"","meta":{"_trash_the_other_posts":false},"product_brand":[],"product_cat":[615],"product_tag":[],"berocket_brand":[2001],"class_list":{"0":"post-391593","1":"product","2":"type-product","3":"status-publish","4":"has-post-thumbnail","6":"product_cat-harserum","7":"pa_brand-loreal-paris","8":"berocket_brand-loreal-paris","10":"first","11":"instock","12":"sale","13":"taxable","14":"shipping-taxable","15":"purchasable","16":"product-type-simple"},"_links":{"self":[{"href":"https:\/\/stylingagenten.com\/no\/wp-json\/wp\/v2\/product\/391593","targetHints":{"allow":["GET"]}}],"collection":[{"href":"https:\/\/stylingagenten.com\/no\/wp-json\/wp\/v2\/product"}],"about":[{"href":"https:\/\/stylingagenten.com\/no\/wp-json\/wp\/v2\/types\/product"}],"replies":[{"embeddable":true,"href":"https:\/\/stylingagenten.com\/no\/wp-json\/wp\/v2\/comments?post=391593"}],"version-history":[{"count":0,"href":"https:\/\/stylingagenten.com\/no\/wp-json\/wp\/v2\/product\/391593\/revisions"}],"wp:featuredmedia":[{"embeddable":true,"href":"https:\/\/stylingagenten.com\/no\/wp-json\/wp\/v2\/media\/391566"}],"wp:attachment":[{"href":"https:\/\/stylingagenten.com\/no\/wp-json\/wp\/v2\/media?parent=391593"}],"wp:term":[{"taxonomy":"product_brand","embeddable":true,"href":"https:\/\/stylingagenten.com\/no\/wp-json\/wp\/v2\/product_brand?post=391593"},{"taxonomy":"product_cat","embeddable":true,"href":"https:\/\/stylingagenten.com\/no\/wp-json\/wp\/v2\/product_cat?post=391593"},{"taxonomy":"product_tag","embeddable":true,"href":"https:\/\/stylingagenten.com\/no\/wp-json\/wp\/v2\/product_tag?post=391593"},{"taxonomy":"berocket_brand","embeddable":true,"href":"https:\/\/stylingagenten.com\/no\/wp-json\/wp\/v2\/berocket_brand?post=391593"}],"curies":[{"name":"wp","href":"https:\/\/api.w.org\/{rel}","templated":true}]}}