{"id":391577,"date":"2025-05-18T22:03:01","date_gmt":"2025-05-18T22:03:01","guid":{"rendered":"https:\/\/staging2.stylingagenten.com\/no\/produkt\/system-professional-purify-lotion-125ml\/"},"modified":"2026-03-11T21:54:25","modified_gmt":"2026-03-11T21:54:25","slug":"system-professional-purify-lotion-125ml","status":"publish","type":"product","link":"https:\/\/stylingagenten.com\/no\/produkt\/system-professional-purify-lotion-125ml\/","title":{"rendered":"System Professional Purify Lotion 125ml"},"content":{"rendered":"<p>System Professional Purify Lotion gir 24 timers beskyttelse mot flass samtidig som den beroliger og lindrer hodebunnen. Denne dermatologisk utviklede, pH-n\u00f8ytrale formelen kombinerer hamamelis og niacinamid for \u00e5 redusere betennelse og rette seg mot mikroorganismene som for\u00e5rsaker flass, slik at hodebunnen f\u00f8les frisk og balansert.<\/p>\n<p>System Professional Purify-serien er utviklet for \u00e5 rense i dybden og redusere flass. Serien er b\u00e5de sk\u00e5nsom og effektiv, og den gjenoppretter en sunn hodebunn uten \u00e5 p\u00e5virke den sensitive pH-balansen.<\/p>\n<p>125ml<\/p>\n","protected":false},"excerpt":{"rendered":"<p>System Professional Purify Lotion gir 24 timers beskyttelse mot flass samtidig som den beroliger og lindrer hodebunnen. Denne dermatologisk utviklede, pH-n\u00f8ytrale formelen kombinerer hamamelis og niacinamid for \u00e5 redusere betennelse og rette seg mot mikroorganismene som for\u00e5rsaker flass, slik at hodebunnen f\u00f8les frisk og balansert. System Professional Purify-serien er utviklet for \u00e5 rense i dybden [&hellip;]<\/p>\n","protected":false},"featured_media":391545,"comment_status":"open","ping_status":"closed","template":"","meta":{"_trash_the_other_posts":false},"product_brand":[],"product_cat":[615],"product_tag":[],"berocket_brand":[1995],"class_list":{"0":"post-391577","1":"product","2":"type-product","3":"status-publish","4":"has-post-thumbnail","6":"product_cat-harserum","7":"pa_brand-system-professional","8":"berocket_brand-system-professional","10":"first","11":"instock","12":"sale","13":"taxable","14":"shipping-taxable","15":"purchasable","16":"product-type-simple"},"_links":{"self":[{"href":"https:\/\/stylingagenten.com\/no\/wp-json\/wp\/v2\/product\/391577","targetHints":{"allow":["GET"]}}],"collection":[{"href":"https:\/\/stylingagenten.com\/no\/wp-json\/wp\/v2\/product"}],"about":[{"href":"https:\/\/stylingagenten.com\/no\/wp-json\/wp\/v2\/types\/product"}],"replies":[{"embeddable":true,"href":"https:\/\/stylingagenten.com\/no\/wp-json\/wp\/v2\/comments?post=391577"}],"version-history":[{"count":0,"href":"https:\/\/stylingagenten.com\/no\/wp-json\/wp\/v2\/product\/391577\/revisions"}],"wp:featuredmedia":[{"embeddable":true,"href":"https:\/\/stylingagenten.com\/no\/wp-json\/wp\/v2\/media\/391545"}],"wp:attachment":[{"href":"https:\/\/stylingagenten.com\/no\/wp-json\/wp\/v2\/media?parent=391577"}],"wp:term":[{"taxonomy":"product_brand","embeddable":true,"href":"https:\/\/stylingagenten.com\/no\/wp-json\/wp\/v2\/product_brand?post=391577"},{"taxonomy":"product_cat","embeddable":true,"href":"https:\/\/stylingagenten.com\/no\/wp-json\/wp\/v2\/product_cat?post=391577"},{"taxonomy":"product_tag","embeddable":true,"href":"https:\/\/stylingagenten.com\/no\/wp-json\/wp\/v2\/product_tag?post=391577"},{"taxonomy":"berocket_brand","embeddable":true,"href":"https:\/\/stylingagenten.com\/no\/wp-json\/wp\/v2\/berocket_brand?post=391577"}],"curies":[{"name":"wp","href":"https:\/\/api.w.org\/{rel}","templated":true}]}}