{"id":391568,"date":"2025-05-18T22:03:00","date_gmt":"2025-05-18T22:03:00","guid":{"rendered":"https:\/\/staging2.stylingagenten.com\/no\/produkt\/system-professional-hydrate-quenching-mist-125ml\/"},"modified":"2026-03-25T18:18:52","modified_gmt":"2026-03-25T18:18:52","slug":"system-professional-hydrate-quenching-mist-125ml","status":"publish","type":"product","link":"https:\/\/stylingagenten.com\/no\/produkt\/system-professional-hydrate-quenching-mist-125ml\/","title":{"rendered":"System Professional Hydrate Quenching Mist 125ml"},"content":{"rendered":"<p>System Professional Hydrate Quenching Mist er en leave-in fuktighetsspray for t\u00f8rt h\u00e5r. Fuktighetsgivende og n\u00e6rende leave-in-balsam som motvirker utt\u00f8rking, reduserer frizz og gj\u00f8r flokete h\u00e5r lettere \u00e5 h\u00e5ndtere. Hydrate Quenching Spray gj\u00f8r h\u00e5ret mykt, glatt og fuktet.<\/p>\n<p>Hydrate-serien er utviklet for \u00e5 gjenopprette fuktbalansen i t\u00f8rt h\u00e5r p\u00e5 dypet. Serien inneholder lette formler som beriker h\u00e5ret og beskytter det mot utt\u00f8rking. Serien inneholder fuktighetsgivende og n\u00e6rende ingredienser som glyserin, DL-panthenol, glukose og fruktose. Den gir h\u00e5ret fuktighet innenfra og beskytter mot ytre utt\u00f8rkende faktorer.<\/p>\n<p>125ml<\/p>\n","protected":false},"excerpt":{"rendered":"<p>System Professional Hydrate Quenching Mist er en leave-in fuktighetsspray for t\u00f8rt h\u00e5r. Fuktighetsgivende og n\u00e6rende leave-in-balsam som motvirker utt\u00f8rking, reduserer frizz og gj\u00f8r flokete h\u00e5r lettere \u00e5 h\u00e5ndtere. Hydrate Quenching Spray gj\u00f8r h\u00e5ret mykt, glatt og fuktet. Hydrate-serien er utviklet for \u00e5 gjenopprette fuktbalansen i t\u00f8rt h\u00e5r p\u00e5 dypet. Serien inneholder lette formler som beriker [&hellip;]<\/p>\n","protected":false},"featured_media":391547,"comment_status":"open","ping_status":"closed","template":"","meta":{"_trash_the_other_posts":false},"product_brand":[],"product_cat":[615],"product_tag":[],"berocket_brand":[1995],"class_list":{"0":"post-391568","1":"product","2":"type-product","3":"status-publish","4":"has-post-thumbnail","6":"product_cat-harserum","7":"pa_brand-system-professional","8":"berocket_brand-system-professional","10":"first","11":"instock","12":"sale","13":"taxable","14":"shipping-taxable","15":"purchasable","16":"product-type-simple"},"_links":{"self":[{"href":"https:\/\/stylingagenten.com\/no\/wp-json\/wp\/v2\/product\/391568","targetHints":{"allow":["GET"]}}],"collection":[{"href":"https:\/\/stylingagenten.com\/no\/wp-json\/wp\/v2\/product"}],"about":[{"href":"https:\/\/stylingagenten.com\/no\/wp-json\/wp\/v2\/types\/product"}],"replies":[{"embeddable":true,"href":"https:\/\/stylingagenten.com\/no\/wp-json\/wp\/v2\/comments?post=391568"}],"version-history":[{"count":0,"href":"https:\/\/stylingagenten.com\/no\/wp-json\/wp\/v2\/product\/391568\/revisions"}],"wp:featuredmedia":[{"embeddable":true,"href":"https:\/\/stylingagenten.com\/no\/wp-json\/wp\/v2\/media\/391547"}],"wp:attachment":[{"href":"https:\/\/stylingagenten.com\/no\/wp-json\/wp\/v2\/media?parent=391568"}],"wp:term":[{"taxonomy":"product_brand","embeddable":true,"href":"https:\/\/stylingagenten.com\/no\/wp-json\/wp\/v2\/product_brand?post=391568"},{"taxonomy":"product_cat","embeddable":true,"href":"https:\/\/stylingagenten.com\/no\/wp-json\/wp\/v2\/product_cat?post=391568"},{"taxonomy":"product_tag","embeddable":true,"href":"https:\/\/stylingagenten.com\/no\/wp-json\/wp\/v2\/product_tag?post=391568"},{"taxonomy":"berocket_brand","embeddable":true,"href":"https:\/\/stylingagenten.com\/no\/wp-json\/wp\/v2\/berocket_brand?post=391568"}],"curies":[{"name":"wp","href":"https:\/\/api.w.org\/{rel}","templated":true}]}}